{"id":768423,"date":"2025-08-28T13:20:05","date_gmt":"2025-08-28T10:20:05","guid":{"rendered":"https:\/\/roveyayinevi.com.tr\/index.php\/urun\/luzumsuz-adam-4\/"},"modified":"2026-04-15T03:34:08","modified_gmt":"2026-04-15T00:34:08","slug":"luzumsuz-adam-4","status":"publish","type":"product","link":"https:\/\/roveyayinevi.com.tr\/index.php\/urun\/luzumsuz-adam-4\/","title":{"rendered":"L\u00fczumsuz Adam"},"content":{"rendered":"<p>Her insandan korkuyorum. Kimdir bu sokaklar\u0131 dolduran adamlar? Bu koca \u015fehir, ne kadar birbirine yabanc\u0131 insanlarla dolu. Sevi\u015femeyecek olduktan sonra neden insanlar b\u00f6yle birbiri i\u00e7ine giren \u015fehirler yapm\u0131\u015flar? Akl\u0131m ermiyor. Birbirini k\u00fc\u00e7\u00fck g\u00f6rmeye, bo\u011fazla\u015fmaya, kand\u0131rmaya m\u0131? Nas\u0131l birbirinden bu kadar ayr\u0131, birbirini bu kadar tan\u0131mayan insanlar bir \u015fehirde ya\u015f\u0131yor?   Sait Faik Abas\u0131yan\u0131k kendine \u00f6zg\u00fc yal\u0131n ve ak\u0131c\u0131 \u00f6yk\u00fclerinde okuru \u015fa\u015f\u0131rtan, insan\u0131 ve do\u011fay\u0131 b\u00fct\u00fcn i\u00e7tenli\u011fiyle anlatmaktan geri durmayan, her \u015feyin merkezine insan sevgisini koyan bir yazar. \u201cK\u00f6k\u00fc kendinden olan\u201d bir yazar olarak Abas\u0131yan\u0131k, cumhuriyet d\u00f6nemi edebiyat\u0131m\u0131zda bir mihenk noktas\u0131 olarak belirirken \u00e7a\u011fda\u015f \u00f6yk\u00fcc\u00fcl\u00fc\u011f\u00fcm\u00fcz\u00fcn de temellerini atar.   Sait Faik Abas\u0131yan\u0131k, \u00f6yk\u00fcc\u00fcl\u00fc\u011f\u00fcm\u00fcz\u00fcn en \u00f6zg\u00fcn ve ayr\u0131ks\u0131 seslerinden\u2026 <\/p>\n","protected":false},"excerpt":{"rendered":"<p>Her insandan korkuyorum. Kimdir bu sokaklar\u0131 dolduran adamlar? Bu koca \u015fehir, ne kadar birbirine yabanc\u0131 insanlarla dolu. Sevi\u015femeyecek olduktan sonra neden insanlar b\u00f6yle birbiri i\u00e7ine giren<span class=\"excerpt-hellip\"> [\u2026]<\/span><\/p>\n","protected":false},"featured_media":0,"template":"","meta":{"_monsterinsights_skip_tracking":false,"_monsterinsights_sitenote_active":false,"_monsterinsights_sitenote_note":"","_monsterinsights_sitenote_category":0},"product_brand":[],"product_cat":[12291,12711],"product_tag":[],"class_list":{"0":"post-768423","1":"product","2":"type-product","3":"status-publish","5":"product_cat-edebiyat","6":"product_cat-roman-oyku","7":"pa_cilt-ciltsiz","8":"pa_tur-kitap","9":"pa_yayinevi-can-yayinlari","10":"pa_yazar-sait-faik-abasiyanik","12":"first","13":"instock","14":"sale","15":"shipping-taxable","16":"purchasable","17":"product-type-simple"},"_links":{"self":[{"href":"https:\/\/roveyayinevi.com.tr\/index.php\/wp-json\/wp\/v2\/product\/768423","targetHints":{"allow":["GET"]}}],"collection":[{"href":"https:\/\/roveyayinevi.com.tr\/index.php\/wp-json\/wp\/v2\/product"}],"about":[{"href":"https:\/\/roveyayinevi.com.tr\/index.php\/wp-json\/wp\/v2\/types\/product"}],"wp:attachment":[{"href":"https:\/\/roveyayinevi.com.tr\/index.php\/wp-json\/wp\/v2\/media?parent=768423"}],"wp:term":[{"taxonomy":"product_brand","embeddable":true,"href":"https:\/\/roveyayinevi.com.tr\/index.php\/wp-json\/wp\/v2\/product_brand?post=768423"},{"taxonomy":"product_cat","embeddable":true,"href":"https:\/\/roveyayinevi.com.tr\/index.php\/wp-json\/wp\/v2\/product_cat?post=768423"},{"taxonomy":"product_tag","embeddable":true,"href":"https:\/\/roveyayinevi.com.tr\/index.php\/wp-json\/wp\/v2\/product_tag?post=768423"}],"curies":[{"name":"wp","href":"https:\/\/api.w.org\/{rel}","templated":true}]}}