{"id":768422,"date":"2025-08-28T13:20:02","date_gmt":"2025-08-28T10:20:02","guid":{"rendered":"https:\/\/roveyayinevi.com.tr\/index.php\/urun\/kayip-araniyor-4\/"},"modified":"2026-04-15T03:34:08","modified_gmt":"2026-04-15T00:34:08","slug":"kayip-araniyor-4","status":"publish","type":"product","link":"https:\/\/roveyayinevi.com.tr\/index.php\/urun\/kayip-araniyor-4\/","title":{"rendered":"Kay\u0131p Aran\u0131yor"},"content":{"rendered":"<p>Yine \u00e7ar\u015famba, yine per\u015fembe, i\u015fte cuma! Cumartesi&#8230; Hele bu ertesiler yok mu ertesiler? Bu ertesiler, o kendilerini bir \u015fey sanan insanlara benzerler. Sanki devam ediyorlar. Sanki bir bayram\u0131, bir oh deyi\u015fi, bir sevi\u015fmeyi, bir sulhu, bir \u00f6zg\u00fcrl\u00fc\u011f\u00fc, bir oyunu, bir a\u015fk\u0131, bir karde\u015fli\u011fi, bir dudak duda\u011fa, bir anla\u015fmay\u0131 devam ettiriyorlar, yalanc\u0131lar! Pazartesi! Y\u00fcr\u00fc ge\u00e7 git! Lalettayin bir mart g\u00fcn\u00fcn\u00fcn lalettayin bir pazartesisi!   \u201cYalans\u0131z, i\u00e7ten ve \u00f6zg\u00fcr\u201d bir d\u00fcnya hayalinin konu edinildi\u011fi Kay\u0131p Aran\u0131yor, eski konsoloslardan Vildan Bey\u2019in k\u0131z\u0131 Nevin ile bal\u0131k\u00e7\u0131 Cemal\u2019in hik\u00e2yesine odaklan\u0131r. Sait Faik Abas\u0131yan\u0131k edebiyat\u0131n\u0131n bir ba\u015fka y\u00fcz\u00fcn\u00fc temsil eden roman, d\u00f6nemin ruhunu, insan ya\u015fam\u0131ndaki ikilemleri ve yazar\u0131n insan sevgisini farkl\u0131 a\u00e7\u0131lardan \u00f6n plana \u00e7\u0131kar\u0131r. Sait Faik Abas\u0131yan\u0131k, edebiyat\u0131m\u0131z\u0131n en \u00f6zg\u00fcn ve ayr\u0131ks\u0131 seslerinden\u2026 <\/p>\n","protected":false},"excerpt":{"rendered":"<p>Yine \u00e7ar\u015famba, yine per\u015fembe, i\u015fte cuma! Cumartesi&#8230; Hele bu ertesiler yok mu ertesiler? Bu ertesiler, o kendilerini bir \u015fey sanan insanlara benzerler. Sanki devam ediyorlar. Sanki<span class=\"excerpt-hellip\"> [\u2026]<\/span><\/p>\n","protected":false},"featured_media":0,"template":"","meta":{"_monsterinsights_skip_tracking":false,"_monsterinsights_sitenote_active":false,"_monsterinsights_sitenote_note":"","_monsterinsights_sitenote_category":0},"product_brand":[],"product_cat":[12291,12711],"product_tag":[],"class_list":{"0":"post-768422","1":"product","2":"type-product","3":"status-publish","5":"product_cat-edebiyat","6":"product_cat-roman-oyku","7":"pa_cilt-ciltsiz","8":"pa_tur-kitap","9":"pa_yayinevi-can-yayinlari","10":"pa_yazar-sait-faik-abasiyanik","12":"first","13":"instock","14":"sale","15":"shipping-taxable","16":"purchasable","17":"product-type-simple"},"_links":{"self":[{"href":"https:\/\/roveyayinevi.com.tr\/index.php\/wp-json\/wp\/v2\/product\/768422","targetHints":{"allow":["GET"]}}],"collection":[{"href":"https:\/\/roveyayinevi.com.tr\/index.php\/wp-json\/wp\/v2\/product"}],"about":[{"href":"https:\/\/roveyayinevi.com.tr\/index.php\/wp-json\/wp\/v2\/types\/product"}],"wp:attachment":[{"href":"https:\/\/roveyayinevi.com.tr\/index.php\/wp-json\/wp\/v2\/media?parent=768422"}],"wp:term":[{"taxonomy":"product_brand","embeddable":true,"href":"https:\/\/roveyayinevi.com.tr\/index.php\/wp-json\/wp\/v2\/product_brand?post=768422"},{"taxonomy":"product_cat","embeddable":true,"href":"https:\/\/roveyayinevi.com.tr\/index.php\/wp-json\/wp\/v2\/product_cat?post=768422"},{"taxonomy":"product_tag","embeddable":true,"href":"https:\/\/roveyayinevi.com.tr\/index.php\/wp-json\/wp\/v2\/product_tag?post=768422"}],"curies":[{"name":"wp","href":"https:\/\/api.w.org\/{rel}","templated":true}]}}