{"id":768418,"date":"2025-08-28T13:19:54","date_gmt":"2025-08-28T10:19:54","guid":{"rendered":"https:\/\/roveyayinevi.com.tr\/index.php\/urun\/gec-antik-cagda-knidos\/"},"modified":"2026-04-15T03:34:08","modified_gmt":"2026-04-15T00:34:08","slug":"gec-antik-cagda-knidos","status":"publish","type":"product","link":"https:\/\/roveyayinevi.com.tr\/index.php\/urun\/gec-antik-cagda-knidos\/","title":{"rendered":"Ge\u00e7 Antik \u00c7a\u011fda Knidos"},"content":{"rendered":"<p>Do\u00e7. Dr. Ferudun \u00d6ZG\u00dcM\u00dc\u015e, \u201cGe\u00e7 Antik \u00c7a\u011fda Knidos\u201d adl\u0131 bu \u00e7al\u0131\u015fmas\u0131nda; Knidos tarihini ve Knidos ara\u015ft\u0131rmalar\u0131n\u0131 anlatt\u0131ktan sonra, Bizans D\u00f6nemine tarihli kilise ve \u015fapelleri ayr\u0131nt\u0131l\u0131 olarak incelemi\u015ftir. Planlar, foto\u011fraflar ve zengin bir kaynak\u00e7a ile desteklenen bu \u00e7al\u0131\u015fma, konuya ilgi duyan herkes i\u00e7in bir ba\u015fvuru kayna\u011f\u0131 niteli\u011findedir.<\/p>\n","protected":false},"excerpt":{"rendered":"<p>Do\u00e7. Dr. Ferudun \u00d6ZG\u00dcM\u00dc\u015e, \u201cGe\u00e7 Antik \u00c7a\u011fda Knidos\u201d adl\u0131 bu \u00e7al\u0131\u015fmas\u0131nda; Knidos tarihini ve Knidos ara\u015ft\u0131rmalar\u0131n\u0131 anlatt\u0131ktan sonra, Bizans D\u00f6nemine tarihli kilise ve \u015fapelleri ayr\u0131nt\u0131l\u0131 olarak<span class=\"excerpt-hellip\"> [\u2026]<\/span><\/p>\n","protected":false},"featured_media":0,"template":"","meta":{"_monsterinsights_skip_tracking":false,"_monsterinsights_sitenote_active":false,"_monsterinsights_sitenote_note":"","_monsterinsights_sitenote_category":0},"product_brand":[],"product_cat":[52477,52478],"product_tag":[],"class_list":{"0":"post-768418","1":"product","2":"type-product","3":"status-publish","5":"product_cat-arastirma","6":"product_cat-arkeoloji","7":"pa_cilt-ciltsiz","8":"pa_tur-kitap","9":"pa_yayinevi-myrina-yayinlari","10":"pa_yazar-ferudun-ozgumus","12":"first","13":"instock","14":"sale","15":"shipping-taxable","16":"purchasable","17":"product-type-simple"},"_links":{"self":[{"href":"https:\/\/roveyayinevi.com.tr\/index.php\/wp-json\/wp\/v2\/product\/768418","targetHints":{"allow":["GET"]}}],"collection":[{"href":"https:\/\/roveyayinevi.com.tr\/index.php\/wp-json\/wp\/v2\/product"}],"about":[{"href":"https:\/\/roveyayinevi.com.tr\/index.php\/wp-json\/wp\/v2\/types\/product"}],"wp:attachment":[{"href":"https:\/\/roveyayinevi.com.tr\/index.php\/wp-json\/wp\/v2\/media?parent=768418"}],"wp:term":[{"taxonomy":"product_brand","embeddable":true,"href":"https:\/\/roveyayinevi.com.tr\/index.php\/wp-json\/wp\/v2\/product_brand?post=768418"},{"taxonomy":"product_cat","embeddable":true,"href":"https:\/\/roveyayinevi.com.tr\/index.php\/wp-json\/wp\/v2\/product_cat?post=768418"},{"taxonomy":"product_tag","embeddable":true,"href":"https:\/\/roveyayinevi.com.tr\/index.php\/wp-json\/wp\/v2\/product_tag?post=768418"}],"curies":[{"name":"wp","href":"https:\/\/api.w.org\/{rel}","templated":true}]}}