{"id":768416,"date":"2025-08-28T13:19:51","date_gmt":"2025-08-28T10:19:51","guid":{"rendered":"https:\/\/roveyayinevi.com.tr\/index.php\/urun\/egitimde-etkili-iletisim-becerileri\/"},"modified":"2026-04-15T03:34:08","modified_gmt":"2026-04-15T00:34:08","slug":"egitimde-etkili-iletisim-becerileri","status":"publish","type":"product","link":"https:\/\/roveyayinevi.com.tr\/index.php\/urun\/egitimde-etkili-iletisim-becerileri\/","title":{"rendered":"E\u011fitimde Etkili \u0130leti\u015fim Becerileri"},"content":{"rendered":"<p>E\u011fitimde Etkili \u0130leti\u015fim Becerileri kitab\u0131, yirmi birinci y\u00fczy\u0131ldaki geli\u015fmeleri de i\u00e7ine alarak ileti\u015fimin tarihini, ileti\u015fimin evrimini ve e\u011fitimdeki rol\u00fcn\u00fc anlamak isteyen ba\u015fta \u00f6\u011fretmenler ve \u00f6\u011fretmen adaylar\u0131 olmak \u00fczere herkese yol g\u00f6stermeyi ama\u00e7lamaktad\u0131r. B\u00fct\u00fcn bunlarla beraber kitab\u0131n, ileti\u015fimin insan\u0131n geli\u015fimindeki \u00f6nemli rol\u00fcn\u00fc anlaman\u0131za ve gelecekteki ileti\u015fim e\u011filimlerini daha iyi de\u011ferlendirmenize yard\u0131mc\u0131 olaca\u011f\u0131n\u0131 umuyoruz. Okudu\u011funuz bu kitapta daha \u00f6nceden okumu\u015f oldu\u011funuz kitaplardan farkl\u0131 olarak \u201c\u00d6ns\u00f6z\u201d yerine \u201cSunu\u015f Mesaj\u0131\u201d ve \u201cSons\u00f6z\u201d yerineyse \u201cBiti\u015f Mesaj\u0131\u201d ba\u015fl\u0131klar\u0131 yaz\u0131lm\u0131\u015ft\u0131r. Bu ifadeler bilin\u00e7li bir \u015fekilde se\u00e7ilmi\u015f olup ileti\u015fimin s\u00fcrekli bir d\u00f6ng\u00fc ve kar\u015f\u0131l\u0131kl\u0131 etkile\u015fimden ibaret oldu\u011fu d\u00fc\u015f\u00fcncesini peki\u015ftirmek i\u00e7in \u00f6nemlidir. \u00c7\u00fcnk\u00fc &#8220;\u00d6ns\u00f6z&#8221; ve &#8220;Sons\u00f6z&#8221; terimleri \u00e7o\u011funlukla tek y\u00f6nl\u00fc bir anlat\u0131m\u0131 veya bir sonlanmay\u0131 \u00e7a\u011fr\u0131\u015ft\u0131rmaktad\u0131r. &#8220;Sunu\u015f Mesaj\u0131&#8221; (okuyucunun ileti\u015fim s\u00fcrecine davet edilmesi) ve &#8220;Biti\u015f Mesaj\u0131&#8221; (kitab\u0131n sonlanmas\u0131 yerine, yeni tart\u0131\u015fmalar ve d\u00fc\u015f\u00fcnceler i\u00e7in bir zemin haz\u0131rlama) terimleriyse bir diyalo\u011fun i\u00e7inde yer alan mesajlar\u0131n s\u00fcrece dahil oldu\u011fu izlenimini vermektedir. Buradaki &#8220;Sunu\u015f Mesaj\u0131&#8221; ve &#8220;Biti\u015f Mesaj\u0131&#8221; terimlerinin kullan\u0131m\u0131 kitap okuyucular\u0131na ileti\u015fimde s\u00fcrd\u00fcr\u00fclebilir bir ba\u011flam sunar ve kitab\u0131n bir ba\u015flang\u0131\u00e7 ve sonlanmadan ziyade s\u00fcreklilik arz eden bir etkile\u015fim arac\u0131 oldu\u011funu vurgulamaktad\u0131r. B\u00f6ylece kitab\u0131 okuyan okuyucular (\u00f6zellikle e\u011fiticiler ve \u00f6\u011frenciler) kitab\u0131n verdi\u011fi bilgiyi al\u0131p kendi d\u00fcnyalar\u0131nda s\u00fcrd\u00fcrebilecek bir ileti\u015fim d\u00f6ng\u00fcs\u00fcn\u00fcn par\u00e7as\u0131 haline getirmeleri ama\u00e7lanm\u0131\u015ft\u0131r.<\/p>\n","protected":false},"excerpt":{"rendered":"<p>E\u011fitimde Etkili \u0130leti\u015fim Becerileri kitab\u0131, yirmi birinci y\u00fczy\u0131ldaki geli\u015fmeleri de i\u00e7ine alarak ileti\u015fimin tarihini, ileti\u015fimin evrimini ve e\u011fitimdeki rol\u00fcn\u00fc anlamak isteyen ba\u015fta \u00f6\u011fretmenler ve \u00f6\u011fretmen adaylar\u0131<span class=\"excerpt-hellip\"> [\u2026]<\/span><\/p>\n","protected":false},"featured_media":0,"template":"","meta":{"_monsterinsights_skip_tracking":false,"_monsterinsights_sitenote_active":false,"_monsterinsights_sitenote_note":"","_monsterinsights_sitenote_category":0},"product_brand":[],"product_cat":[12573,12566],"product_tag":[],"class_list":{"0":"post-768416","1":"product","2":"type-product","3":"status-publish","5":"product_cat-akademik-kitaplar","6":"product_cat-egitim","7":"pa_cilt-ciltsiz","8":"pa_tur-kitap","9":"pa_yayinevi-ani-yayincilik","10":"pa_yazar-kolektif","12":"first","13":"instock","14":"sale","15":"shipping-taxable","16":"purchasable","17":"product-type-simple"},"_links":{"self":[{"href":"https:\/\/roveyayinevi.com.tr\/index.php\/wp-json\/wp\/v2\/product\/768416","targetHints":{"allow":["GET"]}}],"collection":[{"href":"https:\/\/roveyayinevi.com.tr\/index.php\/wp-json\/wp\/v2\/product"}],"about":[{"href":"https:\/\/roveyayinevi.com.tr\/index.php\/wp-json\/wp\/v2\/types\/product"}],"wp:attachment":[{"href":"https:\/\/roveyayinevi.com.tr\/index.php\/wp-json\/wp\/v2\/media?parent=768416"}],"wp:term":[{"taxonomy":"product_brand","embeddable":true,"href":"https:\/\/roveyayinevi.com.tr\/index.php\/wp-json\/wp\/v2\/product_brand?post=768416"},{"taxonomy":"product_cat","embeddable":true,"href":"https:\/\/roveyayinevi.com.tr\/index.php\/wp-json\/wp\/v2\/product_cat?post=768416"},{"taxonomy":"product_tag","embeddable":true,"href":"https:\/\/roveyayinevi.com.tr\/index.php\/wp-json\/wp\/v2\/product_tag?post=768416"}],"curies":[{"name":"wp","href":"https:\/\/api.w.org\/{rel}","templated":true}]}}