{"id":768415,"date":"2025-08-28T13:19:48","date_gmt":"2025-08-28T10:19:48","guid":{"rendered":"https:\/\/roveyayinevi.com.tr\/index.php\/urun\/1974-oglunun-kaleminden-bir-babanin-gunlugu\/"},"modified":"2026-04-15T03:34:08","modified_gmt":"2026-04-15T00:34:08","slug":"1974-oglunun-kaleminden-bir-babanin-gunlugu","status":"publish","type":"product","link":"https:\/\/roveyayinevi.com.tr\/index.php\/urun\/1974-oglunun-kaleminden-bir-babanin-gunlugu\/","title":{"rendered":"1974 O\u011flunun Kaleminden Bir Baban\u0131n G\u00fcnl\u00fc\u011f\u00fc"},"content":{"rendered":"<p>Bir may\u0131s sabah\u0131yd\u0131, yani takvimler 1 May\u0131s 2024&#8217;\u00fc g\u00f6steriyordu. Babam\u0131 \u015fehrin hastanesine g\u00f6t\u00fcrm\u00fc\u015ft\u00fcm, poliklinik kap\u0131lar\u0131na yakla\u015fmadan \u00f6nce g\u00f6z\u00fcme park yerleri \u00e7arpt\u0131: __\u00c7ok mu erken geldik baba!? Diyerek refleks olarak sordum birden ve saate bakt\u0131m, saat tam sekizdi ve park yerlerinin o saatte bile bo\u015f olmas\u0131 imk\u00e2ns\u0131za yak\u0131n bir olas\u0131l\u0131kt\u0131. __Bug\u00fcn 1 May\u0131s evlat! Demesiyle babam\u0131n, kahkahay\u0131 basmam bir olmu\u015ftu. __Neyse baba, biraz gezmi\u015f olduk. Dedim, geceden yay\u0131mlanacak bir kitab\u0131m\u0131 \u00e7al\u0131\u015ft\u0131\u011f\u0131m i\u00e7in uykusuzdum, odama ge\u00e7tim, ne kadar ge\u00e7ti zaman an\u0131msayamad\u0131m ama tam REM uykuma dalarken kap\u0131m t\u0131kland\u0131, babam elinde beyaz bir eczane po\u015feti ile odama girdi, kafam\u0131 kald\u0131r\u0131p tek g\u00f6z\u00fcm kapal\u0131 bir g\u00f6z\u00fcm a\u00e7\u0131k babama bak\u0131yordum.. __Asker an\u0131lar\u0131m\u0131 yazar m\u0131s\u0131n evlat!? \u0130\u00e7imden &#8221;sen askerde ne ya\u015fam\u0131\u015f olabilirsin ki baba?&#8221; Diye kendime sordum ve: __Baba, biraz uyuduktan sonra g\u00f6z atsam? Ve birka\u00e7 saat sonra uyan\u0131r uyanmaz, babam\u0131 k\u0131rd\u0131\u011f\u0131m\u0131 d\u00fc\u015f\u00fcnerek yan\u0131na gittim, sadece nezaketen yazd\u0131klar\u0131na bak\u0131p, &#8221;ben bunlar\u0131 yazamam baba&#8221; diyerek ge\u00e7i\u015ftirmeyi d\u00fc\u015f\u00fcnm\u00fc\u015ft\u00fcm. Ama i\u015fte hayat! G\u00fcnl\u00fckleri okuduk\u00e7a g\u00fcnl\u00fckler beni i\u00e7ine \u00e7ekti ve &#8221;ben bunu yazar\u0131m!&#8221; Dedim ve bu kitap \u015fu an ve gelecekte bizimle. Ger\u00e7ekten duygu dolu sat\u0131rlar, ilgin\u00e7 an\u0131lar, duygular, yani babam diye yazmad\u0131m emin ol, yazmaya de\u011fer oldu\u011fu i\u00e7in yazd\u0131m. \u0130. G\u00f6khan Durmaz (Karanl\u0131k) Aral\u0131k \u2013 2024 <\/p>\n","protected":false},"excerpt":{"rendered":"<p>Bir may\u0131s sabah\u0131yd\u0131, yani takvimler 1 May\u0131s 2024&#8217;\u00fc g\u00f6steriyordu. Babam\u0131 \u015fehrin hastanesine g\u00f6t\u00fcrm\u00fc\u015ft\u00fcm, poliklinik kap\u0131lar\u0131na yakla\u015fmadan \u00f6nce g\u00f6z\u00fcme park yerleri \u00e7arpt\u0131: __\u00c7ok mu erken geldik baba!?<span class=\"excerpt-hellip\"> [\u2026]<\/span><\/p>\n","protected":false},"featured_media":0,"template":"","meta":{"_monsterinsights_skip_tracking":false,"_monsterinsights_sitenote_active":false,"_monsterinsights_sitenote_note":"","_monsterinsights_sitenote_category":0},"product_brand":[],"product_cat":[12777,12291],"product_tag":[],"class_list":{"0":"post-768415","1":"product","2":"type-product","3":"status-publish","5":"product_cat-deneme","6":"product_cat-edebiyat","7":"pa_cilt-ciltsiz","8":"pa_tur-kitap","9":"pa_yayinevi-omca-yayinlari","10":"pa_yazar-i-gokhan-durmaz","12":"first","13":"instock","14":"sale","15":"shipping-taxable","16":"purchasable","17":"product-type-simple"},"_links":{"self":[{"href":"https:\/\/roveyayinevi.com.tr\/index.php\/wp-json\/wp\/v2\/product\/768415","targetHints":{"allow":["GET"]}}],"collection":[{"href":"https:\/\/roveyayinevi.com.tr\/index.php\/wp-json\/wp\/v2\/product"}],"about":[{"href":"https:\/\/roveyayinevi.com.tr\/index.php\/wp-json\/wp\/v2\/types\/product"}],"wp:attachment":[{"href":"https:\/\/roveyayinevi.com.tr\/index.php\/wp-json\/wp\/v2\/media?parent=768415"}],"wp:term":[{"taxonomy":"product_brand","embeddable":true,"href":"https:\/\/roveyayinevi.com.tr\/index.php\/wp-json\/wp\/v2\/product_brand?post=768415"},{"taxonomy":"product_cat","embeddable":true,"href":"https:\/\/roveyayinevi.com.tr\/index.php\/wp-json\/wp\/v2\/product_cat?post=768415"},{"taxonomy":"product_tag","embeddable":true,"href":"https:\/\/roveyayinevi.com.tr\/index.php\/wp-json\/wp\/v2\/product_tag?post=768415"}],"curies":[{"name":"wp","href":"https:\/\/api.w.org\/{rel}","templated":true}]}}