{"id":768412,"date":"2025-08-28T13:19:41","date_gmt":"2025-08-28T10:19:41","guid":{"rendered":"https:\/\/roveyayinevi.com.tr\/index.php\/urun\/bahar-kokusu-2\/"},"modified":"2026-04-05T03:26:01","modified_gmt":"2026-04-05T00:26:01","slug":"bahar-kokusu-2","status":"publish","type":"product","link":"https:\/\/roveyayinevi.com.tr\/index.php\/urun\/bahar-kokusu-2\/","title":{"rendered":"Bahar Kokusu"},"content":{"rendered":"<p>A\u015fk \u00fczerine yaz\u0131lm\u0131\u015f binlerce yaz\u0131 binlerce \u015fiir vard\u0131r. Herkes a\u015fk\u0131 ayn\u0131 \u015fekilde ya\u015farken, farkl\u0131 bi\u00e7imlerde farkl\u0131 c\u00fcmlelerle anlat\u0131r. A\u015fk\u0131 anlaman\u0131n en g\u00fczel yolu a\u015fk\u0131 ya\u015famak de\u011fil midir? A\u015fk, bir k\u00e2\u011f\u0131da, herhangi bir c\u00fcmleye veya kitaba s\u0131\u011fmayacak kadar b\u00fcy\u00fck bir kavram iken, nas\u0131l olurda a\u015f\u0131\u011f\u0131n bir damla g\u00f6z ya\u015f\u0131na gizlenir?   T\u00fcm ac\u0131lar\u0131na, sanc\u0131lar\u0131na ra\u011fmen ne g\u00fczeldir a\u015fk\u0131 ya\u015famak ve sevgiye d\u00f6n\u00fc\u015ft\u00fcrmek. K\u0131rmadan, d\u00f6kmeden, incitmeden sevebilmek ne g\u00fczel \u015feydir. Bir \u00f6m\u00fcr a\u015fkla, sevgiyle ya\u015famak ve ya\u015fatmak dile\u011fiyle&#8230;   &#8220;Kendimi \u00e7ocuk gibi hissetti\u011fim tek yerdi senin yan\u0131n Hi\u00e7 bitmesin, ge\u00e7mesin zaman dedi\u011fim, en i\u00e7ten dualar\u0131m\u0131n i\u00e7inde vard\u0131n Sen, ya\u015fam kayna\u011f\u0131m, zaman i\u00e7indeki an&#8217;d\u0131n Do\u011fumdan \u00f6l\u00fcme yaln\u0131z sen vard\u0131n\u201d<\/p>\n","protected":false},"excerpt":{"rendered":"<p>A\u015fk \u00fczerine yaz\u0131lm\u0131\u015f binlerce yaz\u0131 binlerce \u015fiir vard\u0131r. Herkes a\u015fk\u0131 ayn\u0131 \u015fekilde ya\u015farken, farkl\u0131 bi\u00e7imlerde farkl\u0131 c\u00fcmlelerle anlat\u0131r. A\u015fk\u0131 anlaman\u0131n en g\u00fczel yolu a\u015fk\u0131 ya\u015famak de\u011fil<span class=\"excerpt-hellip\"> [\u2026]<\/span><\/p>\n","protected":false},"featured_media":0,"template":"","meta":{"_monsterinsights_skip_tracking":false,"_monsterinsights_sitenote_active":false,"_monsterinsights_sitenote_note":"","_monsterinsights_sitenote_category":0},"product_brand":[],"product_cat":[12291,12509],"product_tag":[],"class_list":{"0":"post-768412","1":"product","2":"type-product","3":"status-publish","5":"product_cat-edebiyat","6":"product_cat-siir","7":"pa_cilt-ciltsiz","8":"pa_tur-kitap","9":"pa_yayinevi-elpis-yayinlari","10":"pa_yazar-mesut-ozkan","12":"first","13":"instock","14":"sale","15":"shipping-taxable","16":"purchasable","17":"product-type-simple"},"_links":{"self":[{"href":"https:\/\/roveyayinevi.com.tr\/index.php\/wp-json\/wp\/v2\/product\/768412","targetHints":{"allow":["GET"]}}],"collection":[{"href":"https:\/\/roveyayinevi.com.tr\/index.php\/wp-json\/wp\/v2\/product"}],"about":[{"href":"https:\/\/roveyayinevi.com.tr\/index.php\/wp-json\/wp\/v2\/types\/product"}],"wp:attachment":[{"href":"https:\/\/roveyayinevi.com.tr\/index.php\/wp-json\/wp\/v2\/media?parent=768412"}],"wp:term":[{"taxonomy":"product_brand","embeddable":true,"href":"https:\/\/roveyayinevi.com.tr\/index.php\/wp-json\/wp\/v2\/product_brand?post=768412"},{"taxonomy":"product_cat","embeddable":true,"href":"https:\/\/roveyayinevi.com.tr\/index.php\/wp-json\/wp\/v2\/product_cat?post=768412"},{"taxonomy":"product_tag","embeddable":true,"href":"https:\/\/roveyayinevi.com.tr\/index.php\/wp-json\/wp\/v2\/product_tag?post=768412"}],"curies":[{"name":"wp","href":"https:\/\/api.w.org\/{rel}","templated":true}]}}