{"id":768410,"date":"2025-08-28T13:19:36","date_gmt":"2025-08-28T10:19:36","guid":{"rendered":"https:\/\/roveyayinevi.com.tr\/index.php\/urun\/dogu-zelzelesi-arka-odalar\/"},"modified":"2026-04-11T14:37:02","modified_gmt":"2026-04-11T11:37:02","slug":"dogu-zelzelesi-arka-odalar","status":"publish","type":"product","link":"https:\/\/roveyayinevi.com.tr\/index.php\/urun\/dogu-zelzelesi-arka-odalar\/","title":{"rendered":"Do\u011fu Zelzele\u2019si &#8211; Arka Odalar"},"content":{"rendered":"<p>Masal ba\u015flad\u0131. Her \u015fey zihnimden tek tek zelzeleden a\u00e7\u0131lan yer kabuklar\u0131n\u0131n aras\u0131na d\u00fc\u015ferek yok oldu. Tutmaya \u00e7al\u0131\u015fmad\u0131k zira unuttuklar\u0131m\u0131z kalbimize bile yer etmemi\u015f demektir. Ard\u0131ndan gelen zelzeleleri ise art\u00e7\u0131 depremler diye adland\u0131rd\u0131klar\u0131nda bu sadece b\u00fcy\u00fck zelzeleler tekrar bize vurdu\u011funda y\u00fcre\u011fimizin, kaburgalar\u0131m\u0131za son kez \u00e7arpmas\u0131 i\u00e7in bir lanet olarak \u00fczerimize sinmi\u015fti. Bir f\u0131rt\u0131na tenimizi ok\u015famad\u0131, bizi yok etti. Ard\u0131ndan ise di\u011ferleri kan damlayan b\u0131\u00e7aklar\u0131n\u0131 bize do\u011frultunca siyah kelebe\u011fin bir kanad\u0131 y\u0131rt\u0131ld\u0131. Beyaz kelebek u\u00e7tu. B\u00fct\u00fcn kelebekleri tek tek \u00f6l\u00fcm ile kan ak\u0131tt\u0131rd\u0131, sonra b\u0131\u00e7a\u011f\u0131n\u0131 tekrar y\u0131kayarak kanatlar\u0131n\u0131 g\u00f6ky\u00fcz\u00fcn\u00fcn o mavili\u011fine do\u011fru s\u00fcrd\u00fc\u011f\u00fcnde kendine adanan listedeki bir ba\u015fka kurban\u0131 \u00f6l\u00fcm\u00fcn o \u015fefkatli kollar\u0131na indirdi. Bir \u00e7ukur a\u00e7\u0131ld\u0131: \u00d6nce yara izlerimiz ve ger\u00e7ekliklerimiz i\u00e7ine tek tek d\u00f6k\u00fcld\u00fc. Sonra ise bu \u00f6l\u00fcm\u00fcn tatl\u0131 arzusuna yat\u0131r\u0131lan herkes o zelzeleden a\u00e7\u0131lan yar\u0131klardan at\u0131ld\u0131. \u00c7i\u00e7ekler orada de\u011fildi lakin yollar\u0131n\u0131 ayd\u0131nlatmak isterken bir kelebe\u011fin kanad\u0131n\u0131 ate\u015fe verdiler. Bu bizim masal\u0131m\u0131z de\u011fildi. Sadece bize anlatt\u0131\u011f\u0131 yalanlar\u0131n devam\u0131 olarak bize d\u00f6k\u00fclen kelimelerdi. Peki ya bu \u00f6l\u00fcm \u00e7ukuruna d\u00fc\u015fenlerden birisi ise beyaz kelebekken, bir pencere pervaz\u0131ndan al\u0131narak bir ku\u015fun yan\u0131nda \u00f6len siyah kelebe\u011fin kanatlar\u0131ndaki zehri i\u00e7en ku\u015f mu daha fazla ya\u015fard\u0131, yoksa zehri oraya koyanlar m\u0131?<\/p>\n","protected":false},"excerpt":{"rendered":"<p>Masal ba\u015flad\u0131. Her \u015fey zihnimden tek tek zelzeleden a\u00e7\u0131lan yer kabuklar\u0131n\u0131n aras\u0131na d\u00fc\u015ferek yok oldu. Tutmaya \u00e7al\u0131\u015fmad\u0131k zira unuttuklar\u0131m\u0131z kalbimize bile yer etmemi\u015f demektir. Ard\u0131ndan gelen<span class=\"excerpt-hellip\"> [\u2026]<\/span><\/p>\n","protected":false},"featured_media":0,"template":"","meta":{"_monsterinsights_skip_tracking":false,"_monsterinsights_sitenote_active":false,"_monsterinsights_sitenote_note":"","_monsterinsights_sitenote_category":0},"product_brand":[],"product_cat":[12291,12711],"product_tag":[],"class_list":{"0":"post-768410","1":"product","2":"type-product","3":"status-publish","5":"product_cat-edebiyat","6":"product_cat-roman-oyku","7":"pa_cilt-ciltsiz","8":"pa_tur-kitap","9":"pa_yayinevi-elpis-yayinlari","10":"pa_yazar-ece-koc","12":"first","13":"instock","14":"sale","15":"shipping-taxable","16":"purchasable","17":"product-type-simple"},"_links":{"self":[{"href":"https:\/\/roveyayinevi.com.tr\/index.php\/wp-json\/wp\/v2\/product\/768410","targetHints":{"allow":["GET"]}}],"collection":[{"href":"https:\/\/roveyayinevi.com.tr\/index.php\/wp-json\/wp\/v2\/product"}],"about":[{"href":"https:\/\/roveyayinevi.com.tr\/index.php\/wp-json\/wp\/v2\/types\/product"}],"wp:attachment":[{"href":"https:\/\/roveyayinevi.com.tr\/index.php\/wp-json\/wp\/v2\/media?parent=768410"}],"wp:term":[{"taxonomy":"product_brand","embeddable":true,"href":"https:\/\/roveyayinevi.com.tr\/index.php\/wp-json\/wp\/v2\/product_brand?post=768410"},{"taxonomy":"product_cat","embeddable":true,"href":"https:\/\/roveyayinevi.com.tr\/index.php\/wp-json\/wp\/v2\/product_cat?post=768410"},{"taxonomy":"product_tag","embeddable":true,"href":"https:\/\/roveyayinevi.com.tr\/index.php\/wp-json\/wp\/v2\/product_tag?post=768410"}],"curies":[{"name":"wp","href":"https:\/\/api.w.org\/{rel}","templated":true}]}}