{"id":768408,"date":"2025-08-28T13:19:32","date_gmt":"2025-08-28T10:19:32","guid":{"rendered":"https:\/\/roveyayinevi.com.tr\/index.php\/urun\/hikayeni-yaz-ve-yasa\/"},"modified":"2026-04-15T03:34:08","modified_gmt":"2026-04-15T00:34:08","slug":"hikayeni-yaz-ve-yasa","status":"publish","type":"product","link":"https:\/\/roveyayinevi.com.tr\/index.php\/urun\/hikayeni-yaz-ve-yasa\/","title":{"rendered":"Hikayeni Yaz ve Ya\u015fa"},"content":{"rendered":"<p>Yaz\u0131lar\u0131mla hayat bulmu\u015ftu benli\u011fim, Sende seni bulur iyili\u011fim. Bir sen vard\u0131n aynadaki kendim, Bir sen yoktun korkular\u0131ma ortak olacak endi\u015felerim. Nedir bu hayat\u0131n ac\u0131mas\u0131zl\u0131\u011f\u0131? Nedir bu hayat\u0131n vicdans\u0131zl\u0131\u011f\u0131? Y\u00fcr\u00fcd\u00fc\u011f\u00fcm yollarda g\u00f6lgemle konu\u015furdum, \u0130lerleyen ger\u00e7eklerin yanda\u015f\u0131 olurdum Bu hik\u00e2yede. <\/p>\n","protected":false},"excerpt":{"rendered":"<p>Yaz\u0131lar\u0131mla hayat bulmu\u015ftu benli\u011fim, Sende seni bulur iyili\u011fim. Bir sen vard\u0131n aynadaki kendim, Bir sen yoktun korkular\u0131ma ortak olacak endi\u015felerim. Nedir bu hayat\u0131n ac\u0131mas\u0131zl\u0131\u011f\u0131? Nedir bu<span class=\"excerpt-hellip\"> [\u2026]<\/span><\/p>\n","protected":false},"featured_media":0,"template":"","meta":{"_monsterinsights_skip_tracking":false,"_monsterinsights_sitenote_active":false,"_monsterinsights_sitenote_note":"","_monsterinsights_sitenote_category":0},"product_brand":[],"product_cat":[12291,12509],"product_tag":[],"class_list":{"0":"post-768408","1":"product","2":"type-product","3":"status-publish","5":"product_cat-edebiyat","6":"product_cat-siir","7":"pa_cilt-ciltsiz","8":"pa_tur-kitap","9":"pa_yayinevi-elpis-yayinlari","10":"pa_yazar-berkay-zerman","12":"first","13":"instock","14":"sale","15":"shipping-taxable","16":"purchasable","17":"product-type-simple"},"_links":{"self":[{"href":"https:\/\/roveyayinevi.com.tr\/index.php\/wp-json\/wp\/v2\/product\/768408","targetHints":{"allow":["GET"]}}],"collection":[{"href":"https:\/\/roveyayinevi.com.tr\/index.php\/wp-json\/wp\/v2\/product"}],"about":[{"href":"https:\/\/roveyayinevi.com.tr\/index.php\/wp-json\/wp\/v2\/types\/product"}],"wp:attachment":[{"href":"https:\/\/roveyayinevi.com.tr\/index.php\/wp-json\/wp\/v2\/media?parent=768408"}],"wp:term":[{"taxonomy":"product_brand","embeddable":true,"href":"https:\/\/roveyayinevi.com.tr\/index.php\/wp-json\/wp\/v2\/product_brand?post=768408"},{"taxonomy":"product_cat","embeddable":true,"href":"https:\/\/roveyayinevi.com.tr\/index.php\/wp-json\/wp\/v2\/product_cat?post=768408"},{"taxonomy":"product_tag","embeddable":true,"href":"https:\/\/roveyayinevi.com.tr\/index.php\/wp-json\/wp\/v2\/product_tag?post=768408"}],"curies":[{"name":"wp","href":"https:\/\/api.w.org\/{rel}","templated":true}]}}