{"id":768404,"date":"2025-08-28T13:19:24","date_gmt":"2025-08-28T10:19:24","guid":{"rendered":"https:\/\/roveyayinevi.com.tr\/index.php\/urun\/evrenin-ilahi-sistemi\/"},"modified":"2026-04-03T03:25:18","modified_gmt":"2026-04-03T00:25:18","slug":"evrenin-ilahi-sistemi","status":"publish","type":"product","link":"https:\/\/roveyayinevi.com.tr\/index.php\/urun\/evrenin-ilahi-sistemi\/","title":{"rendered":"Evrenin \u0130lahi Sistemi"},"content":{"rendered":"<p>Yeni \u00c7a\u011f\u2019\u0131n bilinciyle kendi mucizenizi yarat\u0131n.     Evrenin \u0130lahi Sistemi, insano\u011flunun eksikliklerini tamamlayarak kendi g\u00fcc\u00fcn\u00fc ve potansiyelini ke\u015ffedebilmesi ad\u0131na, hakikatin kap\u0131lar\u0131n\u0131 aralayarak evrensel yasalar\u0131n nas\u0131l i\u015fledi\u011fini anlayabilmesi i\u00e7in benzersiz bir rehber niteli\u011finde.   Hak nedir?   Dengeye nas\u0131l ula\u015f\u0131l\u0131r?   \u0130san kendi mucizesini nas\u0131l yarat\u0131r?   Bu sorulara yan\u0131t bulurken, i\u00e7d\u00fcnyan\u0131z\u0131 derinlemesine ke\u015ffedecek ve ya\u015fam\u0131n\u0131za yepyeni bir anlam katacaks\u0131n\u0131z. Her birey kendi \u00f6z\u00fcnde \u00f6zel ve g\u00fc\u00e7l\u00fcd\u00fcr. \u00d6nemli olan, i\u00e7imizdeki eksiklikleri tamamlayarak bu g\u00fcc\u00fc ortaya \u00e7\u0131karmakt\u0131r. Evrenin \u0130lahi Sistemi ile bu yolculu\u011fa \u00e7\u0131kmaya haz\u0131r olun. <\/p>\n","protected":false},"excerpt":{"rendered":"<p>Yeni \u00c7a\u011f\u2019\u0131n bilinciyle kendi mucizenizi yarat\u0131n. Evrenin \u0130lahi Sistemi, insano\u011flunun eksikliklerini tamamlayarak kendi g\u00fcc\u00fcn\u00fc ve potansiyelini ke\u015ffedebilmesi ad\u0131na, hakikatin kap\u0131lar\u0131n\u0131 aralayarak evrensel yasalar\u0131n nas\u0131l i\u015fledi\u011fini anlayabilmesi<span class=\"excerpt-hellip\"> [\u2026]<\/span><\/p>\n","protected":false},"featured_media":0,"template":"","meta":{"_monsterinsights_skip_tracking":false,"_monsterinsights_sitenote_active":false,"_monsterinsights_sitenote_note":"","_monsterinsights_sitenote_category":0},"product_brand":[],"product_cat":[12364,12376],"product_tag":[],"class_list":{"0":"post-768404","1":"product","2":"type-product","3":"status-publish","5":"product_cat-genel-konular","6":"product_cat-kisisel-gelisim","7":"pa_cilt-ciltsiz","8":"pa_tur-kitap","9":"pa_yayinevi-destek-yayinlari","10":"pa_yazar-ozden-yilmaz","12":"first","13":"instock","14":"sale","15":"shipping-taxable","16":"purchasable","17":"product-type-simple"},"_links":{"self":[{"href":"https:\/\/roveyayinevi.com.tr\/index.php\/wp-json\/wp\/v2\/product\/768404","targetHints":{"allow":["GET"]}}],"collection":[{"href":"https:\/\/roveyayinevi.com.tr\/index.php\/wp-json\/wp\/v2\/product"}],"about":[{"href":"https:\/\/roveyayinevi.com.tr\/index.php\/wp-json\/wp\/v2\/types\/product"}],"wp:attachment":[{"href":"https:\/\/roveyayinevi.com.tr\/index.php\/wp-json\/wp\/v2\/media?parent=768404"}],"wp:term":[{"taxonomy":"product_brand","embeddable":true,"href":"https:\/\/roveyayinevi.com.tr\/index.php\/wp-json\/wp\/v2\/product_brand?post=768404"},{"taxonomy":"product_cat","embeddable":true,"href":"https:\/\/roveyayinevi.com.tr\/index.php\/wp-json\/wp\/v2\/product_cat?post=768404"},{"taxonomy":"product_tag","embeddable":true,"href":"https:\/\/roveyayinevi.com.tr\/index.php\/wp-json\/wp\/v2\/product_tag?post=768404"}],"curies":[{"name":"wp","href":"https:\/\/api.w.org\/{rel}","templated":true}]}}