{"id":768400,"date":"2025-08-28T13:19:16","date_gmt":"2025-08-28T10:19:16","guid":{"rendered":"https:\/\/roveyayinevi.com.tr\/index.php\/urun\/calismanin-mutlulugu-ve-sikintisi-2\/"},"modified":"2026-04-15T03:34:08","modified_gmt":"2026-04-15T00:34:08","slug":"calismanin-mutlulugu-ve-sikintisi-2","status":"publish","type":"product","link":"https:\/\/roveyayinevi.com.tr\/index.php\/urun\/calismanin-mutlulugu-ve-sikintisi-2\/","title":{"rendered":"\u00c7al\u0131\u015fman\u0131n Mutlulu\u011fu ve S\u0131k\u0131nt\u0131s\u0131"},"content":{"rendered":"<p>Alain de Botton, \u00c7al\u0131\u015fman\u0131n Mutlulu\u011fu ve S\u0131k\u0131nt\u0131s\u0131\u2019nda yeni d\u00fcnyan\u0131n \u00e7arklar\u0131n\u0131 d\u00f6nd\u00fcrmek i\u00e7in s\u0131radan insanlar\u0131n gece g\u00fcnd\u00fcz nas\u0131l \u00e7al\u0131\u015ft\u0131\u011f\u0131n\u0131, zek\u00e2 p\u0131r\u0131lt\u0131lar\u0131yla bezeli g\u00f6zlemleriyle dile d\u00f6k\u00fcyor: \u0130\u015fini tutkuyla yapanlar\u0131, her g\u00fcn ayaklar\u0131 geri geri giderek i\u015f i\u00e7in yollara d\u00fc\u015fenleri ve baz\u0131 i\u015flerin ne kadar derin bir sab\u0131r, di\u011ferlerinin ise ne denli h\u0131z ve otomasyon gerektirdi\u011fini ziyaret etti\u011fi fabrikalar, limanlar, pe\u015fine tak\u0131ld\u0131\u011f\u0131 ressamlar, bal\u0131k\u00e7\u0131lar, kariyer dan\u0131\u015fmanlar\u0131 ve yorulmadan gezdi\u011fi fuarlar vas\u0131tas\u0131yla anlat\u0131yor. Alain de Botton \u00e7al\u0131\u015fma hakk\u0131nda ak\u0131lc\u0131 ve derinlikli d\u00fc\u015f\u00fcnmeye hali kalmayan \u00e7al\u0131\u015fanlar\u0131n yapamad\u0131\u011f\u0131n\u0131 yaparak modern insan\u0131n \u201canlaml\u0131 ve keyifli bir \u00f6m\u00fcr\u201d tan\u0131m\u0131ndaki olmazsa olmaz \u015feyi, zaman\u0131n\u0131n ve enerjisinin b\u00fcy\u00fck k\u0131sm\u0131n\u0131 vakfetti\u011fi \u00e7al\u0131\u015fma hayat\u0131n\u0131 mercek alt\u0131na al\u0131yor. \u00dcnl\u00fc belgesel foto\u011fraf\u00e7\u0131s\u0131 Richard Baker ise, kitap i\u00e7in \u00f6zel olarak \u00e7ekti\u011fi karelerle yazara e\u015flik ediyor.   \u201cAlain de Botton\u2019un sordu\u011fu sorular hem \u00e7ok \u00f6nemli hem de bir o kadar sars\u0131c\u0131.\u201d Financial Times   \u201cDokunakl\u0131 portreler, ilgin\u00e7 detaylar ve ak\u0131l dolu yorumlarla dolu\u2026 De Botton\u2019u okumak her zaman \u00e7ok keyifli.\u201d The Guardian (London) <\/p>\n","protected":false},"excerpt":{"rendered":"<p>Alain de Botton, \u00c7al\u0131\u015fman\u0131n Mutlulu\u011fu ve S\u0131k\u0131nt\u0131s\u0131\u2019nda yeni d\u00fcnyan\u0131n \u00e7arklar\u0131n\u0131 d\u00f6nd\u00fcrmek i\u00e7in s\u0131radan insanlar\u0131n gece g\u00fcnd\u00fcz nas\u0131l \u00e7al\u0131\u015ft\u0131\u011f\u0131n\u0131, zek\u00e2 p\u0131r\u0131lt\u0131lar\u0131yla bezeli g\u00f6zlemleriyle dile d\u00f6k\u00fcyor: \u0130\u015fini tutkuyla<span class=\"excerpt-hellip\"> [\u2026]<\/span><\/p>\n","protected":false},"featured_media":0,"template":"","meta":{"_monsterinsights_skip_tracking":false,"_monsterinsights_sitenote_active":false,"_monsterinsights_sitenote_note":"","_monsterinsights_sitenote_category":0},"product_brand":[],"product_cat":[12777,12291],"product_tag":[],"class_list":{"0":"post-768400","1":"product","2":"type-product","3":"status-publish","5":"product_cat-deneme","6":"product_cat-edebiyat","7":"pa_cilt-ciltsiz","8":"pa_tur-kitap","9":"pa_yayinevi-everest-yayinlari","10":"pa_yazar-alain-de-botton","12":"first","13":"instock","14":"sale","15":"shipping-taxable","16":"purchasable","17":"product-type-simple"},"_links":{"self":[{"href":"https:\/\/roveyayinevi.com.tr\/index.php\/wp-json\/wp\/v2\/product\/768400","targetHints":{"allow":["GET"]}}],"collection":[{"href":"https:\/\/roveyayinevi.com.tr\/index.php\/wp-json\/wp\/v2\/product"}],"about":[{"href":"https:\/\/roveyayinevi.com.tr\/index.php\/wp-json\/wp\/v2\/types\/product"}],"wp:attachment":[{"href":"https:\/\/roveyayinevi.com.tr\/index.php\/wp-json\/wp\/v2\/media?parent=768400"}],"wp:term":[{"taxonomy":"product_brand","embeddable":true,"href":"https:\/\/roveyayinevi.com.tr\/index.php\/wp-json\/wp\/v2\/product_brand?post=768400"},{"taxonomy":"product_cat","embeddable":true,"href":"https:\/\/roveyayinevi.com.tr\/index.php\/wp-json\/wp\/v2\/product_cat?post=768400"},{"taxonomy":"product_tag","embeddable":true,"href":"https:\/\/roveyayinevi.com.tr\/index.php\/wp-json\/wp\/v2\/product_tag?post=768400"}],"curies":[{"name":"wp","href":"https:\/\/api.w.org\/{rel}","templated":true}]}}