{"id":768399,"date":"2025-08-28T13:19:14","date_gmt":"2025-08-28T10:19:14","guid":{"rendered":"https:\/\/roveyayinevi.com.tr\/index.php\/urun\/kadin-kahramanin-yolculugu-calisma-kitabi\/"},"modified":"2026-04-11T03:32:25","modified_gmt":"2026-04-11T00:32:25","slug":"kadin-kahramanin-yolculugu-calisma-kitabi","status":"publish","type":"product","link":"https:\/\/roveyayinevi.com.tr\/index.php\/urun\/kadin-kahramanin-yolculugu-calisma-kitabi\/","title":{"rendered":"Kad\u0131n Kahraman\u0131n Yolculu\u011fu \u2013 \u00c7al\u0131\u015fma Kitab\u0131"},"content":{"rendered":"<p>Kad\u0131n kahraman olmak, cesaretle kendi hik\u00e2yeni yazmakt\u0131r!    \u00b7         Kad\u0131n kahraman olmak ne demektir?   \u00b7         Kendi i\u00e7sel yolculu\u011funuzu tamamlayarak hayat\u0131n\u0131zda ger\u00e7ek bir b\u00fct\u00fcnl\u00fck hissine ula\u015fabilir misiniz? Maureen Murdock, modern klasik eseri Kad\u0131n Kahraman\u0131n Yolculu\u011fu \u00c7al\u0131\u015fma Kitab\u0131 ile sizi ruhsal ve psikolojik bir ke\u015ffe davet ediyor. Kad\u0131ns\u0131 de\u011ferlerin erkeksi standartlarla \u015fekillendirildi\u011fi bir d\u00fcnyada, kendi do\u011fan\u0131z\u0131n t\u00fcm par\u00e7alar\u0131n\u0131 bir araya getirerek \u00f6z benli\u011finize ula\u015fman\u0131n yollar\u0131n\u0131 sunuyor. Murdock\u2019\u0131n, y\u0131llard\u0131r her ya\u015ftan kad\u0131nla yapt\u0131\u011f\u0131 at\u00f6lye \u00e7al\u0131\u015fmalar\u0131ndan esinlenerek haz\u0131rlad\u0131\u011f\u0131 bu e\u015fsiz rehber, bireysel ya da grup halinde uygulanabilecek al\u0131\u015ft\u0131rmalar ve sorular i\u00e7eriyor. Her b\u00f6l\u00fcmde sizi bekleyen derin \u00f6z ke\u015fif, ya\u015fam\u0131n\u0131zdaki aray\u0131\u015flara yeni bir netlik kazand\u0131racak. Bu yolculuk hem i\u00e7sel d\u00f6n\u00fc\u015f\u00fcm hem de d\u00fcnyadaki dengeyi koruma ve fark\u0131ndal\u0131k geli\u015ftirme yolunda cesaret dolu bir ad\u0131m. \u015eimdi kendi hik\u00e2yenizi yazman\u0131n zaman\u0131! <\/p>\n","protected":false},"excerpt":{"rendered":"<p>Kad\u0131n kahraman olmak, cesaretle kendi hik\u00e2yeni yazmakt\u0131r! \u00b7 Kad\u0131n kahraman olmak ne demektir? \u00b7 Kendi i\u00e7sel yolculu\u011funuzu tamamlayarak hayat\u0131n\u0131zda ger\u00e7ek bir b\u00fct\u00fcnl\u00fck hissine ula\u015fabilir misiniz? Maureen<span class=\"excerpt-hellip\"> [\u2026]<\/span><\/p>\n","protected":false},"featured_media":0,"template":"","meta":{"_monsterinsights_skip_tracking":false,"_monsterinsights_sitenote_active":false,"_monsterinsights_sitenote_note":"","_monsterinsights_sitenote_category":0},"product_brand":[],"product_cat":[12364,12376],"product_tag":[],"class_list":{"0":"post-768399","1":"product","2":"type-product","3":"status-publish","5":"product_cat-genel-konular","6":"product_cat-kisisel-gelisim","7":"pa_cilt-ciltsiz","8":"pa_tur-kitap","9":"pa_yayinevi-beyaz-baykus-yayinlari","10":"pa_yazar-maureen-murdock","12":"first","13":"instock","14":"sale","15":"shipping-taxable","16":"purchasable","17":"product-type-simple"},"_links":{"self":[{"href":"https:\/\/roveyayinevi.com.tr\/index.php\/wp-json\/wp\/v2\/product\/768399","targetHints":{"allow":["GET"]}}],"collection":[{"href":"https:\/\/roveyayinevi.com.tr\/index.php\/wp-json\/wp\/v2\/product"}],"about":[{"href":"https:\/\/roveyayinevi.com.tr\/index.php\/wp-json\/wp\/v2\/types\/product"}],"wp:attachment":[{"href":"https:\/\/roveyayinevi.com.tr\/index.php\/wp-json\/wp\/v2\/media?parent=768399"}],"wp:term":[{"taxonomy":"product_brand","embeddable":true,"href":"https:\/\/roveyayinevi.com.tr\/index.php\/wp-json\/wp\/v2\/product_brand?post=768399"},{"taxonomy":"product_cat","embeddable":true,"href":"https:\/\/roveyayinevi.com.tr\/index.php\/wp-json\/wp\/v2\/product_cat?post=768399"},{"taxonomy":"product_tag","embeddable":true,"href":"https:\/\/roveyayinevi.com.tr\/index.php\/wp-json\/wp\/v2\/product_tag?post=768399"}],"curies":[{"name":"wp","href":"https:\/\/api.w.org\/{rel}","templated":true}]}}