{"id":768396,"date":"2025-08-28T13:19:08","date_gmt":"2025-08-28T10:19:08","guid":{"rendered":"https:\/\/roveyayinevi.com.tr\/index.php\/urun\/lookism-1\/"},"modified":"2026-04-15T03:34:08","modified_gmt":"2026-04-15T00:34:08","slug":"lookism-1","status":"publish","type":"product","link":"https:\/\/roveyayinevi.com.tr\/index.php\/urun\/lookism-1\/","title":{"rendered":"Lookism 1"},"content":{"rendered":"<p>\u201cBU UYUYAN BEN DE\u011e\u0130L M\u0130Y\u0130M?\u201d   12 SAATTE B\u0130R DE\u011e\u0130\u015eEN HAYATIN H\u0130K\u00c2YES\u0130!    KARI\u015eIK B\u0130R OKUL HAYATI&#8230;   HAYATINI SIFIRLAMAK \u0130STEYEN B\u0130R ANA KARAKTER&#8230;   HYUNG SEOK, G\u00d6ZLER\u0130N\u0130 A\u00c7TI\u011eINDA YEN\u0130 B\u0130R BEDEN VE   Y\u00dcZE SAH\u0130P OLDU\u011eUNU FARK EDER!   HYUNG SEOK\u2019UN 12 SAATTE B\u0130R DE\u011e\u0130\u015eEN,   \u00c7\u0130RK\u0130N VE YAKI\u015eIKLI BEDENLER ARASINDA G\u0130D\u0130P   GELEN \u015eA\u015eIRTICI OKUL HAYATI! <\/p>\n","protected":false},"excerpt":{"rendered":"<p>\u201cBU UYUYAN BEN DE\u011e\u0130L M\u0130Y\u0130M?\u201d 12 SAATTE B\u0130R DE\u011e\u0130\u015eEN HAYATIN H\u0130K\u00c2YES\u0130! KARI\u015eIK B\u0130R OKUL HAYATI&#8230; HAYATINI SIFIRLAMAK \u0130STEYEN B\u0130R ANA KARAKTER&#8230; HYUNG SEOK, G\u00d6ZLER\u0130N\u0130 A\u00c7TI\u011eINDA YEN\u0130<span class=\"excerpt-hellip\"> [\u2026]<\/span><\/p>\n","protected":false},"featured_media":0,"template":"","meta":{"_monsterinsights_skip_tracking":false,"_monsterinsights_sitenote_active":false,"_monsterinsights_sitenote_note":"","_monsterinsights_sitenote_category":0},"product_brand":[],"product_cat":[12416,12291],"product_tag":[],"class_list":{"0":"post-768396","1":"product","2":"type-product","3":"status-publish","5":"product_cat-cizgi-roman","6":"product_cat-edebiyat","7":"pa_cilt-ciltsiz","8":"pa_tur-kitap","9":"pa_yayinevi-athica-yayinlari","10":"pa_yazar-park-tae-jun","12":"first","13":"instock","14":"sale","15":"shipping-taxable","16":"purchasable","17":"product-type-simple"},"_links":{"self":[{"href":"https:\/\/roveyayinevi.com.tr\/index.php\/wp-json\/wp\/v2\/product\/768396","targetHints":{"allow":["GET"]}}],"collection":[{"href":"https:\/\/roveyayinevi.com.tr\/index.php\/wp-json\/wp\/v2\/product"}],"about":[{"href":"https:\/\/roveyayinevi.com.tr\/index.php\/wp-json\/wp\/v2\/types\/product"}],"wp:attachment":[{"href":"https:\/\/roveyayinevi.com.tr\/index.php\/wp-json\/wp\/v2\/media?parent=768396"}],"wp:term":[{"taxonomy":"product_brand","embeddable":true,"href":"https:\/\/roveyayinevi.com.tr\/index.php\/wp-json\/wp\/v2\/product_brand?post=768396"},{"taxonomy":"product_cat","embeddable":true,"href":"https:\/\/roveyayinevi.com.tr\/index.php\/wp-json\/wp\/v2\/product_cat?post=768396"},{"taxonomy":"product_tag","embeddable":true,"href":"https:\/\/roveyayinevi.com.tr\/index.php\/wp-json\/wp\/v2\/product_tag?post=768396"}],"curies":[{"name":"wp","href":"https:\/\/api.w.org\/{rel}","templated":true}]}}