{"id":768395,"date":"2025-08-28T13:19:05","date_gmt":"2025-08-28T10:19:05","guid":{"rendered":"https:\/\/roveyayinevi.com.tr\/index.php\/urun\/en-guzel-dunlerim\/"},"modified":"2026-04-15T03:34:08","modified_gmt":"2026-04-15T00:34:08","slug":"en-guzel-dunlerim","status":"publish","type":"product","link":"https:\/\/roveyayinevi.com.tr\/index.php\/urun\/en-guzel-dunlerim\/","title":{"rendered":"En G\u00fczel D\u00fcnlerim"},"content":{"rendered":"<p>Sevda hem teslim olmak hem de teslim almakt\u0131r&#8230;   Ne teslim ald\u0131\u011f\u0131n\u0131 inciteceksin ne de incinece\u011fin ele teslim olacaks\u0131n. \u00c7\u00fcnk\u00fc ger\u00e7ek sevgilerin iyile\u015ftirmek gibi bir meziyeti var. Bir ta\u015f\u0131 bile kalpten seversen filiz verir, en verimli topraklar\u0131 bile nefret \u00e7\u00f6le \u00e7evirir. Bu y\u00fczden o muhte\u015fem duygular do\u011fru insanlara verilmeli arkada\u015f\u0131m. Yeri geliyor sevgi bile israf ediliyor. En g\u00fczel zamanlar\u0131n bir \u015feylerin yoklu\u011funa al\u0131\u015fmaya \u00e7al\u0131\u015fmakla ge\u00e7iveriyor. Mutluluktan zaman\u0131n durmas\u0131n\u0131 istemen gerekirken her \u015feyin son bulmas\u0131 i\u00e7in zaman\u0131n h\u0131zl\u0131ca ge\u00e7mesini diliyorsun.   Birbirine iyi gelmeyen insanlar birbirine eziyet olur.   Bu y\u00fczden y\u00fcre\u011fine deva olana \u00f6mr\u00fcn\u00fc feda etmeli insan.   \u00c7\u00fcnk\u00fc ehlinin eline ge\u00e7meyen her \u015fey d\u00fc\u015fman\u0131n eline ge\u00e7mi\u015f gibidir.   Ya talan edilir ya da ziyan&#8230;   <\/p>\n","protected":false},"excerpt":{"rendered":"<p>Sevda hem teslim olmak hem de teslim almakt\u0131r&#8230; Ne teslim ald\u0131\u011f\u0131n\u0131 inciteceksin ne de incinece\u011fin ele teslim olacaks\u0131n. \u00c7\u00fcnk\u00fc ger\u00e7ek sevgilerin iyile\u015ftirmek gibi bir meziyeti var.<span class=\"excerpt-hellip\"> [\u2026]<\/span><\/p>\n","protected":false},"featured_media":0,"template":"","meta":{"_monsterinsights_skip_tracking":false,"_monsterinsights_sitenote_active":false,"_monsterinsights_sitenote_note":"","_monsterinsights_sitenote_category":0},"product_brand":[],"product_cat":[12291,12711],"product_tag":[],"class_list":{"0":"post-768395","1":"product","2":"type-product","3":"status-publish","5":"product_cat-edebiyat","6":"product_cat-roman-oyku","7":"pa_cilt-ciltsiz","8":"pa_tur-kitap","9":"pa_yayinevi-destek-yayinlari","10":"pa_yazar-ezgin-kilic","12":"first","13":"instock","14":"sale","15":"shipping-taxable","16":"purchasable","17":"product-type-simple"},"_links":{"self":[{"href":"https:\/\/roveyayinevi.com.tr\/index.php\/wp-json\/wp\/v2\/product\/768395","targetHints":{"allow":["GET"]}}],"collection":[{"href":"https:\/\/roveyayinevi.com.tr\/index.php\/wp-json\/wp\/v2\/product"}],"about":[{"href":"https:\/\/roveyayinevi.com.tr\/index.php\/wp-json\/wp\/v2\/types\/product"}],"wp:attachment":[{"href":"https:\/\/roveyayinevi.com.tr\/index.php\/wp-json\/wp\/v2\/media?parent=768395"}],"wp:term":[{"taxonomy":"product_brand","embeddable":true,"href":"https:\/\/roveyayinevi.com.tr\/index.php\/wp-json\/wp\/v2\/product_brand?post=768395"},{"taxonomy":"product_cat","embeddable":true,"href":"https:\/\/roveyayinevi.com.tr\/index.php\/wp-json\/wp\/v2\/product_cat?post=768395"},{"taxonomy":"product_tag","embeddable":true,"href":"https:\/\/roveyayinevi.com.tr\/index.php\/wp-json\/wp\/v2\/product_tag?post=768395"}],"curies":[{"name":"wp","href":"https:\/\/api.w.org\/{rel}","templated":true}]}}