{"id":768391,"date":"2025-08-28T13:18:56","date_gmt":"2025-08-28T10:18:56","guid":{"rendered":"https:\/\/roveyayinevi.com.tr\/index.php\/urun\/guven-4\/"},"modified":"2026-04-15T03:34:07","modified_gmt":"2026-04-15T00:34:07","slug":"guven-4","status":"publish","type":"product","link":"https:\/\/roveyayinevi.com.tr\/index.php\/urun\/guven-4\/","title":{"rendered":"G\u00fcven"},"content":{"rendered":"<p>\u0130lk roman\u0131 Uzaklarda ile finale kald\u0131\u011f\u0131 Pulitzer Kurgu \u00d6du\u0308lu\u0308\u2019nu\u0308 ikinci roman\u0131 Gu\u0308ven\u2019le kazanan Hernan Diaz, \u00e7a\u011fda\u015f Amerikan edebiyat\u0131n\u0131n son d\u00f6nemde parlayan en \u00f6zel y\u0131ld\u0131zlar\u0131ndan biri. 2022\u2019de ayn\u0131 zamanda kurgu alan\u0131nda Kirkus \u00d6du\u0308lu\u0308\u2019ne lay\u0131k g\u00f6ru\u0308len Gu\u0308ven, Booker adaylar\u0131ndan biriydi ve Washington Post\u2019tan New York Times\u2019a pek \u00e7ok yay\u0131n taraf\u0131ndan y\u0131l\u0131n en iyi kitaplar\u0131ndan biri olarak g\u00f6sterildi.Amerikan sermayesinin u\u0308nlu\u0308 ailelerinden birinin eksantrik o\u011flu, New York Borsas\u0131\u2019n\u0131n en g\u00f6zde yat\u0131r\u0131mc\u0131s\u0131 h\u00e2line geldi\u011fi para imparatorlu\u011funda, sadece menkul k\u0131ymetlerin de\u011fil tu\u0308m du\u0308nyan\u0131n kaderini de\u011fi\u015ftirecek geli\u015fmelerin de mimar\u0131 olur: Bu\u0308yu\u0308k Buhran\u2019\u0131n arkas\u0131ndaki bu adam asl\u0131nda kimdir ve bizzat onun arkas\u0131nda asl\u0131nda ne vard\u0131r? En az kendisi kadar ilgin\u00e7 e\u015fiyle kurdu\u011fu hayat ne gizler bar\u0131nd\u0131rmaktad\u0131r? S\u00f6ylentiler ne kadar do\u011frudur? Hakikat nereden kimin bakt\u0131\u011f\u0131na g\u00f6re de\u011fi\u015fiyorsa kime gu\u0308venilebilir?Bir muktedirin iktidar\u0131n\u0131n nerede oldu\u011funa ve sermayenin as\u0131l hik\u00e2yesine dair, durmadan de\u011fi\u015fen bak\u0131\u015f a\u00e7\u0131s\u0131yla ve birbirleriyle dinamik ili\u015fkiye giren farkl\u0131 anlat\u0131larla, \u00e7ok boyutlu bir ba\u015fyap\u0131t.\u201cHernan Diaz, yap\u0131tlar\u0131 hem devasa \u00f6l\u00e7ekte hem de bir k\u0131rba\u00e7 gibi inen taptaze bir tarzda olan bir anlat\u0131 dehas\u0131. Gu\u0308ven du\u0308nyas\u0131n\u0131 ve karakterlerini incelikli bir \u00f6zgu\u0308venle kuruyor. Ne kadar da \u0131\u015f\u0131lt\u0131l\u0131,  derin ve dokunakl\u0131 bir roman.\u201d \u2014LAUREN GROFF\u201cZekice in\u015fa edilmi\u015f, zengin su\u0308rprizlerle dolu bu harikulade roman titizlikle tasarlanm\u0131\u015f her sayfas\u0131nda ciddi fikirler ve ciddi keyifler sunuyor.\u201d \u2014SIGRID NUNEZ<\/p>\n","protected":false},"excerpt":{"rendered":"<p>\u0130lk roman\u0131 Uzaklarda ile finale kald\u0131\u011f\u0131 Pulitzer Kurgu \u00d6du\u0308lu\u0308\u2019nu\u0308 ikinci roman\u0131 Gu\u0308ven\u2019le kazanan Hernan Diaz, \u00e7a\u011fda\u015f Amerikan edebiyat\u0131n\u0131n son d\u00f6nemde parlayan en \u00f6zel y\u0131ld\u0131zlar\u0131ndan biri. 2022\u2019de<span class=\"excerpt-hellip\"> [\u2026]<\/span><\/p>\n","protected":false},"featured_media":0,"template":"","meta":{"_monsterinsights_skip_tracking":false,"_monsterinsights_sitenote_active":false,"_monsterinsights_sitenote_note":"","_monsterinsights_sitenote_category":0},"product_brand":[],"product_cat":[12291,12711],"product_tag":[],"class_list":{"0":"post-768391","1":"product","2":"type-product","3":"status-publish","5":"product_cat-edebiyat","6":"product_cat-roman-oyku","7":"pa_cilt-ciltsiz","8":"pa_tur-kitap","9":"pa_yayinevi-ithaki-yayinlari","10":"pa_yazar-hernan-diaz","12":"first","13":"instock","14":"sale","15":"shipping-taxable","16":"purchasable","17":"product-type-simple"},"_links":{"self":[{"href":"https:\/\/roveyayinevi.com.tr\/index.php\/wp-json\/wp\/v2\/product\/768391","targetHints":{"allow":["GET"]}}],"collection":[{"href":"https:\/\/roveyayinevi.com.tr\/index.php\/wp-json\/wp\/v2\/product"}],"about":[{"href":"https:\/\/roveyayinevi.com.tr\/index.php\/wp-json\/wp\/v2\/types\/product"}],"wp:attachment":[{"href":"https:\/\/roveyayinevi.com.tr\/index.php\/wp-json\/wp\/v2\/media?parent=768391"}],"wp:term":[{"taxonomy":"product_brand","embeddable":true,"href":"https:\/\/roveyayinevi.com.tr\/index.php\/wp-json\/wp\/v2\/product_brand?post=768391"},{"taxonomy":"product_cat","embeddable":true,"href":"https:\/\/roveyayinevi.com.tr\/index.php\/wp-json\/wp\/v2\/product_cat?post=768391"},{"taxonomy":"product_tag","embeddable":true,"href":"https:\/\/roveyayinevi.com.tr\/index.php\/wp-json\/wp\/v2\/product_tag?post=768391"}],"curies":[{"name":"wp","href":"https:\/\/api.w.org\/{rel}","templated":true}]}}