{"id":768390,"date":"2025-08-28T13:18:54","date_gmt":"2025-08-28T10:18:54","guid":{"rendered":"https:\/\/roveyayinevi.com.tr\/index.php\/urun\/kugu-sarkisi\/"},"modified":"2026-04-15T03:34:07","modified_gmt":"2026-04-15T00:34:07","slug":"kugu-sarkisi","status":"publish","type":"product","link":"https:\/\/roveyayinevi.com.tr\/index.php\/urun\/kugu-sarkisi\/","title":{"rendered":"Ku\u011fu \u015eark\u0131s\u0131"},"content":{"rendered":"<p>Bram Stoker En \u0130yi Roman \u00d6d\u00fcl\u00fc\u201cDeh\u015fetli bir yolculuk. Muhte\u015fem ve rahats\u0131z edici bir macera.\u201d \u2014Dean Koontz1980\u2019li y\u0131llarda Amerikan korku edebiyat\u0131na damga vuran Robert McCammon\u2019\u0131n en u\u0308nlu\u0308 roman\u0131 Ku\u011fu \u015eark\u0131s\u0131, s\u0131k s\u0131k Stephen King\u2019in Mah\u015fer\u2019iyle kar\u015f\u0131la\u015ft\u0131r\u0131lan, yaz\u0131lm\u0131\u015f en gu\u0308\u00e7lu\u0308 post-apokaliptik korku romanlar\u0131ndan biri.Nu\u0308kleer bir sald\u0131r\u0131 sonras\u0131 Amerika\u2019dan geriye y\u0131k\u0131nt\u0131 ve ku\u0308lden ba\u015fka bir \u015fey kalmam\u0131\u015ft\u0131. ABD ba\u015fkan\u0131ndan New York sokaklar\u0131ndaki evsizlere kadar herkes hayatta kalmak i\u00e7in sava\u015fmak zorundayd\u0131. Canavar\u0131ms\u0131 yarat\u0131klar\u0131n ve ya\u011fmac\u0131 gruplar\u0131n ya\u015fad\u0131\u011f\u0131 bu \u00e7orak arazide, du\u0308nyan\u0131n hayatta kalan son insanlar\u0131, kaderlerini tayin edecek olan iyi ve k\u00f6tu\u0308 aras\u0131ndaki son sava\u015f\u0131n i\u00e7ine \u00e7ekilmi\u015fti. Swan ad\u0131ndaki \u00f6zel bir k\u0131z ise bu mu\u0308cadelenin sonucunu belirleyecekti.Kadim bir k\u00f6tu\u0308lu\u0308k, zaman kadar eski bir k\u00f6tu\u0308lu\u0308k dola\u015f\u0131yor bu k\u00e2bus u\u0308lkesinde&#8230;<\/p>\n","protected":false},"excerpt":{"rendered":"<p>Bram Stoker En \u0130yi Roman \u00d6d\u00fcl\u00fc\u201cDeh\u015fetli bir yolculuk. Muhte\u015fem ve rahats\u0131z edici bir macera.\u201d \u2014Dean Koontz1980\u2019li y\u0131llarda Amerikan korku edebiyat\u0131na damga vuran Robert McCammon\u2019\u0131n en u\u0308nlu\u0308<span class=\"excerpt-hellip\"> [\u2026]<\/span><\/p>\n","protected":false},"featured_media":0,"template":"","meta":{"_monsterinsights_skip_tracking":false,"_monsterinsights_sitenote_active":false,"_monsterinsights_sitenote_note":"","_monsterinsights_sitenote_category":0},"product_brand":[],"product_cat":[12291,12711],"product_tag":[],"class_list":{"0":"post-768390","1":"product","2":"type-product","3":"status-publish","5":"product_cat-edebiyat","6":"product_cat-roman-oyku","7":"pa_cilt-ciltsiz","8":"pa_tur-kitap","9":"pa_yayinevi-ithaki-yayinlari","10":"pa_yazar-robert-mccammon","12":"first","13":"instock","14":"sale","15":"shipping-taxable","16":"purchasable","17":"product-type-simple"},"_links":{"self":[{"href":"https:\/\/roveyayinevi.com.tr\/index.php\/wp-json\/wp\/v2\/product\/768390","targetHints":{"allow":["GET"]}}],"collection":[{"href":"https:\/\/roveyayinevi.com.tr\/index.php\/wp-json\/wp\/v2\/product"}],"about":[{"href":"https:\/\/roveyayinevi.com.tr\/index.php\/wp-json\/wp\/v2\/types\/product"}],"wp:attachment":[{"href":"https:\/\/roveyayinevi.com.tr\/index.php\/wp-json\/wp\/v2\/media?parent=768390"}],"wp:term":[{"taxonomy":"product_brand","embeddable":true,"href":"https:\/\/roveyayinevi.com.tr\/index.php\/wp-json\/wp\/v2\/product_brand?post=768390"},{"taxonomy":"product_cat","embeddable":true,"href":"https:\/\/roveyayinevi.com.tr\/index.php\/wp-json\/wp\/v2\/product_cat?post=768390"},{"taxonomy":"product_tag","embeddable":true,"href":"https:\/\/roveyayinevi.com.tr\/index.php\/wp-json\/wp\/v2\/product_tag?post=768390"}],"curies":[{"name":"wp","href":"https:\/\/api.w.org\/{rel}","templated":true}]}}