{"id":768388,"date":"2025-08-28T13:18:49","date_gmt":"2025-08-28T10:18:49","guid":{"rendered":"https:\/\/roveyayinevi.com.tr\/index.php\/urun\/totalitarizmin-psikolojisi\/"},"modified":"2026-04-15T03:34:07","modified_gmt":"2026-04-15T00:34:07","slug":"totalitarizmin-psikolojisi","status":"publish","type":"product","link":"https:\/\/roveyayinevi.com.tr\/index.php\/urun\/totalitarizmin-psikolojisi\/","title":{"rendered":"Totalitarizmin Psikolojisi"},"content":{"rendered":"<p>Yaln\u0131zl\u0131k ve endi\u015fenin yayg\u0131nla\u015fmas\u0131na tan\u0131kl\u0131k ediyoruz. Korkunun; sans\u00fcre, mahremiyetin kayb\u0131na ve \u00f6zg\u00fcrl\u00fcklerin yitirilmesine yol a\u00e7t\u0131\u011f\u0131n\u0131 g\u00f6r\u00fcyoruz. T\u00fcm bunlar, muhalif g\u00f6r\u00fc\u015fleri bast\u0131ran ve y\u0131k\u0131c\u0131 bir \u201cgrup-d\u00fc\u015f\u00fcncesi\u201dne dayanan tek y\u00f6nl\u00fc bir kriz anlat\u0131s\u0131yla tetikleniyor.   Totalitarizm tesad\u00fcfen ortaya \u00e7\u0131kmaz ve kendili\u011finden geli\u015fmez. Totalitarizm; tarih boyunca izledi\u011fi \u00f6ng\u00f6r\u00fclebilir senaryoyu, her nesilde daha da g\u00fc\u00e7lenerek s\u00fcrd\u00fcr\u00fcr. Jakobenlerden Nazilere, Stalinistlerden g\u00fcn\u00fcm\u00fcze kadar, teknoloji ilerledik\u00e7e totalitarizm de ivme kazan\u0131r. Devletler, medya ve di\u011fer g\u00fc\u00e7 odaklar\u0131, korkuyu, yaln\u0131zl\u0131\u011f\u0131 ve izolasyonu kullanarak halklar\u0131 zay\u0131flat\u0131r ve kontrol alt\u0131na al\u0131r; b\u00fcy\u00fck kitleleri, kendi \u00e7\u0131karlar\u0131na ayk\u0131r\u0131 hareket etmeye ikna eder ve sonu\u00e7 her zaman y\u0131k\u0131c\u0131 olur.   Totalitarizmin Psikolojisi\u2019nde, d\u00fcnyaca tan\u0131nm\u0131\u015f Klinik Psikoloji Profes\u00f6r\u00fc Mattias Desmet, bu kolektif \u00e7\u0131lg\u0131nl\u0131\u011f\u0131n k\u00f6k salmas\u0131na izin veren toplumsal ko\u015fullar\u0131 inceliyor. G\u00fcn\u00fcm\u00fcz\u00fcn \u015fartlar\u0131na bakarak, bir t\u00fcr toplu hipnoz olan \u201ckitle olu\u015fumu\u201d kavram\u0131n\u0131 ele al\u0131yor ve totaliter rejimlere teslim olmaya ne kadar yak\u0131n oldu\u011fumuzu g\u00f6zler \u00f6n\u00fcne seriyor.     Kitap hakk\u0131nda \u00f6vg\u00fcler:   \u201cABD\u2019deki b\u00fcy\u00fck bir t\u0131p merkezinin koridorlar\u0131nda y\u00fcr\u00fcrken, yanlar\u0131ndan ge\u00e7ti\u011fim s\u0131rada benden uzakla\u015fan g\u00f6zler g\u00f6r\u00fcyorum. Hastalarla ilgili ola\u011fan g\u00f6r\u00fc\u015fmelerimizi yapt\u0131\u011f\u0131m\u0131zda, COVID-19 a\u015f\u0131lamas\u0131 konusu, duraksayan bir yan\u0131t\u0131 beraberinde getiriyor: \u201cBu konuda konu\u015fmak istemiyoruz.\u201d Kalabal\u0131k bir asans\u00f6rde, aerosol h\u00e2line gelmi\u015f, SARS-CoV-2\u2019den daha bula\u015f\u0131c\u0131 olan korku, utan\u00e7 ve hekimler aras\u0131nda hi\u00e7 bitmeyen bir grup d\u00fc\u015f\u00fcncesi d\u00f6ng\u00fcs\u00fc g\u00f6r\u00fcyorum. Mattias Desmet, g\u00fcd\u00fcml\u00fc bir f\u00fcze gibi hedefi vurmu\u015f. T\u0131p camias\u0131 kitlesel bir olu\u015fum i\u00e7inde ve bu da genel n\u00fcfusu saran \u00e7ok daha b\u00fcy\u00fck bir penumbraya yol a\u00e7t\u0131. Bu kitapta Desmet, a\u00e7\u0131klamal\u0131 bir \u00e7er\u00e7eve olu\u015fturmu\u015f ve bu \u00e7er\u00e7evede, neler olup bitti\u011fini ve \u2018b\u00fcy\u00fcy\u00fc\u2019 bozmak ve ola\u011fan hayat\u0131 yeniden tesis etmek i\u00e7in her birimizin atmas\u0131 gereken sonraki ad\u0131mlar\u0131n neler oldu\u011funu, a\u00e7\u0131k ve net bir \u015fekilde ortaya koymu\u015ftur. \u00c7a\u011f\u0131m\u0131z\u0131 anlamak i\u00e7in mutlaka okunmas\u0131 gereken bir kitap.\u201d -PETER A. MCCULLOUGH, halk sa\u011fl\u0131\u011f\u0131 uzman\u0131, t\u0131p hekimi, Truth for Health Foundation\u2019\u0131n t\u0131bb\u00ee ba\u015fdan\u0131\u015fman\u0131. \u201cT\u0131bb\u00ee tart\u0131\u015fmalar\u0131n \u00f6tesine ge\u00e7en bu kitap, COV\u0130D olarak adland\u0131rd\u0131\u011f\u0131m\u0131z sosyal olguya zarur\u00ee bir pencere a\u00e7\u0131yor.\u201d -CHARLES EISENSTEIN, Sacred Economics ve The Coronation kitaplar\u0131n\u0131n yazar\u0131.     \u201cMattias Desmet, kitle olu\u015fumu olgusu konusunda d\u00fcnyan\u0131n en b\u00fcy\u00fck uzman\u0131 ve 21. Y\u00fczy\u0131l\u2019\u0131n en samimi, en d\u00fc\u015f\u00fcnceli ve en \u00f6nemli entelekt\u00fcellerinden biri. Koronavir\u00fcs pandemisine verilen tepkinin, toplumsal d\u00fczeyde neden ve nas\u0131l ortaya \u00e7\u0131kt\u0131\u011f\u0131n\u0131 anlamak ve daha da \u00f6nemlisi, b\u00f6yle bir sa\u00e7mal\u0131\u011f\u0131n tekrarlanmas\u0131n\u0131 nas\u0131l \u00f6nleyebilece\u011finizi \u00f6\u011frenmek istiyorsan\u0131z, Totalitarizmin Psikolojisi\u2019ni mutlaka okumal\u0131s\u0131n\u0131z. Desmet bize, giderek insanl\u0131ktan \u00e7\u0131kan ve mekanikle\u015fen bir d\u00fcnyada insanl\u0131\u011f\u0131m\u0131z\u0131 nas\u0131l geri kazanaca\u011f\u0131m\u0131z\u0131 g\u00f6steriyor.\u201d -DR. REINER FUELLMICH, avukat; Berlin Korona Ara\u015ft\u0131rma Komitesi kurucular\u0131ndan.     \u201cBu usta i\u015fi kitapta Desmet, totalitarizmin e\u015fi\u011fine nas\u0131l geldi\u011fimizi sorguluyor. Okuyucuyu, tarih, bilim ve psikoloji aras\u0131nda vah\u015f\u00ee ve bilimsel bir yolculu\u011fa \u00e7\u0131kararak hem gerekli hem de beklenmedik cevaplar veriyor.\u201d -HEATHER HEYING, evrimsel biyoloji alan\u0131nda doktora sahibi. Bir Avc\u0131-Toplay\u0131c\u0131n\u0131n 21. Y\u00fczy\u0131l Rehberi (A Hunter-Gatherer\u2019s Guide to the 21st Century) kitab\u0131n\u0131n ortak yazar\u0131.     \u201cDesmet, bu noktaya nas\u0131l geldi\u011fimizi m\u00fckemmel bir \u015fekilde anlatarak, pek \u00e7ok insan\u0131 i\u00e7inde bulundu\u011fumuz tehlikeli duruma kar\u015f\u0131 uyand\u0131r\u0131yor.\u201d -ROBERT F. KENNEDY, JR. \u201cMattias Desmet\u2019in kitle olu\u015fumu teorisi, COVID-19 pandemisini ve ona e\u015flik eden toplumsal sapmalar\u0131 anlayabilece\u011fimiz en \u00f6nemli mercektir. Totalitarizmin Psikolojisi\u2019nde Desmet, insanlar\u0131n \u00f6zg\u00fcrl\u00fcklerinden nas\u0131l ve neden isteyerek vazge\u00e7eceklerini, kitlelerin totaliter bir lideri nas\u0131l ortaya \u00e7\u0131karabilece\u011fini ve en \u00f6nemlisi de bu olgulara nas\u0131l direnebilece\u011fimizi ve ortak insanl\u0131\u011f\u0131m\u0131z\u0131 nas\u0131l koruyabilece\u011fimizi a\u00e7\u0131kl\u0131yor. Bu kitap 2022\u2019nin en \u00f6nemli kitab\u0131.\u201d -DR. ROBERT MALONE, Devletimin Bana S\u00f6yledi\u011fi Yalanlar (Lies My Gov\u2019t Told Me) kitab\u0131n\u0131n yazar\u0131.     \u201cMattias Desmet\u2019in [kitle olu\u015fumu hipnozu teorisi] harika&#8230; Bir kez aramaya ba\u015flad\u0131\u011f\u0131mda, her yerde g\u00f6r\u00fcr oldum.\u201d -ERIC CLAPTON <\/p>\n","protected":false},"excerpt":{"rendered":"<p>Yaln\u0131zl\u0131k ve endi\u015fenin yayg\u0131nla\u015fmas\u0131na tan\u0131kl\u0131k ediyoruz. Korkunun; sans\u00fcre, mahremiyetin kayb\u0131na ve \u00f6zg\u00fcrl\u00fcklerin yitirilmesine yol a\u00e7t\u0131\u011f\u0131n\u0131 g\u00f6r\u00fcyoruz. T\u00fcm bunlar, muhalif g\u00f6r\u00fc\u015fleri bast\u0131ran ve y\u0131k\u0131c\u0131 bir \u201cgrup-d\u00fc\u015f\u00fcncesi\u201dne dayanan<span class=\"excerpt-hellip\"> [\u2026]<\/span><\/p>\n","protected":false},"featured_media":0,"template":"","meta":{"_monsterinsights_skip_tracking":false,"_monsterinsights_sitenote_active":false,"_monsterinsights_sitenote_note":"","_monsterinsights_sitenote_category":0},"product_brand":[],"product_cat":[20502,12357],"product_tag":[],"class_list":{"0":"post-768388","1":"product","2":"type-product","3":"status-publish","5":"product_cat-basvuru-kitaplari-psikoloji","6":"product_cat-psikoloji","7":"pa_cilt-ciltsiz","8":"pa_tur-kitap","9":"pa_yayinevi-serbest-kitaplar","10":"pa_yazar-mattias-desmet","12":"first","13":"instock","14":"sale","15":"shipping-taxable","16":"purchasable","17":"product-type-simple"},"_links":{"self":[{"href":"https:\/\/roveyayinevi.com.tr\/index.php\/wp-json\/wp\/v2\/product\/768388","targetHints":{"allow":["GET"]}}],"collection":[{"href":"https:\/\/roveyayinevi.com.tr\/index.php\/wp-json\/wp\/v2\/product"}],"about":[{"href":"https:\/\/roveyayinevi.com.tr\/index.php\/wp-json\/wp\/v2\/types\/product"}],"wp:attachment":[{"href":"https:\/\/roveyayinevi.com.tr\/index.php\/wp-json\/wp\/v2\/media?parent=768388"}],"wp:term":[{"taxonomy":"product_brand","embeddable":true,"href":"https:\/\/roveyayinevi.com.tr\/index.php\/wp-json\/wp\/v2\/product_brand?post=768388"},{"taxonomy":"product_cat","embeddable":true,"href":"https:\/\/roveyayinevi.com.tr\/index.php\/wp-json\/wp\/v2\/product_cat?post=768388"},{"taxonomy":"product_tag","embeddable":true,"href":"https:\/\/roveyayinevi.com.tr\/index.php\/wp-json\/wp\/v2\/product_tag?post=768388"}],"curies":[{"name":"wp","href":"https:\/\/api.w.org\/{rel}","templated":true}]}}