{"id":768387,"date":"2025-08-28T13:18:48","date_gmt":"2025-08-28T10:18:48","guid":{"rendered":"https:\/\/roveyayinevi.com.tr\/index.php\/urun\/fridanin-kanatlari\/"},"modified":"2026-04-15T03:34:07","modified_gmt":"2026-04-15T00:34:07","slug":"fridanin-kanatlari","status":"publish","type":"product","link":"https:\/\/roveyayinevi.com.tr\/index.php\/urun\/fridanin-kanatlari\/","title":{"rendered":"Frida&#8217;n\u0131n Kanatlar\u0131"},"content":{"rendered":"<p>Umut ve ya\u015fam sevinciyle \u00e7\u0131rpan kanatlar&#8230;Asuman Portakal, 20. y\u00fczy\u0131l resim sanat\u0131nda iz b\u0131rakan usta isimlerin s\u0131ra d\u0131\u015f\u0131 hayat \u00f6yk\u00fclerinden ve yap\u0131tlar\u0131ndan ilham ald\u0131\u011f\u0131 Picasso&#8217;nun G\u00f6zleri, Matisse&#8217;in I\u015f\u0131\u011f\u0131 ve Dali&#8217;nin Dehas\u0131 ba\u015fl\u0131kl\u0131 sanat \u00f6yk\u00fcleri dizisine bir yenisini daha ekliyor: Frida&#8217;n\u0131n Kanatlar\u0131.  Renkli ki\u015fili\u011fi, ayk\u0131r\u0131 karakteri, tutkular\u0131 ve aray\u0131\u015flar\u0131yla sanat d\u00fcnyas\u0131n\u0131n en ikonik fig\u00fcrlerinden birine d\u00f6n\u00fc\u015fen Frida Kahlo&#8217;yu daha yak\u0131ndan tan\u0131tmak arzusuyla haz\u0131rlanan kitap, resimlerden \u00f6yk\u00fclere uzanan benzersiz bir d\u00fc\u015f bah\u00e7esine g\u00f6t\u00fcr\u00fcyor okurlar\u0131. Frida&#8217;n\u0131n Kanatlar\u0131, b\u00fcy\u00fcl\u00fc ger\u00e7ekli\u011fin co\u015fkun sular\u0131nda \u00e7a\u011flayan be\u015f ayr\u0131 \u00f6yk\u00fcye a\u00e7\u0131l\u0131yor. Sanat\u0131n iyile\u015ftirici g\u00fcc\u00fcne tutunarak, ac\u0131lar\u0131n\u0131 resim yaparak sa\u011faltan Frida Kahlo&#8217;nun inan\u0131lmaz hik\u00e2yesini konu alan kitap, pop\u00fcler k\u00fclt\u00fcr end\u00fcstrisi taraf\u0131ndan metala\u015ft\u0131r\u0131lan sanat\u00e7\u0131n\u0131n insani y\u00f6nlerini incelikle yans\u0131t\u0131yor. \u00c7ocuk ya\u015fta yakaland\u0131\u011f\u0131 hastal\u0131k, hayat\u0131n\u0131n seyrini de\u011fi\u015ftiren trajik kaza, Meksikal\u0131 Michelangelo olarak an\u0131lan \u00fcnl\u00fc ressam Diego Rivera ile evlili\u011fi&#8230; Her biri \u00e2deta bizimle konu\u015fan otoportreleri ve reng\u00e2renk resimleriyle ya\u015fama tutunan Frida Kahlo, Asuman Portakal&#8217;\u0131n \u00f6zg\u00fcn \u00f6yk\u00fclerinde yeniden hayat buluyor. Kahlo&#8217;yu kurgusuna yerle\u015ftirip ona ait \u00f6zg\u00fcn s\u00f6zler e\u015fli\u011finde anlat\u0131m\u0131n\u0131 g\u00fc\u00e7lendiren bu \u00e7arp\u0131c\u0131 eser, sanat\u00e7\u0131n\u0131n an\u0131s\u0131na i\u00e7ten bir sayg\u0131 duru\u015fu.Bu kitab\u0131 okuyanlar\u0131 neler bekliyor?* Sanat\u00e7\u0131 ile eserleri aras\u0131ndaki \u00f6znel ili\u015fki \u00fczerine d\u00fc\u015f\u00fcnd\u00fcr\u00fcyor.* Sunu\u015f yaz\u0131s\u0131 ve kronolojik olarak verilen ya\u015fam \u00f6yk\u00fcs\u00fcyle Frida Kahlo&#8217;ya dair merak uyand\u0131r\u0131yor. <\/p>\n","protected":false},"excerpt":{"rendered":"<p>Umut ve ya\u015fam sevinciyle \u00e7\u0131rpan kanatlar&#8230;Asuman Portakal, 20. y\u00fczy\u0131l resim sanat\u0131nda iz b\u0131rakan usta isimlerin s\u0131ra d\u0131\u015f\u0131 hayat \u00f6yk\u00fclerinden ve yap\u0131tlar\u0131ndan ilham ald\u0131\u011f\u0131 Picasso&#8217;nun G\u00f6zleri, Matisse&#8217;in<span class=\"excerpt-hellip\"> [\u2026]<\/span><\/p>\n","protected":false},"featured_media":0,"template":"","meta":{"_monsterinsights_skip_tracking":false,"_monsterinsights_sitenote_active":false,"_monsterinsights_sitenote_note":"","_monsterinsights_sitenote_category":0},"product_brand":[],"product_cat":[12274,12284],"product_tag":[],"class_list":{"0":"post-768387","1":"product","2":"type-product","3":"status-publish","5":"product_cat-cocuk-ve-genclik-kitaplari","6":"product_cat-hikayeler","7":"pa_cilt-ciltsiz","8":"pa_tur-kitap","9":"pa_yayinevi-tudem-yayinlari","10":"pa_yazar-asuman-portakal","12":"first","13":"instock","14":"sale","15":"shipping-taxable","16":"purchasable","17":"product-type-simple"},"_links":{"self":[{"href":"https:\/\/roveyayinevi.com.tr\/index.php\/wp-json\/wp\/v2\/product\/768387","targetHints":{"allow":["GET"]}}],"collection":[{"href":"https:\/\/roveyayinevi.com.tr\/index.php\/wp-json\/wp\/v2\/product"}],"about":[{"href":"https:\/\/roveyayinevi.com.tr\/index.php\/wp-json\/wp\/v2\/types\/product"}],"wp:attachment":[{"href":"https:\/\/roveyayinevi.com.tr\/index.php\/wp-json\/wp\/v2\/media?parent=768387"}],"wp:term":[{"taxonomy":"product_brand","embeddable":true,"href":"https:\/\/roveyayinevi.com.tr\/index.php\/wp-json\/wp\/v2\/product_brand?post=768387"},{"taxonomy":"product_cat","embeddable":true,"href":"https:\/\/roveyayinevi.com.tr\/index.php\/wp-json\/wp\/v2\/product_cat?post=768387"},{"taxonomy":"product_tag","embeddable":true,"href":"https:\/\/roveyayinevi.com.tr\/index.php\/wp-json\/wp\/v2\/product_tag?post=768387"}],"curies":[{"name":"wp","href":"https:\/\/api.w.org\/{rel}","templated":true}]}}