{"id":768386,"date":"2025-08-28T13:18:45","date_gmt":"2025-08-28T10:18:45","guid":{"rendered":"https:\/\/roveyayinevi.com.tr\/index.php\/urun\/en-iyi-arkadasim-cekic-kafa\/"},"modified":"2026-04-15T03:34:07","modified_gmt":"2026-04-15T00:34:07","slug":"en-iyi-arkadasim-cekic-kafa","status":"publish","type":"product","link":"https:\/\/roveyayinevi.com.tr\/index.php\/urun\/en-iyi-arkadasim-cekic-kafa\/","title":{"rendered":"En \u0130yi Arkada\u015f\u0131m \u00c7eki\u00e7 Kafa"},"content":{"rendered":"<p>K\u00fc\u00e7\u00fck bir \u00e7ocukla bir k\u00f6pek bal\u0131\u011f\u0131 arkada\u015f olabilir mi?   \u00c7eki\u00e7 kafal\u0131 k\u00f6pek bal\u0131\u011f\u0131 Mark\u2019\u0131n i\u015fi hi\u00e7 kolay de\u011fil; k\u0131l\u0131k de\u011fi\u015ftirmedi\u011fi s\u00fcrece insanlar\u0131n bulundu\u011fu yerlerde durmas\u0131 imk\u00e2ns\u0131z. Onu fark ettiklerinde ise insanlar \u00e7\u0131\u011fl\u0131k at\u0131p ka\u00e7\u0131\u015f\u0131r ya da onunla alay ederler. Ama yolcu gemisiyle \u00e7\u0131kt\u0131\u011f\u0131 bir tatilde k\u00fc\u00e7\u00fck bir \u00e7ocuk onunla arkada\u015f olur ve Mark\u2019ta herkesin g\u00f6remedi\u011fi bir \u015fey g\u00f6r\u00fcr\u2026 Mark zarars\u0131z bir kahraman olabilir m?   Komik, e\u011flenceli, i\u00e7inizi \u0131s\u0131tacak bir arkada\u015fl\u0131k \u00f6yk\u00fcs\u00fc.. <\/p>\n","protected":false},"excerpt":{"rendered":"<p>K\u00fc\u00e7\u00fck bir \u00e7ocukla bir k\u00f6pek bal\u0131\u011f\u0131 arkada\u015f olabilir mi? \u00c7eki\u00e7 kafal\u0131 k\u00f6pek bal\u0131\u011f\u0131 Mark\u2019\u0131n i\u015fi hi\u00e7 kolay de\u011fil; k\u0131l\u0131k de\u011fi\u015ftirmedi\u011fi s\u00fcrece insanlar\u0131n bulundu\u011fu yerlerde durmas\u0131 imk\u00e2ns\u0131z.<span class=\"excerpt-hellip\"> [\u2026]<\/span><\/p>\n","protected":false},"featured_media":0,"template":"","meta":{"_monsterinsights_skip_tracking":false,"_monsterinsights_sitenote_active":false,"_monsterinsights_sitenote_note":"","_monsterinsights_sitenote_category":0},"product_brand":[],"product_cat":[12274,12284],"product_tag":[],"class_list":{"0":"post-768386","1":"product","2":"type-product","3":"status-publish","5":"product_cat-cocuk-ve-genclik-kitaplari","6":"product_cat-hikayeler","7":"pa_cilt-ciltsiz","8":"pa_tur-kitap","9":"pa_yayinevi-1001-cicek-kitaplar","10":"pa_yazar-jeanne-willis","12":"first","13":"instock","14":"sale","15":"shipping-taxable","16":"purchasable","17":"product-type-simple"},"_links":{"self":[{"href":"https:\/\/roveyayinevi.com.tr\/index.php\/wp-json\/wp\/v2\/product\/768386","targetHints":{"allow":["GET"]}}],"collection":[{"href":"https:\/\/roveyayinevi.com.tr\/index.php\/wp-json\/wp\/v2\/product"}],"about":[{"href":"https:\/\/roveyayinevi.com.tr\/index.php\/wp-json\/wp\/v2\/types\/product"}],"wp:attachment":[{"href":"https:\/\/roveyayinevi.com.tr\/index.php\/wp-json\/wp\/v2\/media?parent=768386"}],"wp:term":[{"taxonomy":"product_brand","embeddable":true,"href":"https:\/\/roveyayinevi.com.tr\/index.php\/wp-json\/wp\/v2\/product_brand?post=768386"},{"taxonomy":"product_cat","embeddable":true,"href":"https:\/\/roveyayinevi.com.tr\/index.php\/wp-json\/wp\/v2\/product_cat?post=768386"},{"taxonomy":"product_tag","embeddable":true,"href":"https:\/\/roveyayinevi.com.tr\/index.php\/wp-json\/wp\/v2\/product_tag?post=768386"}],"curies":[{"name":"wp","href":"https:\/\/api.w.org\/{rel}","templated":true}]}}