{"id":768383,"date":"2025-08-28T13:18:37","date_gmt":"2025-08-28T10:18:37","guid":{"rendered":"https:\/\/roveyayinevi.com.tr\/index.php\/urun\/sakamoto-days-sakamoto-gunleri-2-sakamoto-days\/"},"modified":"2026-04-15T03:34:07","modified_gmt":"2026-04-15T00:34:07","slug":"sakamoto-days-sakamoto-gunleri-2-sakamoto-days","status":"publish","type":"product","link":"https:\/\/roveyayinevi.com.tr\/index.php\/urun\/sakamoto-days-sakamoto-gunleri-2-sakamoto-days\/","title":{"rendered":"Sakamoto Days &#8211; Sakamoto G\u00fcnleri 2  Sakamoto Days"},"content":{"rendered":"<p>\u015ein, Sakamoto\u2019nun pe\u015findeki tuhaf bir tetik\u00e7i ile sava\u015f\u0131yor. Fakat d\u00fc\u015f\u00fcncelerini okuyamad\u0131\u011f\u0131 bu d\u00fc\u015fmana nas\u0131l kar\u0131\u015f\u0131 koyacak? Di\u011fer yanda, Sakamoto ailesiyle birlikte lunaparktaki izin g\u00fcn\u00fcn\u00fc huzurla ge\u00e7irmeye \u00e7al\u0131\u015f\u0131rken, iki tetik\u00e7i pen\u00e7elerini bilemekte! Bakal\u0131m aileden gizli sakl\u0131 y\u00fcr\u00fct\u00fclen bu son derece zorlu g\u00f6revin ak\u0131beti ne olacak? D\u00f6v\u00fc\u015f ve komedinin i\u00e7 i\u00e7e ge\u00e7ti\u011fi bu aksiyon serisinde, macera t\u00fcm h\u0131z\u0131yla devam ediyor. <\/p>\n","protected":false},"excerpt":{"rendered":"<p>\u015ein, Sakamoto\u2019nun pe\u015findeki tuhaf bir tetik\u00e7i ile sava\u015f\u0131yor. Fakat d\u00fc\u015f\u00fcncelerini okuyamad\u0131\u011f\u0131 bu d\u00fc\u015fmana nas\u0131l kar\u0131\u015f\u0131 koyacak? Di\u011fer yanda, Sakamoto ailesiyle birlikte lunaparktaki izin g\u00fcn\u00fcn\u00fc huzurla ge\u00e7irmeye<span class=\"excerpt-hellip\"> [\u2026]<\/span><\/p>\n","protected":false},"featured_media":0,"template":"","meta":{"_monsterinsights_skip_tracking":false,"_monsterinsights_sitenote_active":false,"_monsterinsights_sitenote_note":"","_monsterinsights_sitenote_category":0},"product_brand":[],"product_cat":[12416,12291],"product_tag":[],"class_list":{"0":"post-768383","1":"product","2":"type-product","3":"status-publish","5":"product_cat-cizgi-roman","6":"product_cat-edebiyat","7":"pa_cilt-ciltsiz","8":"pa_tur-kitap","9":"pa_yayinevi-kurukafa","10":"pa_yazar-yuto-suzuki","12":"first","13":"instock","14":"sale","15":"shipping-taxable","16":"purchasable","17":"product-type-simple"},"_links":{"self":[{"href":"https:\/\/roveyayinevi.com.tr\/index.php\/wp-json\/wp\/v2\/product\/768383","targetHints":{"allow":["GET"]}}],"collection":[{"href":"https:\/\/roveyayinevi.com.tr\/index.php\/wp-json\/wp\/v2\/product"}],"about":[{"href":"https:\/\/roveyayinevi.com.tr\/index.php\/wp-json\/wp\/v2\/types\/product"}],"wp:attachment":[{"href":"https:\/\/roveyayinevi.com.tr\/index.php\/wp-json\/wp\/v2\/media?parent=768383"}],"wp:term":[{"taxonomy":"product_brand","embeddable":true,"href":"https:\/\/roveyayinevi.com.tr\/index.php\/wp-json\/wp\/v2\/product_brand?post=768383"},{"taxonomy":"product_cat","embeddable":true,"href":"https:\/\/roveyayinevi.com.tr\/index.php\/wp-json\/wp\/v2\/product_cat?post=768383"},{"taxonomy":"product_tag","embeddable":true,"href":"https:\/\/roveyayinevi.com.tr\/index.php\/wp-json\/wp\/v2\/product_tag?post=768383"}],"curies":[{"name":"wp","href":"https:\/\/api.w.org\/{rel}","templated":true}]}}