{"id":768380,"date":"2025-08-28T13:18:30","date_gmt":"2025-08-28T10:18:30","guid":{"rendered":"https:\/\/roveyayinevi.com.tr\/index.php\/urun\/horimiya-horisan-ile-miyamurakun-13\/"},"modified":"2026-04-15T03:34:07","modified_gmt":"2026-04-15T00:34:07","slug":"horimiya-horisan-ile-miyamurakun-13","status":"publish","type":"product","link":"https:\/\/roveyayinevi.com.tr\/index.php\/urun\/horimiya-horisan-ile-miyamurakun-13\/","title":{"rendered":"Horimiya Horisan ile Miyamurakun 13"},"content":{"rendered":"<p>Herkese derin derin i\u00e7 \u00e7ektirip okul g\u00fcnlerini hat\u0131rlatan bu tatl\u0131 lise hik\u00e2yesi kald\u0131\u011f\u0131 yerden devam ediyor. Iura, d\u0131\u015far\u0131dayken herkese sata\u015fan, \u015feytan t\u00fcyl\u00fc bir \u00e7ocuk\u2026 Ama evdeyken disiplinli ve bir o kadar da sevecen bir abi rol\u00fcnde! T\u0131pk\u0131 Hori ve Miyamura gibi, arkada\u015flar\u0131n\u0131n da i\u00e7inde g\u00f6r\u00fcnd\u00fc\u011f\u00fcnden fazlas\u0131 var\u2026 Okul hayat\u0131, arkada\u015fl\u0131klar ve kendini ke\u015ffetme hakk\u0131nda ilham verici hik\u00e2yesiyle Horimiya sizi etkisi alt\u0131na alacak! <\/p>\n","protected":false},"excerpt":{"rendered":"<p>Herkese derin derin i\u00e7 \u00e7ektirip okul g\u00fcnlerini hat\u0131rlatan bu tatl\u0131 lise hik\u00e2yesi kald\u0131\u011f\u0131 yerden devam ediyor. Iura, d\u0131\u015far\u0131dayken herkese sata\u015fan, \u015feytan t\u00fcyl\u00fc bir \u00e7ocuk\u2026 Ama evdeyken<span class=\"excerpt-hellip\"> [\u2026]<\/span><\/p>\n","protected":false},"featured_media":0,"template":"","meta":{"_monsterinsights_skip_tracking":false,"_monsterinsights_sitenote_active":false,"_monsterinsights_sitenote_note":"","_monsterinsights_sitenote_category":0},"product_brand":[],"product_cat":[12416,12291],"product_tag":[],"class_list":{"0":"post-768380","1":"product","2":"type-product","3":"status-publish","5":"product_cat-cizgi-roman","6":"product_cat-edebiyat","7":"pa_cilt-ciltsiz","8":"pa_tur-kitap","9":"pa_yayinevi-akil-celen-kitaplar","10":"pa_yazar-hero","12":"first","13":"instock","14":"sale","15":"shipping-taxable","16":"purchasable","17":"product-type-simple"},"_links":{"self":[{"href":"https:\/\/roveyayinevi.com.tr\/index.php\/wp-json\/wp\/v2\/product\/768380","targetHints":{"allow":["GET"]}}],"collection":[{"href":"https:\/\/roveyayinevi.com.tr\/index.php\/wp-json\/wp\/v2\/product"}],"about":[{"href":"https:\/\/roveyayinevi.com.tr\/index.php\/wp-json\/wp\/v2\/types\/product"}],"wp:attachment":[{"href":"https:\/\/roveyayinevi.com.tr\/index.php\/wp-json\/wp\/v2\/media?parent=768380"}],"wp:term":[{"taxonomy":"product_brand","embeddable":true,"href":"https:\/\/roveyayinevi.com.tr\/index.php\/wp-json\/wp\/v2\/product_brand?post=768380"},{"taxonomy":"product_cat","embeddable":true,"href":"https:\/\/roveyayinevi.com.tr\/index.php\/wp-json\/wp\/v2\/product_cat?post=768380"},{"taxonomy":"product_tag","embeddable":true,"href":"https:\/\/roveyayinevi.com.tr\/index.php\/wp-json\/wp\/v2\/product_tag?post=768380"}],"curies":[{"name":"wp","href":"https:\/\/api.w.org\/{rel}","templated":true}]}}