{"id":768375,"date":"2025-08-28T13:18:20","date_gmt":"2025-08-28T10:18:20","guid":{"rendered":"https:\/\/roveyayinevi.com.tr\/index.php\/urun\/sahsiyetler-ve-eserler\/"},"modified":"2026-04-15T03:34:07","modified_gmt":"2026-04-15T00:34:07","slug":"sahsiyetler-ve-eserler","status":"publish","type":"product","link":"https:\/\/roveyayinevi.com.tr\/index.php\/urun\/sahsiyetler-ve-eserler\/","title":{"rendered":"\u015eahsiyetler ve Eserler"},"content":{"rendered":"<p>Bilginli\u011fiyle, bilgeli\u011fiyle, uzmanl\u0131\u011f\u0131 veya kahramanl\u0131\u011f\u0131yla yahut edebiyattan say\u0131lan eser vermesiyle bir alanda hizmet etmi\u015f olanlar&#8230;Yapt\u0131klar\u0131yla toplumun hayat\u0131nda im, iz, tamga b\u0131rakm\u0131\u015f \u015fahsiyetler&#8230; Bu t\u00fcrden \u0131\u015f\u0131kl\u0131 \u015fahsiyetleri unutmamak, unutturmamak&#8230; Bizden b\u00fcy\u00fcklerin ve \u00f6ncekilerin hizmetlerini d\u00fc\u015f\u00fcnerek bize d\u00fc\u015fenin ne oldu\u011funu tefekk\u00fcr etmek&#8230; \u0130nsanl\u0131k tarihinin her an\u0131na damga vuran \u00fc\u00e7 de\u011fi\u015fmez ger\u00e7ek var: \u00d6l\u00fcml\u00fcl\u00fck, ilah\u00ee adalet, bir millete, milletler grubuna veya insanl\u0131\u011fa yapt\u0131\u011f\u0131 \u0131\u015f\u0131kl\u0131 hizmetlerinden dolay\u0131 baz\u0131 insanlar\u0131n an\u0131lmas\u0131, unutulmamas\u0131. Fikir ve edebiyat hayat\u0131m\u0131zdaki ayd\u0131nlardan baz\u0131lar\u0131n\u0131 birlikte hat\u0131rla(t)mak&#8230; Bu kitap binlerce \u0131\u015f\u0131kl\u0131 \u015fahsiyetten y\u00fczden fazlas\u0131n\u0131n ad\u0131n\u0131n an\u0131lmas\u0131na vesile olma d\u00fc\u015f\u00fcncenin yans\u0131malar\u0131d\u0131r. Ge\u00e7mi\u015fi unutmamak, ac\u0131lar\u0131 ve sevin\u00e7li zamanlar\u0131 da \u0131\u015f\u0131kl\u0131 \u015fah\u0131slar\u0131 da anmak insan olman\u0131n \u00f6nde gelen \u00f6zelliklerindendir. <\/p>\n","protected":false},"excerpt":{"rendered":"<p>Bilginli\u011fiyle, bilgeli\u011fiyle, uzmanl\u0131\u011f\u0131 veya kahramanl\u0131\u011f\u0131yla yahut edebiyattan say\u0131lan eser vermesiyle bir alanda hizmet etmi\u015f olanlar&#8230;Yapt\u0131klar\u0131yla toplumun hayat\u0131nda im, iz, tamga b\u0131rakm\u0131\u015f \u015fahsiyetler&#8230; Bu t\u00fcrden \u0131\u015f\u0131kl\u0131 \u015fahsiyetleri<span class=\"excerpt-hellip\"> [\u2026]<\/span><\/p>\n","protected":false},"featured_media":0,"template":"","meta":{"_monsterinsights_skip_tracking":false,"_monsterinsights_sitenote_active":false,"_monsterinsights_sitenote_note":"","_monsterinsights_sitenote_category":0},"product_brand":[],"product_cat":[13072,12291],"product_tag":[],"class_list":{"0":"post-768375","1":"product","2":"type-product","3":"status-publish","5":"product_cat-arastirma-inceleme-referans","6":"product_cat-edebiyat","7":"pa_cilt-ciltsiz","8":"pa_tur-kitap","9":"pa_yayinevi-korkut-yayinlari","10":"pa_yazar-sadik-k-tural","12":"first","13":"instock","14":"sale","15":"shipping-taxable","16":"purchasable","17":"product-type-simple"},"_links":{"self":[{"href":"https:\/\/roveyayinevi.com.tr\/index.php\/wp-json\/wp\/v2\/product\/768375","targetHints":{"allow":["GET"]}}],"collection":[{"href":"https:\/\/roveyayinevi.com.tr\/index.php\/wp-json\/wp\/v2\/product"}],"about":[{"href":"https:\/\/roveyayinevi.com.tr\/index.php\/wp-json\/wp\/v2\/types\/product"}],"wp:attachment":[{"href":"https:\/\/roveyayinevi.com.tr\/index.php\/wp-json\/wp\/v2\/media?parent=768375"}],"wp:term":[{"taxonomy":"product_brand","embeddable":true,"href":"https:\/\/roveyayinevi.com.tr\/index.php\/wp-json\/wp\/v2\/product_brand?post=768375"},{"taxonomy":"product_cat","embeddable":true,"href":"https:\/\/roveyayinevi.com.tr\/index.php\/wp-json\/wp\/v2\/product_cat?post=768375"},{"taxonomy":"product_tag","embeddable":true,"href":"https:\/\/roveyayinevi.com.tr\/index.php\/wp-json\/wp\/v2\/product_tag?post=768375"}],"curies":[{"name":"wp","href":"https:\/\/api.w.org\/{rel}","templated":true}]}}