{"id":768374,"date":"2025-08-28T13:18:18","date_gmt":"2025-08-28T10:18:18","guid":{"rendered":"https:\/\/roveyayinevi.com.tr\/index.php\/urun\/edebiyat-bilimine-katkilar-i\/"},"modified":"2026-04-15T03:34:07","modified_gmt":"2026-04-15T00:34:07","slug":"edebiyat-bilimine-katkilar-i","status":"publish","type":"product","link":"https:\/\/roveyayinevi.com.tr\/index.php\/urun\/edebiyat-bilimine-katkilar-i\/","title":{"rendered":"Edebiyat Bilimine Katk\u0131lar I"},"content":{"rendered":"<p>Her toplum, siyasal, sosyal ve ekonomik \u015fartlar\u0131n, tarihe y\u00f6n veren b\u00fcy\u00fck \u015fahsiyetlerin belirledi\u011fi de\u011fi\u015fim ve d\u00f6n\u00fc\u015f\u00fcmlerle ya\u015fay\u0131p gidiyor. Bu de\u011fi\u015fim ve d\u00f6n\u00fc\u015f\u00fcmlerin, resm\u00ee belgelere yans\u0131mas\u0131n\u0131 g\u00f6zden uzak tutmadan, bas\u0131l\u0131 ve g\u00f6r\u00fcnt\u00fcl\u00fc ileti\u015fim ara\u00e7lar\u0131ndaki g\u00f6r\u00fcnt\u00fc ve yorumlar\u0131n\u0131 bir kenara b\u0131rak\u0131p edebiyattan say\u0131lan eserlere nas\u0131l yans\u0131d\u0131\u011f\u0131n\u0131 g\u00f6rmek ve g\u00f6stermek edebiyat bilimcinin i\u015fidir. Edebiyattan say\u0131lan eserler duygunun do\u011furdu\u011fu ve yo\u011furdu\u011fu dilin incelikleri ile bezeli b\u00fct\u00fcnl\u00fcklerdir. Edebiyat bilimci, sosyologun, tarih\u00e7inin, sosyal psikologun ve siyaset bilimcinin pe\u015fine d\u00fc\u015ft\u00fc\u011f\u00fc meraklardan, suallerden bir\u00e7o\u011funun cevab\u0131n\u0131 edebiyat eserlerinin d\u00fcnyas\u0131 i\u00e7inde aray\u0131p bulup bir inceleme ve de\u011ferlendirme eseri yazmakla sorumlu insand\u0131r. Edebiyat biliminin niha\u00ee hedefi, edebiyat tarihinin yaz\u0131lmas\u0131d\u0131r. Edebiyat tarihi ise, bir milletteki sosyal ve siyasal iklim de\u011fi\u015fmelerinin, k\u00fclt\u00fcrel de\u011fi\u015fim ve d\u00f6n\u00fc\u015f\u00fcmlerin temelini olu\u015fturan ARAYI\u015eLARIN edeb\u00ee eserlere yans\u0131yanlar\u0131n\u0131n tespit edilmesi ve de\u011ferlendirilmesidir. <\/p>\n","protected":false},"excerpt":{"rendered":"<p>Her toplum, siyasal, sosyal ve ekonomik \u015fartlar\u0131n, tarihe y\u00f6n veren b\u00fcy\u00fck \u015fahsiyetlerin belirledi\u011fi de\u011fi\u015fim ve d\u00f6n\u00fc\u015f\u00fcmlerle ya\u015fay\u0131p gidiyor. Bu de\u011fi\u015fim ve d\u00f6n\u00fc\u015f\u00fcmlerin, resm\u00ee belgelere yans\u0131mas\u0131n\u0131 g\u00f6zden<span class=\"excerpt-hellip\"> [\u2026]<\/span><\/p>\n","protected":false},"featured_media":0,"template":"","meta":{"_monsterinsights_skip_tracking":false,"_monsterinsights_sitenote_active":false,"_monsterinsights_sitenote_note":"","_monsterinsights_sitenote_category":0},"product_brand":[],"product_cat":[13072,12291],"product_tag":[],"class_list":{"0":"post-768374","1":"product","2":"type-product","3":"status-publish","5":"product_cat-arastirma-inceleme-referans","6":"product_cat-edebiyat","7":"pa_cilt-ciltsiz","8":"pa_tur-kitap","9":"pa_yayinevi-korkut-yayinlari","10":"pa_yazar-sadik-k-tural","12":"first","13":"instock","14":"sale","15":"shipping-taxable","16":"purchasable","17":"product-type-simple"},"_links":{"self":[{"href":"https:\/\/roveyayinevi.com.tr\/index.php\/wp-json\/wp\/v2\/product\/768374","targetHints":{"allow":["GET"]}}],"collection":[{"href":"https:\/\/roveyayinevi.com.tr\/index.php\/wp-json\/wp\/v2\/product"}],"about":[{"href":"https:\/\/roveyayinevi.com.tr\/index.php\/wp-json\/wp\/v2\/types\/product"}],"wp:attachment":[{"href":"https:\/\/roveyayinevi.com.tr\/index.php\/wp-json\/wp\/v2\/media?parent=768374"}],"wp:term":[{"taxonomy":"product_brand","embeddable":true,"href":"https:\/\/roveyayinevi.com.tr\/index.php\/wp-json\/wp\/v2\/product_brand?post=768374"},{"taxonomy":"product_cat","embeddable":true,"href":"https:\/\/roveyayinevi.com.tr\/index.php\/wp-json\/wp\/v2\/product_cat?post=768374"},{"taxonomy":"product_tag","embeddable":true,"href":"https:\/\/roveyayinevi.com.tr\/index.php\/wp-json\/wp\/v2\/product_tag?post=768374"}],"curies":[{"name":"wp","href":"https:\/\/api.w.org\/{rel}","templated":true}]}}