{"id":768372,"date":"2025-08-28T13:18:15","date_gmt":"2025-08-28T10:18:15","guid":{"rendered":"https:\/\/roveyayinevi.com.tr\/index.php\/urun\/yalancinin-beden-dili\/"},"modified":"2026-04-15T03:34:07","modified_gmt":"2026-04-15T00:34:07","slug":"yalancinin-beden-dili","status":"publish","type":"product","link":"https:\/\/roveyayinevi.com.tr\/index.php\/urun\/yalancinin-beden-dili\/","title":{"rendered":"Yalanc\u0131n\u0131n Beden Dili"},"content":{"rendered":"<p>Aldat\u0131lmak veya kand\u0131r\u0131lmak herkesin ba\u015f\u0131na gelebilir; ne kadar zeki, ne kadar olgun, ne kadar zengin ya da \u00fcnl\u00fc oldu\u011funuzun hi\u00e7bir \u00f6nemi yok. \u0130\u015f hayat\u0131nda doland\u0131r\u0131lm\u0131\u015f olabilirsiniz, bir arkada\u015f\u0131n\u0131z veya yak\u0131n\u0131n\u0131z taraf\u0131ndan ihanete u\u011fram\u0131\u015f olabilirsiniz ya da e\u015finiz taraf\u0131ndan aldat\u0131lm\u0131\u015f olabilirsiniz. Bununla birlikte yaln\u0131z olmad\u0131\u011f\u0131n\u0131zdan emin olun. D\u00fcnya toksik diye nitelendirdi\u011fimiz yalanc\u0131 insanlarla dolu.\u0130nsanlar\u0131n yalan s\u00f6yleyip s\u00f6ylemedi\u011finden, beden dillerini, y\u00fcz ifadelerini, konu\u015fma kal\u0131plar\u0131n\u0131 ve hatta \u00e7evrimi\u00e7i ortamda yaz\u0131\u015f\u0131rken kulland\u0131klar\u0131 kal\u0131plar\u0131 analiz edene kadar asla emin olamazs\u0131n\u0131z. D\u00fcnyaca \u00fcnl\u00fc beden dili uzman\u0131 Dr. Lillian Glass, birinin aldat\u0131p aldatmad\u0131\u011f\u0131n\u0131 ya da yalan s\u00f6yleyip s\u00f6ylemedi\u011fini anlaman\u0131z\u0131 sa\u011flayacak i\u015faretleri okurlar\u0131yla payla\u015f\u0131yor.Bill Clinton, Lance Armstrong, O. J. Simpson, Kim Kardashian, Lindsay Lohan ve daha bir\u00e7ok \u00fcnl\u00fcn\u00fcn ve haber oda\u011f\u0131n\u0131n yalan s\u00f6yledi\u011fi anda \u00e7ekilmi\u015f foto\u011fraflar\u0131n\u0131n yer ald\u0131\u011f\u0131 bu kitapla aldatma i\u015faretlerini zihninize kaz\u0131yacak ve yalanc\u0131 insanlar sizi tuzaklar\u0131na \u00e7ekemeden, siz onlar\u0131 yakalayacaks\u0131n\u0131z.<\/p>\n","protected":false},"excerpt":{"rendered":"<p>Aldat\u0131lmak veya kand\u0131r\u0131lmak herkesin ba\u015f\u0131na gelebilir; ne kadar zeki, ne kadar olgun, ne kadar zengin ya da \u00fcnl\u00fc oldu\u011funuzun hi\u00e7bir \u00f6nemi yok. \u0130\u015f hayat\u0131nda doland\u0131r\u0131lm\u0131\u015f olabilirsiniz,<span class=\"excerpt-hellip\"> [\u2026]<\/span><\/p>\n","protected":false},"featured_media":0,"template":"","meta":{"_monsterinsights_skip_tracking":false,"_monsterinsights_sitenote_active":false,"_monsterinsights_sitenote_note":"","_monsterinsights_sitenote_category":0},"product_brand":[],"product_cat":[12364,12376],"product_tag":[],"class_list":{"0":"post-768372","1":"product","2":"type-product","3":"status-publish","5":"product_cat-genel-konular","6":"product_cat-kisisel-gelisim","7":"pa_cilt-ciltsiz","8":"pa_tur-kitap","9":"pa_yayinevi-stabil-kitap","10":"pa_yazar-lillian-glass","12":"first","13":"instock","14":"sale","15":"shipping-taxable","16":"purchasable","17":"product-type-simple"},"_links":{"self":[{"href":"https:\/\/roveyayinevi.com.tr\/index.php\/wp-json\/wp\/v2\/product\/768372","targetHints":{"allow":["GET"]}}],"collection":[{"href":"https:\/\/roveyayinevi.com.tr\/index.php\/wp-json\/wp\/v2\/product"}],"about":[{"href":"https:\/\/roveyayinevi.com.tr\/index.php\/wp-json\/wp\/v2\/types\/product"}],"wp:attachment":[{"href":"https:\/\/roveyayinevi.com.tr\/index.php\/wp-json\/wp\/v2\/media?parent=768372"}],"wp:term":[{"taxonomy":"product_brand","embeddable":true,"href":"https:\/\/roveyayinevi.com.tr\/index.php\/wp-json\/wp\/v2\/product_brand?post=768372"},{"taxonomy":"product_cat","embeddable":true,"href":"https:\/\/roveyayinevi.com.tr\/index.php\/wp-json\/wp\/v2\/product_cat?post=768372"},{"taxonomy":"product_tag","embeddable":true,"href":"https:\/\/roveyayinevi.com.tr\/index.php\/wp-json\/wp\/v2\/product_tag?post=768372"}],"curies":[{"name":"wp","href":"https:\/\/api.w.org\/{rel}","templated":true}]}}