{"id":768371,"date":"2025-08-28T13:18:14","date_gmt":"2025-08-28T10:18:14","guid":{"rendered":"https:\/\/roveyayinevi.com.tr\/index.php\/urun\/dunyayi-degistiren-makine\/"},"modified":"2026-04-15T03:34:07","modified_gmt":"2026-04-15T00:34:07","slug":"dunyayi-degistiren-makine","status":"publish","type":"product","link":"https:\/\/roveyayinevi.com.tr\/index.php\/urun\/dunyayi-degistiren-makine\/","title":{"rendered":"D\u00fcnyay\u0131 De\u011fi\u015ftiren Makine"},"content":{"rendered":"<p>D\u00fcnyay\u0131 De\u011fi\u015ftiren Makine ilk kez 1990 y\u0131l\u0131nda yay\u0131nland\u0131\u011f\u0131nda Toyota, General Motors\u2019un yar\u0131s\u0131 b\u00fcy\u00fckl\u00fc\u011f\u00fcndeydi ve y\u0131llar sonra Toyota, d\u00fcnyan\u0131n en b\u00fcy\u00fck otomobil \u00fcreticisi olarak General Motors\u2019u ge\u00e7ti. Toyota\u2019n\u0131n bu kal\u0131c\u0131 ba\u015far\u0131s\u0131n\u0131n temeli olan yal\u0131n \u00fcretim sistemini ortaya koyan ilk kitap olarak D\u00fcnyay\u0131 De\u011fi\u015ftiren Makine\u2019de t\u00fcm yal\u0131n \u00fcretim sisteminin kapsaml\u0131 bir tan\u0131m\u0131 yap\u0131lmaktad\u0131r. Yazarlar Womack, Jones ve Roos, yal\u0131n \u00fcretimin General Motors\u2019un \u00f6nc\u00fcl\u00fc\u011f\u00fcn\u00fc yapt\u0131\u011f\u0131 seri \u00fcretim modeline g\u00f6re avantajlar\u0131n\u0131 kapsaml\u0131 bir \u015fekilde belgeleyip eninde sonunda zafer kazanaca\u011f\u0131n\u0131 belirterek ele alm\u0131\u015flard\u0131r. Sat\u0131\u015ftan da\u011f\u0131t\u0131ma kadar de\u011fer yaratan her faaliyette yal\u0131n \u00fcretimin zafer kazanaca\u011f\u0131n\u0131 savunarak yeni y\u00fczy\u0131ldaki faydalar\u0131 \u00fczerinde durmu\u015flard\u0131r. D\u00fcnyay\u0131 De\u011fi\u015ftiren Makine, otomobil \u00fcretim end\u00fcstrisindeki \u00fc\u00e7 \u00f6nemli alanda devam eden e\u011filimlerden yola \u00e7\u0131karak yal\u0131n \u00fcretimde ba\u015far\u0131y\u0131 ama\u00e7layan  y\u00f6netici ve liderlere kal\u0131c\u0131 ve temel rehberlik sa\u011fl\u0131yor.<\/p>\n","protected":false},"excerpt":{"rendered":"<p>D\u00fcnyay\u0131 De\u011fi\u015ftiren Makine ilk kez 1990 y\u0131l\u0131nda yay\u0131nland\u0131\u011f\u0131nda Toyota, General Motors\u2019un yar\u0131s\u0131 b\u00fcy\u00fckl\u00fc\u011f\u00fcndeydi ve y\u0131llar sonra Toyota, d\u00fcnyan\u0131n en b\u00fcy\u00fck otomobil \u00fcreticisi olarak General Motors\u2019u ge\u00e7ti.<span class=\"excerpt-hellip\"> [\u2026]<\/span><\/p>\n","protected":false},"featured_media":0,"template":"","meta":{"_monsterinsights_skip_tracking":false,"_monsterinsights_sitenote_active":false,"_monsterinsights_sitenote_note":"","_monsterinsights_sitenote_category":0},"product_brand":[],"product_cat":[14841,13043],"product_tag":[],"class_list":{"0":"post-768371","1":"product","2":"type-product","3":"status-publish","5":"product_cat-arastirma-inceleme-kuram","6":"product_cat-ekonomi","7":"pa_cilt-ciltsiz","8":"pa_tur-kitap","9":"pa_yayinevi-stabil-kitap","10":"pa_yazar-james-p-womack-daniel-t-jones-daniel-roos","12":"first","13":"instock","14":"sale","15":"shipping-taxable","16":"purchasable","17":"product-type-simple"},"_links":{"self":[{"href":"https:\/\/roveyayinevi.com.tr\/index.php\/wp-json\/wp\/v2\/product\/768371","targetHints":{"allow":["GET"]}}],"collection":[{"href":"https:\/\/roveyayinevi.com.tr\/index.php\/wp-json\/wp\/v2\/product"}],"about":[{"href":"https:\/\/roveyayinevi.com.tr\/index.php\/wp-json\/wp\/v2\/types\/product"}],"wp:attachment":[{"href":"https:\/\/roveyayinevi.com.tr\/index.php\/wp-json\/wp\/v2\/media?parent=768371"}],"wp:term":[{"taxonomy":"product_brand","embeddable":true,"href":"https:\/\/roveyayinevi.com.tr\/index.php\/wp-json\/wp\/v2\/product_brand?post=768371"},{"taxonomy":"product_cat","embeddable":true,"href":"https:\/\/roveyayinevi.com.tr\/index.php\/wp-json\/wp\/v2\/product_cat?post=768371"},{"taxonomy":"product_tag","embeddable":true,"href":"https:\/\/roveyayinevi.com.tr\/index.php\/wp-json\/wp\/v2\/product_tag?post=768371"}],"curies":[{"name":"wp","href":"https:\/\/api.w.org\/{rel}","templated":true}]}}