{"id":768368,"date":"2025-08-28T13:18:10","date_gmt":"2025-08-28T10:18:10","guid":{"rendered":"https:\/\/roveyayinevi.com.tr\/index.php\/urun\/starbucks-bir-bardak-kahveyle-insan-ruhuna-ilham-vermek\/"},"modified":"2026-04-15T03:34:07","modified_gmt":"2026-04-15T00:34:07","slug":"starbucks-bir-bardak-kahveyle-insan-ruhuna-ilham-vermek","status":"publish","type":"product","link":"https:\/\/roveyayinevi.com.tr\/index.php\/urun\/starbucks-bir-bardak-kahveyle-insan-ruhuna-ilham-vermek\/","title":{"rendered":"Starbucks &#8211; Bir Bardak Kahveyle \u0130nsan Ruhuna \u0130lham Vermek"},"content":{"rendered":"<p>Starbucks Coffee Company\u2019nin ba\u015far\u0131s\u0131 son y\u0131llar\u0131n en \u015fa\u015f\u0131rt\u0131c\u0131 giri\u015fim hik\u00e2yelerinden biri olmaya aday. Seattle sahilinde tek bir ma\u011fazayla ba\u015flayan ve \u00e7ok k\u0131sa s\u00fcrede gezegendeki en b\u00fcy\u00fck kahve zincirine d\u00f6n\u00fc\u015fen Starbucks\u2019\u0131n bu denli b\u00fcy\u00fcmesi inan\u0131lmaz. Bu ola\u011fan\u00fcst\u00fc ba\u015far\u0131da en dikkate de\u011fer \u015fey ise, Starbucks\u2019\u0131n \u00fcr\u00fcnlerinin m\u00fckemmel olmas\u0131 ve \u015firketin \u00e7al\u0131\u015fan memnuniyetine olan ba\u011fl\u0131l\u0131\u011f\u0131n\u0131 s\u00fcrd\u00fcrmesidir. Starbucks\u2019un kurucusu ve eski CEO\u2019su Howard Schultz, Starbucks isimli kitab\u0131nda kahveyi Amerikan deneyiminin nas\u0131l bir par\u00e7as\u0131 haline getirdi\u011fini anlatarak bu b\u00fcy\u00fcme ser\u00fcven\u00fcnde elde etti\u011fi bilgeli\u011fi ve bu kahve imparatorlu\u011funu kurarken titizlikle \u00fczerinde durdu\u011fu ilkeleri okurlarla payla\u015f\u0131yor. Starbucks\u2019\u0131n ge\u00e7mi\u015fine yapacaklar\u0131 yolculukla pazarlamac\u0131lar, y\u00f6neticiler ve hevesli giri\u015fimciler, \u015firketin tarih\u00e7esinin \u0131\u015f\u0131\u011f\u0131nda tutkuyu nas\u0131l k\u00e2r\u00e2 d\u00f6n\u00fc\u015ft\u00fcreceklerini ke\u015ffedecekler.<\/p>\n","protected":false},"excerpt":{"rendered":"<p>Starbucks Coffee Company\u2019nin ba\u015far\u0131s\u0131 son y\u0131llar\u0131n en \u015fa\u015f\u0131rt\u0131c\u0131 giri\u015fim hik\u00e2yelerinden biri olmaya aday. Seattle sahilinde tek bir ma\u011fazayla ba\u015flayan ve \u00e7ok k\u0131sa s\u00fcrede gezegendeki en b\u00fcy\u00fck<span class=\"excerpt-hellip\"> [\u2026]<\/span><\/p>\n","protected":false},"featured_media":0,"template":"","meta":{"_monsterinsights_skip_tracking":false,"_monsterinsights_sitenote_active":false,"_monsterinsights_sitenote_note":"","_monsterinsights_sitenote_category":0},"product_brand":[],"product_cat":[12364,12376],"product_tag":[],"class_list":{"0":"post-768368","1":"product","2":"type-product","3":"status-publish","5":"product_cat-genel-konular","6":"product_cat-kisisel-gelisim","7":"pa_cilt-ciltsiz","8":"pa_tur-kitap","9":"pa_yayinevi-stabil-kitap","10":"pa_yazar-howard-schultz","12":"first","13":"instock","14":"sale","15":"shipping-taxable","16":"purchasable","17":"product-type-simple"},"_links":{"self":[{"href":"https:\/\/roveyayinevi.com.tr\/index.php\/wp-json\/wp\/v2\/product\/768368","targetHints":{"allow":["GET"]}}],"collection":[{"href":"https:\/\/roveyayinevi.com.tr\/index.php\/wp-json\/wp\/v2\/product"}],"about":[{"href":"https:\/\/roveyayinevi.com.tr\/index.php\/wp-json\/wp\/v2\/types\/product"}],"wp:attachment":[{"href":"https:\/\/roveyayinevi.com.tr\/index.php\/wp-json\/wp\/v2\/media?parent=768368"}],"wp:term":[{"taxonomy":"product_brand","embeddable":true,"href":"https:\/\/roveyayinevi.com.tr\/index.php\/wp-json\/wp\/v2\/product_brand?post=768368"},{"taxonomy":"product_cat","embeddable":true,"href":"https:\/\/roveyayinevi.com.tr\/index.php\/wp-json\/wp\/v2\/product_cat?post=768368"},{"taxonomy":"product_tag","embeddable":true,"href":"https:\/\/roveyayinevi.com.tr\/index.php\/wp-json\/wp\/v2\/product_tag?post=768368"}],"curies":[{"name":"wp","href":"https:\/\/api.w.org\/{rel}","templated":true}]}}