{"id":768367,"date":"2025-08-28T13:18:08","date_gmt":"2025-08-28T10:18:08","guid":{"rendered":"https:\/\/roveyayinevi.com.tr\/index.php\/urun\/tesla-sihirbaz\/"},"modified":"2026-04-15T03:34:07","modified_gmt":"2026-04-15T00:34:07","slug":"tesla-sihirbaz","status":"publish","type":"product","link":"https:\/\/roveyayinevi.com.tr\/index.php\/urun\/tesla-sihirbaz\/","title":{"rendered":"Tesla Sihirbaz"},"content":{"rendered":"<p>Radyo, robotlar ve hatta radar i\u00e7in ilham kayna\u011f\u0131 olarak kabul edilen Nikola Tesla (1856-1943), modern elektri\u011fin koruyucu azizi olarak adland\u0131r\u0131lm\u0131\u015ft\u0131r. Orijinal materyale ve daha \u00f6nce mevcut olmayan belgelere dayand\u0131r\u0131larak haz\u0131rlanan bu kitap, bir\u00e7ok ki\u015fi taraf\u0131ndan modern elektrik teknolojisinin kurucu babas\u0131 olarak kabul edilen Tesla\u2019n\u0131n en ayr\u0131nt\u0131l\u0131 bi\u00e7imde ele al\u0131nm\u0131\u015f biyografisidir. Tesla&#8217;n\u0131n \u00e7al\u0131\u015fmalar\u0131 aras\u0131nda alternatif ak\u0131m, floresan ve neon ayd\u0131nlatma yer almaktad\u0131r.\u201cSihirbaz, ola\u011fan\u00fcst\u00fc bir adam\u0131n ger\u00e7ekten dikkate de\u011fer bir biyografisidir. \u2018Zaman\u0131n\u0131n ilerisinde\u2019 ifadesi bug\u00fcn \u00e7ok s\u0131k kullan\u0131l\u0131yor, ancak Nikola Tesla s\u00f6z konusu oldu\u011funda \u2018zaman\u0131n\u0131n ilerisinde\u2019 bu adam\u0131n dehas\u0131n\u0131 anlatmakta kifayetsiz kal\u0131yor. Marc Seifer eseriyle, yaln\u0131zca Tesla\u2019y\u0131 de\u011fil, ya\u015fad\u0131\u011f\u0131 d\u00f6nemi de anlamam\u0131z\u0131 sa\u011fl\u0131yor.\u201dNelson DeMille&#8221;Erken d\u00f6nem elektrik bilimiyle u\u011fra\u015fan b\u00fcy\u00fck bir m\u00fchendisin derin ve kapsaml\u0131 bir biyografisi&#8230; \u015eiddetle tavsiye edilir.\u201dAmerican Association for the Advancement of Science (Amerikan Bilimsel Geli\u015fme Birli\u011fi)\u201cCanl\u0131, a\u00e7\u0131klay\u0131c\u0131. . . bir giri\u015fimci, deneysel fizik\u00e7i ve mucit olarak Tesla&#8217;n\u0131n \u015fimdiye kadarki en kapsaml\u0131 biyografisi.\u201dPublishers Weekly<\/p>\n","protected":false},"excerpt":{"rendered":"<p>Radyo, robotlar ve hatta radar i\u00e7in ilham kayna\u011f\u0131 olarak kabul edilen Nikola Tesla (1856-1943), modern elektri\u011fin koruyucu azizi olarak adland\u0131r\u0131lm\u0131\u015ft\u0131r. Orijinal materyale ve daha \u00f6nce mevcut<span class=\"excerpt-hellip\"> [\u2026]<\/span><\/p>\n","protected":false},"featured_media":0,"template":"","meta":{"_monsterinsights_skip_tracking":false,"_monsterinsights_sitenote_active":false,"_monsterinsights_sitenote_note":"","_monsterinsights_sitenote_category":0},"product_brand":[],"product_cat":[14009,12291],"product_tag":[],"class_list":{"0":"post-768367","1":"product","2":"type-product","3":"status-publish","5":"product_cat-biyografi-otobiyografi-edebiyat","6":"product_cat-edebiyat","7":"pa_cilt-ciltsiz","8":"pa_tur-kitap","9":"pa_yayinevi-stabil-kitap","10":"pa_yazar-marc-j-seifer","12":"first","13":"instock","14":"sale","15":"shipping-taxable","16":"purchasable","17":"product-type-simple"},"_links":{"self":[{"href":"https:\/\/roveyayinevi.com.tr\/index.php\/wp-json\/wp\/v2\/product\/768367","targetHints":{"allow":["GET"]}}],"collection":[{"href":"https:\/\/roveyayinevi.com.tr\/index.php\/wp-json\/wp\/v2\/product"}],"about":[{"href":"https:\/\/roveyayinevi.com.tr\/index.php\/wp-json\/wp\/v2\/types\/product"}],"wp:attachment":[{"href":"https:\/\/roveyayinevi.com.tr\/index.php\/wp-json\/wp\/v2\/media?parent=768367"}],"wp:term":[{"taxonomy":"product_brand","embeddable":true,"href":"https:\/\/roveyayinevi.com.tr\/index.php\/wp-json\/wp\/v2\/product_brand?post=768367"},{"taxonomy":"product_cat","embeddable":true,"href":"https:\/\/roveyayinevi.com.tr\/index.php\/wp-json\/wp\/v2\/product_cat?post=768367"},{"taxonomy":"product_tag","embeddable":true,"href":"https:\/\/roveyayinevi.com.tr\/index.php\/wp-json\/wp\/v2\/product_tag?post=768367"}],"curies":[{"name":"wp","href":"https:\/\/api.w.org\/{rel}","templated":true}]}}