{"id":768366,"date":"2025-08-28T13:18:06","date_gmt":"2025-08-28T10:18:06","guid":{"rendered":"https:\/\/roveyayinevi.com.tr\/index.php\/urun\/konusmayi-kes-harekete-gec\/"},"modified":"2026-04-12T03:25:41","modified_gmt":"2026-04-12T00:25:41","slug":"konusmayi-kes-harekete-gec","status":"publish","type":"product","link":"https:\/\/roveyayinevi.com.tr\/index.php\/urun\/konusmayi-kes-harekete-gec\/","title":{"rendered":"Konu\u015fmay\u0131 Kes, Harekete Ge\u00e7"},"content":{"rendered":"<p>Kendi i\u015fini kurmak, Kuzey Kutbu\u2019na gitmek, yeniden e\u011fitim almak, kilo vermek, ukulele \u00e7almay\u0131 \u00f6\u011frenmek\u2026 Yapmay\u0131 \u00e7ok istedi\u011finiz bir\u00e7ok \u015fey olmas\u0131na ra\u011fmen bir t\u00fcrl\u00fc harekete ge\u00e7emiyor musunuz? Ya da hayat\u0131n\u0131zda bir \u015feyler eksik gibi mi geliyor? Yoksa daha fazlas\u0131 olmas\u0131 gerekti\u011fine dair rahats\u0131z edici bir his i\u00e7inde misiniz? Ger\u00e7ekten yapmak istedi\u011finiz bir \u015fey var ama i\u00e7ten i\u00e7e de onu asla yapamayaca\u011f\u0131n\u0131zdan m\u0131 korkuyorsunuz? O zaman bu kitap tam size g\u00f6re\u2026 E\u011flenceli bir \u015fekilde kaleme al\u0131nm\u0131\u015f olan Konu\u015fmay\u0131 Kes, Harekete Ge\u00e7 sadece i\u015f d\u00fcnyas\u0131ndaki giri\u015fimciler i\u00e7in de\u011fil giri\u015fimci bir ruha sahip olan herkes i\u00e7in de\u011ferli tavsiyelerle \u00f6neriler sunuyor. Hayat\u0131n\u0131zda farkl\u0131 veya daha anlaml\u0131 bir \u015fey yapmak i\u00e7in g\u00fc\u00e7l\u00fc bir arzu duyuyorsan\u0131z, kitapta yer alan uygulama ve al\u0131\u015ft\u0131rmalarla daha h\u0131zl\u0131 ve kolay bir \u015fekilde harekete ge\u00e7eceksiniz.<\/p>\n","protected":false},"excerpt":{"rendered":"<p>Kendi i\u015fini kurmak, Kuzey Kutbu\u2019na gitmek, yeniden e\u011fitim almak, kilo vermek, ukulele \u00e7almay\u0131 \u00f6\u011frenmek\u2026 Yapmay\u0131 \u00e7ok istedi\u011finiz bir\u00e7ok \u015fey olmas\u0131na ra\u011fmen bir t\u00fcrl\u00fc harekete ge\u00e7emiyor musunuz?<span class=\"excerpt-hellip\"> [\u2026]<\/span><\/p>\n","protected":false},"featured_media":0,"template":"","meta":{"_monsterinsights_skip_tracking":false,"_monsterinsights_sitenote_active":false,"_monsterinsights_sitenote_note":"","_monsterinsights_sitenote_category":0},"product_brand":[],"product_cat":[12364,12376],"product_tag":[],"class_list":{"0":"post-768366","1":"product","2":"type-product","3":"status-publish","5":"product_cat-genel-konular","6":"product_cat-kisisel-gelisim","7":"pa_cilt-ciltsiz","8":"pa_tur-kitap","9":"pa_yayinevi-stabil-kitap","10":"pa_yazar-shaa-wasmund","12":"first","13":"instock","14":"sale","15":"shipping-taxable","16":"purchasable","17":"product-type-simple"},"_links":{"self":[{"href":"https:\/\/roveyayinevi.com.tr\/index.php\/wp-json\/wp\/v2\/product\/768366","targetHints":{"allow":["GET"]}}],"collection":[{"href":"https:\/\/roveyayinevi.com.tr\/index.php\/wp-json\/wp\/v2\/product"}],"about":[{"href":"https:\/\/roveyayinevi.com.tr\/index.php\/wp-json\/wp\/v2\/types\/product"}],"wp:attachment":[{"href":"https:\/\/roveyayinevi.com.tr\/index.php\/wp-json\/wp\/v2\/media?parent=768366"}],"wp:term":[{"taxonomy":"product_brand","embeddable":true,"href":"https:\/\/roveyayinevi.com.tr\/index.php\/wp-json\/wp\/v2\/product_brand?post=768366"},{"taxonomy":"product_cat","embeddable":true,"href":"https:\/\/roveyayinevi.com.tr\/index.php\/wp-json\/wp\/v2\/product_cat?post=768366"},{"taxonomy":"product_tag","embeddable":true,"href":"https:\/\/roveyayinevi.com.tr\/index.php\/wp-json\/wp\/v2\/product_tag?post=768366"}],"curies":[{"name":"wp","href":"https:\/\/api.w.org\/{rel}","templated":true}]}}