{"id":768365,"date":"2025-08-28T13:18:05","date_gmt":"2025-08-28T10:18:05","guid":{"rendered":"https:\/\/roveyayinevi.com.tr\/index.php\/urun\/etkin-yonetici-dogru-olani-basarmak-icin-bir-rehber\/"},"modified":"2026-04-15T03:34:07","modified_gmt":"2026-04-15T00:34:07","slug":"etkin-yonetici-dogru-olani-basarmak-icin-bir-rehber","status":"publish","type":"product","link":"https:\/\/roveyayinevi.com.tr\/index.php\/urun\/etkin-yonetici-dogru-olani-basarmak-icin-bir-rehber\/","title":{"rendered":"Etkin Y\u00f6netici: Do\u011fru Olan\u0131 Ba\u015farmak i\u00e7in Bir Rehber"},"content":{"rendered":"<p>Do\u011fru Olan\u0131 Ba\u015farmak i\u00e7in Bir Rehber, Peter F. Drucker\u2019\u0131n y\u00f6netim ve etkinlik konusundaki \u00f6nc\u00fcl \u00e7al\u0131\u015fmalar\u0131na dayan\u0131yor. Peter F. Drucker ve Maciariello, y\u00f6neticiler ile bilgi i\u015f\u00e7ilerine yine Drucker\u2019\u0131n \u00e7al\u0131\u015fmalar\u0131n\u0131n ana temas\u0131ndan olu\u015fan etkili bir eylem plan\u0131 sunuyor. Kitapta kendi \u00e7al\u0131\u015fman\u0131z\u0131 nas\u0131l geli\u015ftirebilece\u011finiz \u00fczerine d\u00fc\u015f\u00fcnmeniz ve yap\u0131lmas\u0131 gereken eylemler i\u00e7in k\u0131\u015fk\u0131rt\u0131c\u0131 sorular yer al\u0131yor. Ayr\u0131ca daha sonra g\u00f6zden ge\u00e7irmeniz ve kullanman\u0131z i\u00e7in d\u00fc\u015f\u00fcncelerinizi kaydedece\u011finiz alanlar da bulunuyor. Bu rehber, Drucker\u2019\u0131n liderlik felsefesinin be\u015f ana aya\u011f\u0131na g\u00f6re nas\u0131l daha iyi bir lider olaca\u011f\u0131n\u0131z konusunda size yol g\u00f6sterici olacakt\u0131r.<\/p>\n","protected":false},"excerpt":{"rendered":"<p>Do\u011fru Olan\u0131 Ba\u015farmak i\u00e7in Bir Rehber, Peter F. Drucker\u2019\u0131n y\u00f6netim ve etkinlik konusundaki \u00f6nc\u00fcl \u00e7al\u0131\u015fmalar\u0131na dayan\u0131yor. Peter F. Drucker ve Maciariello, y\u00f6neticiler ile bilgi i\u015f\u00e7ilerine yine<span class=\"excerpt-hellip\"> [\u2026]<\/span><\/p>\n","protected":false},"featured_media":0,"template":"","meta":{"_monsterinsights_skip_tracking":false,"_monsterinsights_sitenote_active":false,"_monsterinsights_sitenote_note":"","_monsterinsights_sitenote_category":0},"product_brand":[],"product_cat":[13043,17647],"product_tag":[],"class_list":{"0":"post-768365","1":"product","2":"type-product","3":"status-publish","5":"product_cat-ekonomi","6":"product_cat-is-dunyasi","7":"pa_cilt-ciltsiz","8":"pa_tur-kitap","9":"pa_yayinevi-stabil-kitap","10":"pa_yazar-peter-f-drucker-joseph-a-maciariello","12":"first","13":"instock","14":"sale","15":"shipping-taxable","16":"purchasable","17":"product-type-simple"},"_links":{"self":[{"href":"https:\/\/roveyayinevi.com.tr\/index.php\/wp-json\/wp\/v2\/product\/768365","targetHints":{"allow":["GET"]}}],"collection":[{"href":"https:\/\/roveyayinevi.com.tr\/index.php\/wp-json\/wp\/v2\/product"}],"about":[{"href":"https:\/\/roveyayinevi.com.tr\/index.php\/wp-json\/wp\/v2\/types\/product"}],"wp:attachment":[{"href":"https:\/\/roveyayinevi.com.tr\/index.php\/wp-json\/wp\/v2\/media?parent=768365"}],"wp:term":[{"taxonomy":"product_brand","embeddable":true,"href":"https:\/\/roveyayinevi.com.tr\/index.php\/wp-json\/wp\/v2\/product_brand?post=768365"},{"taxonomy":"product_cat","embeddable":true,"href":"https:\/\/roveyayinevi.com.tr\/index.php\/wp-json\/wp\/v2\/product_cat?post=768365"},{"taxonomy":"product_tag","embeddable":true,"href":"https:\/\/roveyayinevi.com.tr\/index.php\/wp-json\/wp\/v2\/product_tag?post=768365"}],"curies":[{"name":"wp","href":"https:\/\/api.w.org\/{rel}","templated":true}]}}