{"id":768363,"date":"2025-08-28T13:18:01","date_gmt":"2025-08-28T10:18:01","guid":{"rendered":"https:\/\/roveyayinevi.com.tr\/index.php\/urun\/mutluluk-dagitmak\/"},"modified":"2026-04-13T03:30:23","modified_gmt":"2026-04-13T00:30:23","slug":"mutluluk-dagitmak","status":"publish","type":"product","link":"https:\/\/roveyayinevi.com.tr\/index.php\/urun\/mutluluk-dagitmak\/","title":{"rendered":"Mutluluk Da\u011f\u0131tmak"},"content":{"rendered":"<p>\u201c\u2018Hayattaki amac\u0131n\u0131z nedir?\u2019 Bu soruyu farkl\u0131 insanlara y\u00f6neltiyor ve farkl\u0131 farkl\u0131 cevaplar al\u0131yorum. Baz\u0131lar\u0131 bir \u015firket kurmak istiyor. Baz\u0131lar\u0131 bir k\u0131z arkada\u015f\u0131 ya da erkek arkada\u015f\u0131 olsun istiyor. Baz\u0131lar\u0131ysa sadece sa\u011fl\u0131kl\u0131 olmak istedi\u011fini s\u00f6yl\u00fcyor. Cevab\u0131n\u0131z her ne olursa olsun \u015fimdi de sizden \u015fu soruyu cevaplaman\u0131z\u0131 istiyorum: \u2018Neden?\u2019\u201d Tony Hsieh, k\u00fc\u00e7\u00fck bir \u00e7ocukken kurdu\u011fu solucan \u00e7iftli\u011finde duydu\u011fu heyecan\u0131n \u00fcniversiteden mezun olduktan hemen sonra kurdu\u011fu LinkExchange firmas\u0131nda tutkuya ve ba\u015far\u0131ya, k\u0131saca paradan \u00f6te ama\u00e7lara evrildi\u011fini fark eder. \u0130nan\u00e7la, inatla ve \u00f6zveriyle ba\u011fl\u0131 oldu\u011fu Zappos firmas\u0131na yat\u0131r\u0131mc\u0131 olarak kat\u0131l\u0131rken yap\u0131lmas\u0131 gerekenin aksine yat\u0131r\u0131mc\u0131dan \u00f6te davranarak t\u00fcm maddi ve manevi olanaklar\u0131n\u0131 bu fikir ve inan\u00e7 do\u011frultusunda kullan\u0131r ve \u015firketin zorlu g\u00fcnleri geride b\u0131rakmas\u0131na yard\u0131mc\u0131 olarak b\u00fcy\u00fck bir ba\u015far\u0131 kazanmas\u0131n\u0131 sa\u011flar. Ba\u015far\u0131l\u0131 bir i\u015f insan\u0131 ve bir birey olarak Tony Hsieh\u2019in nihayetinde \u201cNeden\u201d sorusuna verdi\u011fi yan\u0131t ise basittir: \u201cMutluluk Da\u011f\u0131tmak!\u201d<\/p>\n","protected":false},"excerpt":{"rendered":"<p>\u201c\u2018Hayattaki amac\u0131n\u0131z nedir?\u2019 Bu soruyu farkl\u0131 insanlara y\u00f6neltiyor ve farkl\u0131 farkl\u0131 cevaplar al\u0131yorum. Baz\u0131lar\u0131 bir \u015firket kurmak istiyor. Baz\u0131lar\u0131 bir k\u0131z arkada\u015f\u0131 ya da erkek arkada\u015f\u0131<span class=\"excerpt-hellip\"> [\u2026]<\/span><\/p>\n","protected":false},"featured_media":0,"template":"","meta":{"_monsterinsights_skip_tracking":false,"_monsterinsights_sitenote_active":false,"_monsterinsights_sitenote_note":"","_monsterinsights_sitenote_category":0},"product_brand":[],"product_cat":[12364,12376],"product_tag":[],"class_list":{"0":"post-768363","1":"product","2":"type-product","3":"status-publish","5":"product_cat-genel-konular","6":"product_cat-kisisel-gelisim","7":"pa_cilt-ciltsiz","8":"pa_tur-kitap","9":"pa_yayinevi-stabil-kitap","10":"pa_yazar-tony-hsieh","12":"first","13":"instock","14":"sale","15":"shipping-taxable","16":"purchasable","17":"product-type-simple"},"_links":{"self":[{"href":"https:\/\/roveyayinevi.com.tr\/index.php\/wp-json\/wp\/v2\/product\/768363","targetHints":{"allow":["GET"]}}],"collection":[{"href":"https:\/\/roveyayinevi.com.tr\/index.php\/wp-json\/wp\/v2\/product"}],"about":[{"href":"https:\/\/roveyayinevi.com.tr\/index.php\/wp-json\/wp\/v2\/types\/product"}],"wp:attachment":[{"href":"https:\/\/roveyayinevi.com.tr\/index.php\/wp-json\/wp\/v2\/media?parent=768363"}],"wp:term":[{"taxonomy":"product_brand","embeddable":true,"href":"https:\/\/roveyayinevi.com.tr\/index.php\/wp-json\/wp\/v2\/product_brand?post=768363"},{"taxonomy":"product_cat","embeddable":true,"href":"https:\/\/roveyayinevi.com.tr\/index.php\/wp-json\/wp\/v2\/product_cat?post=768363"},{"taxonomy":"product_tag","embeddable":true,"href":"https:\/\/roveyayinevi.com.tr\/index.php\/wp-json\/wp\/v2\/product_tag?post=768363"}],"curies":[{"name":"wp","href":"https:\/\/api.w.org\/{rel}","templated":true}]}}