{"id":768362,"date":"2025-08-28T13:18:00","date_gmt":"2025-08-28T10:18:00","guid":{"rendered":"https:\/\/roveyayinevi.com.tr\/index.php\/urun\/buyuk-inisiyeler-dinlerin-gizli-tarihi\/"},"modified":"2026-04-15T03:34:07","modified_gmt":"2026-04-15T00:34:07","slug":"buyuk-inisiyeler-dinlerin-gizli-tarihi","status":"publish","type":"product","link":"https:\/\/roveyayinevi.com.tr\/index.php\/urun\/buyuk-inisiyeler-dinlerin-gizli-tarihi\/","title":{"rendered":"B\u00fcy\u00fck \u0130nisiyeler Dinlerin Gizli Tarihi"},"content":{"rendered":"<p>\u0130nsan\u0131n varoldu\u011fu uzun y\u00fczy\u0131llar\u0131 kapsayan B\u00fcy\u00fck \u0130nisiyeler, b\u00fcy\u00fck aray\u0131\u015f\u0131m\u0131za, hatta belki de en b\u00fcy\u00fck aray\u0131\u015f\u0131m\u0131za yer vermektedir. Y\u0131llara meydan okuyan bu eserde, hepimizin bildi\u011fi tarihin arkas\u0131ndaki motivasyonlar, dini m\u00fccadelenin b\u00fcy\u00fcmesi, k\u00fclt\u00fcrlerin y\u00fckseli\u015fi ve d\u00fc\u015f\u00fc\u015f\u00fc anlat\u0131lmakta olup bug\u00fcn bizim i\u00e7in olan \u00f6nemlerine \u0131\u015f\u0131k tutuluyor. Ola\u011fan\u00fcst\u00fc nitelikteki insanlar\u0131n hayatlar\u0131n\u0131 ve eylemlerini g\u00f6zler \u00f6n\u00fcne seriyor: Rama, Kri\u015fna, Hermes, Musa, Orfeus, Pisagor, Platon ve \u0130sa. Bu insanlardan yola \u00e7\u0131karak ruhsal tek\u00e2m\u00fcle giden yoldaki ta\u015flar\u0131 d\u00f6\u015f\u00fcyor tek tek. Bu sayfalar\u0131 okurken yarat\u0131c\u0131 insanlar\u0131n en y\u00fcce anlar\u0131nda deneyimledikleri ruhsal ser\u00fcvene tan\u0131k olacaks\u0131n\u0131z.<\/p>\n","protected":false},"excerpt":{"rendered":"<p>\u0130nsan\u0131n varoldu\u011fu uzun y\u00fczy\u0131llar\u0131 kapsayan B\u00fcy\u00fck \u0130nisiyeler, b\u00fcy\u00fck aray\u0131\u015f\u0131m\u0131za, hatta belki de en b\u00fcy\u00fck aray\u0131\u015f\u0131m\u0131za yer vermektedir. Y\u0131llara meydan okuyan bu eserde, hepimizin bildi\u011fi tarihin arkas\u0131ndaki<span class=\"excerpt-hellip\"> [\u2026]<\/span><\/p>\n","protected":false},"featured_media":0,"template":"","meta":{"_monsterinsights_skip_tracking":false,"_monsterinsights_sitenote_active":false,"_monsterinsights_sitenote_note":"","_monsterinsights_sitenote_category":0},"product_brand":[],"product_cat":[12718,12858],"product_tag":[],"class_list":{"0":"post-768362","1":"product","2":"type-product","3":"status-publish","5":"product_cat-din","6":"product_cat-mitolojiler","7":"pa_cilt-ciltsiz","8":"pa_tur-kitap","9":"pa_yayinevi-stabil-kitap","10":"pa_yazar-edouard-schure","12":"first","13":"instock","14":"sale","15":"shipping-taxable","16":"purchasable","17":"product-type-simple"},"_links":{"self":[{"href":"https:\/\/roveyayinevi.com.tr\/index.php\/wp-json\/wp\/v2\/product\/768362","targetHints":{"allow":["GET"]}}],"collection":[{"href":"https:\/\/roveyayinevi.com.tr\/index.php\/wp-json\/wp\/v2\/product"}],"about":[{"href":"https:\/\/roveyayinevi.com.tr\/index.php\/wp-json\/wp\/v2\/types\/product"}],"wp:attachment":[{"href":"https:\/\/roveyayinevi.com.tr\/index.php\/wp-json\/wp\/v2\/media?parent=768362"}],"wp:term":[{"taxonomy":"product_brand","embeddable":true,"href":"https:\/\/roveyayinevi.com.tr\/index.php\/wp-json\/wp\/v2\/product_brand?post=768362"},{"taxonomy":"product_cat","embeddable":true,"href":"https:\/\/roveyayinevi.com.tr\/index.php\/wp-json\/wp\/v2\/product_cat?post=768362"},{"taxonomy":"product_tag","embeddable":true,"href":"https:\/\/roveyayinevi.com.tr\/index.php\/wp-json\/wp\/v2\/product_tag?post=768362"}],"curies":[{"name":"wp","href":"https:\/\/api.w.org\/{rel}","templated":true}]}}