{"id":768361,"date":"2025-08-28T13:17:58","date_gmt":"2025-08-28T10:17:58","guid":{"rendered":"https:\/\/roveyayinevi.com.tr\/index.php\/urun\/savasci-tanricanin-yolu\/"},"modified":"2026-04-15T03:34:07","modified_gmt":"2026-04-15T00:34:07","slug":"savasci-tanricanin-yolu","status":"publish","type":"product","link":"https:\/\/roveyayinevi.com.tr\/index.php\/urun\/savasci-tanricanin-yolu\/","title":{"rendered":"Sava\u015f\u00e7\u0131 Tanr\u0131\u00e7an\u0131n Yolu"},"content":{"rendered":"<p>\u201c\u00c7atalh\u00f6y\u00fck ve di\u011fer neolitik yerle\u015fim yerlerinden elde edilen veriler, kad\u0131nlar\u0131n lider ve zanaatk\u00e2r oldu\u011fu bu toplumlarda kad\u0131n\u0131n erke\u011fe tabi olmad\u0131\u011f\u0131n\u0131 g\u00f6steriyor. Di\u015fi ve erke\u011fin kutsal birli\u011fi \u00f6nemli bir dini gizem olmas\u0131na ra\u011fmen, evreni yaratan ve y\u00f6neten g\u00fc\u00e7ler genellikle bir tanr\u0131dan \u00e7ok bir tanr\u0131\u00e7a olarak tasvir edilmi\u015ftir.\u201d \u2014Riane EislerD\u00fcnya bir de\u011fi\u015fimden ge\u00e7iyor ve yeni bir \u00e7a\u011f\u0131n sanc\u0131lar\u0131 her yerde kendini g\u00f6steriyor. Bu s\u00fcre\u00e7te do\u011fa bizden i\u00e7imizdeki sava\u015f\u00e7\u0131y\u0131 ve di\u015fil enerjiyi \u00e7\u0131karmam\u0131z\u0131 istiyor. Bug\u00fcne kadar biz kad\u0131nlar; i\u00e7inde ya\u015fad\u0131\u011f\u0131m\u0131z toplum, ailemiz ve hatta kendi e\u015fimiz ve \u00e7ocuklar\u0131m\u0131z taraf\u0131ndan s\u0131n\u0131rland\u0131r\u0131ld\u0131k, belirli kal\u0131plar\u0131n i\u00e7ine sokulduk. Kim ve nas\u0131l olmam\u0131z gerekti\u011fiyle ilgili dayatmalardan kurtulamad\u0131k. Oysa art\u0131k kim oldu\u011fumuzu ke\u015ffetmenin, ger\u00e7ek sesimizi bast\u0131rmadan hayata ve do\u011faya kar\u0131\u015fman\u0131n vakti geldi. HeatherAsh Amara, kadim \u00f6\u011fretileri ve deneyimlerini payla\u015farak biz kad\u0131nlar\u0131n kendiyle ba\u011flant\u0131 kurmas\u0131na yard\u0131mc\u0131 oluyor. Ger\u00e7ekte kim oldu\u011fumuzu ke\u015ffedece\u011fimiz bu yolculukta, \u0130lahi Olan\u2019\u0131n di\u015fil yans\u0131mas\u0131n\u0131 g\u00f6rmemiz i\u00e7in bize rehberlik ediyor. Kadim zamanlardan beri i\u00e7imizde ta\u015f\u0131d\u0131\u011f\u0131m\u0131z Sava\u015f\u00e7\u0131 Tanr\u0131\u00e7ay\u0131 uyand\u0131rmak i\u00e7in biz kad\u0131nlara \u201cArt\u0131k uyan\u0131n!\u201d \u00e7a\u011fr\u0131s\u0131 yap\u0131yor. Bu \u00e7a\u011fr\u0131y\u0131 duymak i\u00e7in asl\u0131nda evrene ait olan kalbinizin sesine kulak vermeniz ve t\u00fcm kalbinizi sevgiyle doldurman\u0131z yeterli.<\/p>\n","protected":false},"excerpt":{"rendered":"<p>\u201c\u00c7atalh\u00f6y\u00fck ve di\u011fer neolitik yerle\u015fim yerlerinden elde edilen veriler, kad\u0131nlar\u0131n lider ve zanaatk\u00e2r oldu\u011fu bu toplumlarda kad\u0131n\u0131n erke\u011fe tabi olmad\u0131\u011f\u0131n\u0131 g\u00f6steriyor. Di\u015fi ve erke\u011fin kutsal birli\u011fi<span class=\"excerpt-hellip\"> [\u2026]<\/span><\/p>\n","protected":false},"featured_media":0,"template":"","meta":{"_monsterinsights_skip_tracking":false,"_monsterinsights_sitenote_active":false,"_monsterinsights_sitenote_note":"","_monsterinsights_sitenote_category":0},"product_brand":[],"product_cat":[12364,12376],"product_tag":[],"class_list":{"0":"post-768361","1":"product","2":"type-product","3":"status-publish","5":"product_cat-genel-konular","6":"product_cat-kisisel-gelisim","7":"pa_cilt-ciltsiz","8":"pa_tur-kitap","9":"pa_yayinevi-stabil-kitap","10":"pa_yazar-heatherash-amara","12":"first","13":"instock","14":"sale","15":"shipping-taxable","16":"purchasable","17":"product-type-simple"},"_links":{"self":[{"href":"https:\/\/roveyayinevi.com.tr\/index.php\/wp-json\/wp\/v2\/product\/768361","targetHints":{"allow":["GET"]}}],"collection":[{"href":"https:\/\/roveyayinevi.com.tr\/index.php\/wp-json\/wp\/v2\/product"}],"about":[{"href":"https:\/\/roveyayinevi.com.tr\/index.php\/wp-json\/wp\/v2\/types\/product"}],"wp:attachment":[{"href":"https:\/\/roveyayinevi.com.tr\/index.php\/wp-json\/wp\/v2\/media?parent=768361"}],"wp:term":[{"taxonomy":"product_brand","embeddable":true,"href":"https:\/\/roveyayinevi.com.tr\/index.php\/wp-json\/wp\/v2\/product_brand?post=768361"},{"taxonomy":"product_cat","embeddable":true,"href":"https:\/\/roveyayinevi.com.tr\/index.php\/wp-json\/wp\/v2\/product_cat?post=768361"},{"taxonomy":"product_tag","embeddable":true,"href":"https:\/\/roveyayinevi.com.tr\/index.php\/wp-json\/wp\/v2\/product_tag?post=768361"}],"curies":[{"name":"wp","href":"https:\/\/api.w.org\/{rel}","templated":true}]}}