{"id":768360,"date":"2025-08-28T13:17:57","date_gmt":"2025-08-28T10:17:57","guid":{"rendered":"https:\/\/roveyayinevi.com.tr\/index.php\/urun\/bebeginiz-icin-adim-adim-uyku-rehberi\/"},"modified":"2026-04-15T03:34:07","modified_gmt":"2026-04-15T00:34:07","slug":"bebeginiz-icin-adim-adim-uyku-rehberi","status":"publish","type":"product","link":"https:\/\/roveyayinevi.com.tr\/index.php\/urun\/bebeginiz-icin-adim-adim-uyku-rehberi\/","title":{"rendered":"Bebe\u011finiz \u0130\u00e7in Ad\u0131m Ad\u0131m Uyku Rehberi"},"content":{"rendered":"<p>\u201cBir \u00e7ocuk doktoru olarak hastalar\u0131ma nadiren kitap \u00f6neririm \u00e7\u00fcnk\u00fc bu kitaplar s\u0131kl\u0131kla kafa kar\u0131\u015ft\u0131r\u0131r ve sinir bozar. Suzy Giordano\u2019nun kitab\u0131 \u00f6yle de\u011fil. Asl\u0131nda hastalar\u0131ma \u00f6nerdi\u011fim ilk ve tek kitap. Hastanede bu kitab\u0131 okuyan anne-babalardan co\u015fkulu yorumlar duyuyorum. Bebeklerinin geli\u015fiminde b\u00fcy\u00fck \u00f6nem ta\u015f\u0131yan gece uykusu konusunda yard\u0131mc\u0131 olabilecek bu kitap \u00e7i\u00e7e\u011fi burnunda anne-babalar\u0131n ba\u015fucu kitab\u0131 olmal\u0131. Suzy Giordano\u2019yla \u015fahsen \u00e7al\u0131\u015ft\u0131m, mucizeler yaratt\u0131\u011f\u0131na tan\u0131k oldum&#8230; Bebekleri \u00e7ok iyi tan\u0131yor, dahas\u0131 onlar\u0131 nas\u0131l uyutaca\u011f\u0131n\u0131 \u00e7ok iyi biliyor. Nereden mi biliyorum? \u00c7\u00fcnk\u00fc kitab\u0131nda anlatt\u0131\u011f\u0131 y\u00f6ntemi \u00fc\u00e7 \u00e7ocu\u011fumda da uygulayarak ba\u015far\u0131l\u0131 sonu\u00e7lar elde ettim. Suzy Giordano, yorucu olmas\u0131n\u0131 bir kenara koyuyorum, son derece karma\u015f\u0131k ve kafa kar\u0131\u015ft\u0131r\u0131c\u0131 bir meseleyi basit bir \u00e7\u00f6z\u00fcme ula\u015ft\u0131r\u0131yor. Benim kitab\u0131mda bu kad\u0131n bir s\u00fcper star!\u201d\u2014 Dr. Philip D. Floyd, American Academy of PediatricsEbeveynlik zor i\u015f. Bir ebeveyn i\u00e7in yenido\u011fan bir bebek uykusuz ge\u00e7en saatler, g\u00fcnler, hatta haftalar demek! Peki, size Suzy Giordano\u2019nun y\u00f6ntemiyle hem bebe\u011finizin hem de sizin rahat ve deliksiz bir \u015fekilde uyuyabilece\u011finizi s\u00f6yleseydik, ne d\u00fc\u015f\u00fcn\u00fcrd\u00fcn\u00fcz?Basit ve ad\u0131m ad\u0131m \u00f6rneklerle anla\u015f\u0131l\u0131r \u015fekilde kaleme al\u0131nan bu kitapta Suzy Giordano, on iki haftal\u0131kken herhangi bir bebe\u011fin gece on iki saat ve g\u00fcnd\u00fcz \u00fc\u00e7 saat uyumas\u0131n\u0131 sa\u011flayacak inan\u0131lmaz derecede etkili bir \u00e7\u00f6z\u00fcm sunuyor.\u0130ster hamile olun, ister ilk kez anne-baba olun, ister ikinci veya \u00fc\u00e7\u00fcnc\u00fc \u00e7ocu\u011funuzda farkl\u0131 bir yol arayan bir ebeveyn olun, hem bebe\u011finiz hem de siz rahat bir uykuyu hak ediyorsunuz!<\/p>\n","protected":false},"excerpt":{"rendered":"<p>\u201cBir \u00e7ocuk doktoru olarak hastalar\u0131ma nadiren kitap \u00f6neririm \u00e7\u00fcnk\u00fc bu kitaplar s\u0131kl\u0131kla kafa kar\u0131\u015ft\u0131r\u0131r ve sinir bozar. Suzy Giordano\u2019nun kitab\u0131 \u00f6yle de\u011fil. Asl\u0131nda hastalar\u0131ma \u00f6nerdi\u011fim ilk<span class=\"excerpt-hellip\"> [\u2026]<\/span><\/p>\n","protected":false},"featured_media":0,"template":"","meta":{"_monsterinsights_skip_tracking":false,"_monsterinsights_sitenote_active":false,"_monsterinsights_sitenote_note":"","_monsterinsights_sitenote_category":0},"product_brand":[],"product_cat":[17996,12364],"product_tag":[],"class_list":{"0":"post-768360","1":"product","2":"type-product","3":"status-publish","5":"product_cat-ebeveyn-kitaplari","6":"product_cat-genel-konular","7":"pa_cilt-ciltsiz","8":"pa_tur-kitap","9":"pa_yayinevi-stabil-kitap","10":"pa_yazar-suzy-giordano-lisa-abidin","12":"first","13":"instock","14":"sale","15":"shipping-taxable","16":"purchasable","17":"product-type-simple"},"_links":{"self":[{"href":"https:\/\/roveyayinevi.com.tr\/index.php\/wp-json\/wp\/v2\/product\/768360","targetHints":{"allow":["GET"]}}],"collection":[{"href":"https:\/\/roveyayinevi.com.tr\/index.php\/wp-json\/wp\/v2\/product"}],"about":[{"href":"https:\/\/roveyayinevi.com.tr\/index.php\/wp-json\/wp\/v2\/types\/product"}],"wp:attachment":[{"href":"https:\/\/roveyayinevi.com.tr\/index.php\/wp-json\/wp\/v2\/media?parent=768360"}],"wp:term":[{"taxonomy":"product_brand","embeddable":true,"href":"https:\/\/roveyayinevi.com.tr\/index.php\/wp-json\/wp\/v2\/product_brand?post=768360"},{"taxonomy":"product_cat","embeddable":true,"href":"https:\/\/roveyayinevi.com.tr\/index.php\/wp-json\/wp\/v2\/product_cat?post=768360"},{"taxonomy":"product_tag","embeddable":true,"href":"https:\/\/roveyayinevi.com.tr\/index.php\/wp-json\/wp\/v2\/product_tag?post=768360"}],"curies":[{"name":"wp","href":"https:\/\/api.w.org\/{rel}","templated":true}]}}