{"id":768359,"date":"2025-08-28T13:17:56","date_gmt":"2025-08-28T10:17:56","guid":{"rendered":"https:\/\/roveyayinevi.com.tr\/index.php\/urun\/para-nasil-kaybedilir\/"},"modified":"2026-04-15T03:34:07","modified_gmt":"2026-04-15T00:34:07","slug":"para-nasil-kaybedilir","status":"publish","type":"product","link":"https:\/\/roveyayinevi.com.tr\/index.php\/urun\/para-nasil-kaybedilir\/","title":{"rendered":"Para Nas\u0131l Kaybedilir?"},"content":{"rendered":"<p>B\u0131km\u0131\u015f Broker, nam\u0131di\u011fer \u201cBabo\u201d olarak bilindi. Bir d\u00f6nem moderat\u00f6rl\u00fc\u011f\u00fcn\u00fc yapt\u0131\u011f\u0131, \u00fclkenin bir numaras\u0131 \u201chisse.net forum\u201dda bu lakab\u0131yla tan\u0131nd\u0131, sevildi. Al\u0131\u015f\u0131lm\u0131\u015f\u0131n aksine kimli\u011fini, bilgisini, tecr\u00fcbesini forumlarda hi\u00e7 saklamad\u0131. \u00c7ok say\u0131da hevesli gen\u00e7 teknik\/temel bilgi talep etti\u011finde bilgisini esirgemedi ve onlar\u0131n yeti\u015fmesine katk\u0131 sa\u011flad\u0131. \u201cAlt\u0131n Vuru\u015f\u201d saptamalar\u0131yla endeks d\u00f6n\u00fcmleri \u00f6ncesine \u0131\u015f\u0131k tuttu. Net analizlerini genelde ne\u015feyle harmanlad\u0131, zevkle okunanan kendine \u00f6zg\u00fc bir stil olu\u015fturdu. \u00c7omak soktuklar\u0131n\u0131n sald\u0131r\u0131lar\u0131nda \u0131srarla analizlerinin arkas\u0131nda durdu. Ancak kesinlikle kavgaya d\u00f6n\u00fc\u015ft\u00fcrmedi, yaz\u0131yla at\u0131\u015ft\u0131klar\u0131yla bile bir zaman sonra ayn\u0131 masada oturmay\u0131 bildi. Yurdumuzun borsas\u0131n\u0131n tarihini bir de iyi bir analist, g\u00fczel bir kalp, varl\u0131\u011f\u0131yla \u00f6v\u00fcn\u00fclecek bir dost olan Babo\u2019nun g\u00f6z\u00fcnden izleyin derim. Serdar Ku\u015f\u00e7uo\u011flu<\/p>\n","protected":false},"excerpt":{"rendered":"<p>B\u0131km\u0131\u015f Broker, nam\u0131di\u011fer \u201cBabo\u201d olarak bilindi. Bir d\u00f6nem moderat\u00f6rl\u00fc\u011f\u00fcn\u00fc yapt\u0131\u011f\u0131, \u00fclkenin bir numaras\u0131 \u201chisse.net forum\u201dda bu lakab\u0131yla tan\u0131nd\u0131, sevildi. Al\u0131\u015f\u0131lm\u0131\u015f\u0131n aksine kimli\u011fini, bilgisini, tecr\u00fcbesini forumlarda hi\u00e7<span class=\"excerpt-hellip\"> [\u2026]<\/span><\/p>\n","protected":false},"featured_media":0,"template":"","meta":{"_monsterinsights_skip_tracking":false,"_monsterinsights_sitenote_active":false,"_monsterinsights_sitenote_note":"","_monsterinsights_sitenote_category":0},"product_brand":[],"product_cat":[13043,17647],"product_tag":[],"class_list":{"0":"post-768359","1":"product","2":"type-product","3":"status-publish","5":"product_cat-ekonomi","6":"product_cat-is-dunyasi","7":"pa_cilt-ciltsiz","8":"pa_tur-kitap","9":"pa_yayinevi-stabil-kitap","10":"pa_yazar-mustafa-nedim-kutan","12":"first","13":"instock","14":"sale","15":"shipping-taxable","16":"purchasable","17":"product-type-simple"},"_links":{"self":[{"href":"https:\/\/roveyayinevi.com.tr\/index.php\/wp-json\/wp\/v2\/product\/768359","targetHints":{"allow":["GET"]}}],"collection":[{"href":"https:\/\/roveyayinevi.com.tr\/index.php\/wp-json\/wp\/v2\/product"}],"about":[{"href":"https:\/\/roveyayinevi.com.tr\/index.php\/wp-json\/wp\/v2\/types\/product"}],"wp:attachment":[{"href":"https:\/\/roveyayinevi.com.tr\/index.php\/wp-json\/wp\/v2\/media?parent=768359"}],"wp:term":[{"taxonomy":"product_brand","embeddable":true,"href":"https:\/\/roveyayinevi.com.tr\/index.php\/wp-json\/wp\/v2\/product_brand?post=768359"},{"taxonomy":"product_cat","embeddable":true,"href":"https:\/\/roveyayinevi.com.tr\/index.php\/wp-json\/wp\/v2\/product_cat?post=768359"},{"taxonomy":"product_tag","embeddable":true,"href":"https:\/\/roveyayinevi.com.tr\/index.php\/wp-json\/wp\/v2\/product_tag?post=768359"}],"curies":[{"name":"wp","href":"https:\/\/api.w.org\/{rel}","templated":true}]}}