{"id":768358,"date":"2025-08-28T13:17:54","date_gmt":"2025-08-28T10:17:54","guid":{"rendered":"https:\/\/roveyayinevi.com.tr\/index.php\/urun\/iyi-yazmak-uzerine-duzyazi-icin-yol-haritasi\/"},"modified":"2026-04-11T03:32:24","modified_gmt":"2026-04-11T00:32:24","slug":"iyi-yazmak-uzerine-duzyazi-icin-yol-haritasi","status":"publish","type":"product","link":"https:\/\/roveyayinevi.com.tr\/index.php\/urun\/iyi-yazmak-uzerine-duzyazi-icin-yol-haritasi\/","title":{"rendered":"\u0130yi Yazmak \u00dczerine: D\u00fczyaz\u0131 \u0130\u00e7in Yol Haritas\u0131"},"content":{"rendered":"<p>William Zinsser\u2019in Yale\u2019de verdi\u011fi bir dersten do\u011fan \u0130yi Yazmak \u00dczerine, sa\u011flam tavsiyeleri, a\u00e7\u0131kl\u0131\u011f\u0131 ve samimi \u00fcslubu nedeniyle \u00f6vg\u00fcler ald\u0131. Yazmay\u0131 \u00f6\u011frenmek isteyen ya da hemen hemen herkesin yapt\u0131\u011f\u0131 gibi g\u00fcn\u00fc kurtarmak i\u00e7in biraz yazmaya ihtiya\u00e7 duyan herkesin okuyacabilece\u011fi bir kitap. \u0130nsanlar veya yerler, bilim ve teknoloji, i\u015f d\u00fcnyas\u0131, spor, sanat veya giderek daha pop\u00fcler hale gelen an\u0131 t\u00fcr\u00fcnde bir eser kaleme almak istiyorsan\u0131z, \u0130yi Yazmak \u00dczerine sizlere temel ilkelerle birlikte nas\u0131l yaz\u0131ld\u0131\u011f\u0131na dair sa\u011flam i\u00e7g\u00f6r\u00fcler sunuyor. Bir milyondan fazla satan bu kitap zamana kar\u015f\u0131 g\u00fcncelli\u011fini koruyup yazarlar ve yazar adaylar\u0131 i\u00e7in de\u011ferli bir ba\u015fucu kitab\u0131 olmaya devam ediyor.<\/p>\n","protected":false},"excerpt":{"rendered":"<p>William Zinsser\u2019in Yale\u2019de verdi\u011fi bir dersten do\u011fan \u0130yi Yazmak \u00dczerine, sa\u011flam tavsiyeleri, a\u00e7\u0131kl\u0131\u011f\u0131 ve samimi \u00fcslubu nedeniyle \u00f6vg\u00fcler ald\u0131. Yazmay\u0131 \u00f6\u011frenmek isteyen ya da hemen hemen<span class=\"excerpt-hellip\"> [\u2026]<\/span><\/p>\n","protected":false},"featured_media":0,"template":"","meta":{"_monsterinsights_skip_tracking":false,"_monsterinsights_sitenote_active":false,"_monsterinsights_sitenote_note":"","_monsterinsights_sitenote_category":0},"product_brand":[],"product_cat":[12364,12376],"product_tag":[],"class_list":{"0":"post-768358","1":"product","2":"type-product","3":"status-publish","5":"product_cat-genel-konular","6":"product_cat-kisisel-gelisim","7":"pa_cilt-ciltsiz","8":"pa_tur-kitap","9":"pa_yayinevi-stabil-kitap","10":"pa_yazar-william-zinsser","12":"first","13":"instock","14":"sale","15":"shipping-taxable","16":"purchasable","17":"product-type-simple"},"_links":{"self":[{"href":"https:\/\/roveyayinevi.com.tr\/index.php\/wp-json\/wp\/v2\/product\/768358","targetHints":{"allow":["GET"]}}],"collection":[{"href":"https:\/\/roveyayinevi.com.tr\/index.php\/wp-json\/wp\/v2\/product"}],"about":[{"href":"https:\/\/roveyayinevi.com.tr\/index.php\/wp-json\/wp\/v2\/types\/product"}],"wp:attachment":[{"href":"https:\/\/roveyayinevi.com.tr\/index.php\/wp-json\/wp\/v2\/media?parent=768358"}],"wp:term":[{"taxonomy":"product_brand","embeddable":true,"href":"https:\/\/roveyayinevi.com.tr\/index.php\/wp-json\/wp\/v2\/product_brand?post=768358"},{"taxonomy":"product_cat","embeddable":true,"href":"https:\/\/roveyayinevi.com.tr\/index.php\/wp-json\/wp\/v2\/product_cat?post=768358"},{"taxonomy":"product_tag","embeddable":true,"href":"https:\/\/roveyayinevi.com.tr\/index.php\/wp-json\/wp\/v2\/product_tag?post=768358"}],"curies":[{"name":"wp","href":"https:\/\/api.w.org\/{rel}","templated":true}]}}