{"id":768352,"date":"2025-08-28T13:17:43","date_gmt":"2025-08-28T10:17:43","guid":{"rendered":"https:\/\/roveyayinevi.com.tr\/index.php\/urun\/cambazli-kilisesi\/"},"modified":"2026-04-15T03:34:06","modified_gmt":"2026-04-15T00:34:06","slug":"cambazli-kilisesi","status":"publish","type":"product","link":"https:\/\/roveyayinevi.com.tr\/index.php\/urun\/cambazli-kilisesi\/","title":{"rendered":"Cambazl\u0131 Kilisesi"},"content":{"rendered":"<p>Seleucia ad Calycadnum b\u00f6lgesi (Mersin-Silifke) Ge\u00e7 Antik \u00c7a\u011f\u0131n \u00f6nemli yerle\u015fim birimlerinden biridir. B\u00f6lge Azize Thecla arac\u0131l\u0131\u011f\u0131 ile ad\u0131n\u0131 k\u0131sa s\u00fcre Ge\u00e7 Antik \u00c7a\u011f\u2019da duyurmaya ba\u015flam\u0131\u015ft\u0131r.  B\u00f6lge ayn\u0131 zamanda say\u0131s\u0131 bini ge\u00e7en kilise yap\u0131s\u0131yla H\u0131ristiyan d\u00fcnyas\u0131nda tart\u0131\u015fmas\u0131z \u00f6nemli bir konumda yer almaktad\u0131r. Bug\u00fcn Silifke\u2019nin kuzeyinde Toros Da\u011flar\u0131 \u00fczerinde yer alan Cambazl\u0131 Kilisesi Ge\u00e7 Antik \u00c7a\u011f\u2019dan g\u00fcn\u00fcm\u00fcze olduk\u00e7a sa\u011flam halde ula\u015fm\u0131\u015f yap\u0131lardan birisidir. Bu nedenle Cambazl\u0131 Kilisesi \u00f6nceki ara\u015ft\u0131rmac\u0131lar\u0131n dikkatini \u00e7ekmi\u015f ve konunun uzmanlar\u0131 b\u00f6lge \u00fczerine yapt\u0131klar\u0131 \u00e7al\u0131\u015fmalar\u0131nda s\u00f6z konusu yap\u0131ya da yer vermi\u015flerdir. Cambazl\u0131 Kilisesi Cilicia ve Isauria\u2019n\u0131n Ge\u00e7 Antik \u00c7a\u011f kiliselerinin mimari \u00f6zelliklerini ta\u015f\u0131rken, Constantinopolis (\u0130stanbul) ve Syria (Suriye) gibi yerlerin mimari baz\u0131 etkilerini g\u00f6stermesi bak\u0131m\u0131ndan da ilgi \u00e7ekicidir. Kitab\u0131m\u0131z, \u00f6nceki \u00e7al\u0131\u015fmalar\u0131 de\u011ferlendirerek, kilisenin mimari \u00f6zelliklerini ele almakta, detayl\u0131 g\u00f6rsel belgeleme ile konuyu okura sunmakta, tarihlendirme ile sonuca ula\u015fmakta ve elde edilen sonu\u00e7lar\u0131 tart\u0131\u015fmaktad\u0131r. \u00d6te yandan yazarlar\u0131n kiliseyi yerinde incelemeleri, yap\u0131y\u0131 daha ayr\u0131nt\u0131l\u0131 ele almay\u0131 m\u00fcmk\u00fcn k\u0131lm\u0131\u015ft\u0131r. \u00c7al\u0131\u015fmam\u0131z, Cilicia ve Isauria\u2019n\u0131n Ge\u00e7 Antik \u00c7a\u011f\u2019daki durumunu de\u011ferlendirirken, kilisenin s\u00f6z konusu d\u00f6nemdeki konumunu okura olabildi\u011fince geni\u015f bir bak\u0131\u015f a\u00e7\u0131s\u0131 ile sunmaktad\u0131r. Bu y\u00f6n\u00fc ile kitab\u0131m\u0131z, Cambazl\u0131 Kilisesi\u2019ni kapsaml\u0131 bir inceleme neticesinde bilimsel bir yay\u0131n haline getiren ilk \u00e7al\u0131\u015fmad\u0131r. <\/p>\n","protected":false},"excerpt":{"rendered":"<p>Seleucia ad Calycadnum b\u00f6lgesi (Mersin-Silifke) Ge\u00e7 Antik \u00c7a\u011f\u0131n \u00f6nemli yerle\u015fim birimlerinden biridir. B\u00f6lge Azize Thecla arac\u0131l\u0131\u011f\u0131 ile ad\u0131n\u0131 k\u0131sa s\u00fcre Ge\u00e7 Antik \u00c7a\u011f\u2019da duyurmaya ba\u015flam\u0131\u015ft\u0131r. B\u00f6lge<span class=\"excerpt-hellip\"> [\u2026]<\/span><\/p>\n","protected":false},"featured_media":0,"template":"","meta":{"_monsterinsights_skip_tracking":false,"_monsterinsights_sitenote_active":false,"_monsterinsights_sitenote_note":"","_monsterinsights_sitenote_category":0},"product_brand":[],"product_cat":[52477,52478],"product_tag":[],"class_list":{"0":"post-768352","1":"product","2":"type-product","3":"status-publish","5":"product_cat-arastirma","6":"product_cat-arkeoloji","7":"pa_cilt-ciltsiz","8":"pa_tur-kitap","9":"pa_yayinevi-bilgin-kultur-sanat","10":"pa_yazar-zafercan-ozturk-yavuz-yegin-murat-ozyildirim","12":"first","13":"instock","14":"sale","15":"shipping-taxable","16":"purchasable","17":"product-type-simple"},"_links":{"self":[{"href":"https:\/\/roveyayinevi.com.tr\/index.php\/wp-json\/wp\/v2\/product\/768352","targetHints":{"allow":["GET"]}}],"collection":[{"href":"https:\/\/roveyayinevi.com.tr\/index.php\/wp-json\/wp\/v2\/product"}],"about":[{"href":"https:\/\/roveyayinevi.com.tr\/index.php\/wp-json\/wp\/v2\/types\/product"}],"wp:attachment":[{"href":"https:\/\/roveyayinevi.com.tr\/index.php\/wp-json\/wp\/v2\/media?parent=768352"}],"wp:term":[{"taxonomy":"product_brand","embeddable":true,"href":"https:\/\/roveyayinevi.com.tr\/index.php\/wp-json\/wp\/v2\/product_brand?post=768352"},{"taxonomy":"product_cat","embeddable":true,"href":"https:\/\/roveyayinevi.com.tr\/index.php\/wp-json\/wp\/v2\/product_cat?post=768352"},{"taxonomy":"product_tag","embeddable":true,"href":"https:\/\/roveyayinevi.com.tr\/index.php\/wp-json\/wp\/v2\/product_tag?post=768352"}],"curies":[{"name":"wp","href":"https:\/\/api.w.org\/{rel}","templated":true}]}}