{"id":768350,"date":"2025-08-28T13:17:40","date_gmt":"2025-08-28T10:17:40","guid":{"rendered":"https:\/\/roveyayinevi.com.tr\/index.php\/urun\/siyah-beyaz-cingirakli-kitaplar-renkler-ciltli\/"},"modified":"2026-04-15T03:34:06","modified_gmt":"2026-04-15T00:34:06","slug":"siyah-beyaz-cingirakli-kitaplar-renkler-ciltli","status":"publish","type":"product","link":"https:\/\/roveyayinevi.com.tr\/index.php\/urun\/siyah-beyaz-cingirakli-kitaplar-renkler-ciltli\/","title":{"rendered":"Siyah Beyaz \u00c7\u0131ng\u0131rakl\u0131 Kitaplar &#8211; Renkler (Ciltli)"},"content":{"rendered":"<p>Bu Y\u00fcksek Kontrastl\u0131 Siyah Beyaz Kitaplar\u0131 Okuyun Ve \u00c7\u0131ng\u0131rdat\u0131n!Bebe\u011finiz i\u00e7in hem e\u011flenceli hem de \u00f6\u011fretici bir kitap ar\u0131yorsan\u0131z, 0-18 ayl\u0131k bebekler i\u00e7in tasarlanm\u0131\u015f \u00c7\u0131ng\u0131rakl\u0131 Kitaplar tam size g\u00f6re! Bu kitaplar, miniklerin hayal d\u00fcnyas\u0131n\u0131 zenginle\u015ftirirken ayn\u0131 zamanda onlar\u0131n motor becerilerini geli\u015ftirmelerine de yard\u0131mc\u0131 oluyor. Her sayfada, Siyah-Beyaz, Y\u00fcksek Kontrastl\u0131 ve dikkat \u00e7ekici \u00e7izimler, e\u011flenceli \u00e7\u0131ng\u0131rak sesleriyle birle\u015fiyor. Bu sayede \u00e7ocuklar, okuma s\u00fcrecine aktif bir \u015fekilde kat\u0131labiliyorlar. \u00c7\u0131ng\u0131rakl\u0131 Kitaplar, sadece g\u00f6rsel de\u011fil, i\u015fitsel bir deneyim de sunuyor. Kitab\u0131 her a\u00e7t\u0131klar\u0131nda \u00e7\u0131kan \u00e7\u0131ng\u0131rak sesi sayesinde minikler hem e\u011flenecek hem de odaklanma yeteneklerini geli\u015ftirecekler. Ayn\u0131 zamanda temel kavramlar hakk\u0131nda bilgi sahibi olmalar\u0131 da olduk\u00e7a kolay olacak; renkler, kelimeler, hayvanlar, ta\u015f\u0131tlar ve daha pek \u00e7ok \u015fey&#8230; Her sayfa, \u00f6\u011frenmeye dair yeni bir ke\u015fif sunuyor. \u00d6zellikleri:Bebe\u011finizin dikkat yetisini kuvvetlendirir.Bebe\u011finizi temel kavramlar\u0131 \u00f6\u011frenme konusunda destekler.Bebe\u011finizin i\u015fitsel ve duyusal geli\u015fimini destekler<\/p>\n","protected":false},"excerpt":{"rendered":"<p>Bu Y\u00fcksek Kontrastl\u0131 Siyah Beyaz Kitaplar\u0131 Okuyun Ve \u00c7\u0131ng\u0131rdat\u0131n!Bebe\u011finiz i\u00e7in hem e\u011flenceli hem de \u00f6\u011fretici bir kitap ar\u0131yorsan\u0131z, 0-18 ayl\u0131k bebekler i\u00e7in tasarlanm\u0131\u015f \u00c7\u0131ng\u0131rakl\u0131 Kitaplar tam<span class=\"excerpt-hellip\"> [\u2026]<\/span><\/p>\n","protected":false},"featured_media":0,"template":"","meta":{"_monsterinsights_skip_tracking":false,"_monsterinsights_sitenote_active":false,"_monsterinsights_sitenote_note":"","_monsterinsights_sitenote_category":0},"product_brand":[],"product_cat":[12274,15842],"product_tag":[],"class_list":{"0":"post-768350","1":"product","2":"type-product","3":"status-publish","5":"product_cat-cocuk-ve-genclik-kitaplari","6":"product_cat-egitici-kitaplar","7":"pa_cilt-ciltli","8":"pa_tur-kitap","9":"pa_yayinevi-ucan-fil-yayinlari","10":"pa_yazar-kolektif","12":"first","13":"instock","14":"sale","15":"shipping-taxable","16":"purchasable","17":"product-type-simple"},"_links":{"self":[{"href":"https:\/\/roveyayinevi.com.tr\/index.php\/wp-json\/wp\/v2\/product\/768350","targetHints":{"allow":["GET"]}}],"collection":[{"href":"https:\/\/roveyayinevi.com.tr\/index.php\/wp-json\/wp\/v2\/product"}],"about":[{"href":"https:\/\/roveyayinevi.com.tr\/index.php\/wp-json\/wp\/v2\/types\/product"}],"wp:attachment":[{"href":"https:\/\/roveyayinevi.com.tr\/index.php\/wp-json\/wp\/v2\/media?parent=768350"}],"wp:term":[{"taxonomy":"product_brand","embeddable":true,"href":"https:\/\/roveyayinevi.com.tr\/index.php\/wp-json\/wp\/v2\/product_brand?post=768350"},{"taxonomy":"product_cat","embeddable":true,"href":"https:\/\/roveyayinevi.com.tr\/index.php\/wp-json\/wp\/v2\/product_cat?post=768350"},{"taxonomy":"product_tag","embeddable":true,"href":"https:\/\/roveyayinevi.com.tr\/index.php\/wp-json\/wp\/v2\/product_tag?post=768350"}],"curies":[{"name":"wp","href":"https:\/\/api.w.org\/{rel}","templated":true}]}}