{"id":768348,"date":"2025-08-28T13:17:36","date_gmt":"2025-08-28T10:17:36","guid":{"rendered":"https:\/\/roveyayinevi.com.tr\/index.php\/urun\/gozumun-nuru-namaz\/"},"modified":"2026-04-15T03:34:06","modified_gmt":"2026-04-15T00:34:06","slug":"gozumun-nuru-namaz","status":"publish","type":"product","link":"https:\/\/roveyayinevi.com.tr\/index.php\/urun\/gozumun-nuru-namaz\/","title":{"rendered":"G\u00f6z\u00fcm\u00fcn Nuru Namaz"},"content":{"rendered":"<p>HAYRET, GAR\u0130P ve \u00c7OK VAH\u0130MD\u0130R K\u0130; SINAVI ka\u00e7\u0131rd\u0131\u011f\u0131 i\u00e7in A\u011eLAYAN \u00e7ok var. Fakat NAMAZI ka\u00e7\u0131rd\u0131\u011f\u0131 i\u00e7in A\u011eLAYAN hi\u00e7 yok! Oysa NAMAZ, en \u00f6nemli bir SINAV de\u011fil mi?.. \u00c2hiret yolculu\u011fumuzun ve Sonsuz, S\u0131n\u0131rs\u0131z olan EBED\u00ce Hayat\u0131m\u0131z\u0131n OLMAZSA OLMAZI, Cennet hay\u00e2t\u0131n\u0131n \u015eARTI ve vesilesi olan NAMAZ, Maalesef en \u00e7ok hafife al\u0131nan, en \u00e7ok ihm\u00e2l edilen, hatt\u00e2 En \u00e7ok \u0130SY\u00c2N edilen bir G\u00d6REV h\u00e2line gelmi\u015ftir. \u0130\u015fte BU M\u00fctevaz\u0131 K\u0130TAPTA; \u0130nsanl\u0131k \u00e2leminin yo\u011fun me\u015fguliyetlerinden kurtulup, Y\u00fcce Rabbimizin en \u00d6NEML\u0130 EMR\u0130 olan NAMAZI, Allah\u2019\u0131n cc Huz\u00fbrundaym\u0131\u015f gibi a\u015fkla, \u015fevkle, heyecan ve ulv\u00ee bir HAZ ile k\u0131labilmenin temellerini, \u00d6N HAZIRLIKLARINI ve \u0130l\u00e2h\u00ee FORM\u00dcLLER\u0130N\u0130 derledik. Onlarca \u00e2yetlerde \u201cNAMAZI DOSDO\u011eRU KILIN\u201d \u0130l\u00e2h\u00ee emrine En uygun ed\u00e2 edilmesinin prensiplerini de takdirlerinize sunuyoruz. TAKD\u0130M bizden, TAKD\u0130R sizden, Tevf\u00eek ve \u0130na\u00e2yet Y\u00fcce Rabbimizdendir. BU K\u0130TABI, siz sat\u0131n al\u0131p payla\u015fmazsan\u0131z, sevdikleriniz bu ger\u00e7ekleri nereden \u00f6\u011frenecek? Sevdikleriniz bunlar\u0131 \u00f6\u011frenmezse, acaba onlara kimler, neleri \u00f6\u011fretecek?.. \u0130Y\u0130 D\u00dc\u015e\u00dcN\u00dcNZ?..<\/p>\n","protected":false},"excerpt":{"rendered":"<p>HAYRET, GAR\u0130P ve \u00c7OK VAH\u0130MD\u0130R K\u0130; SINAVI ka\u00e7\u0131rd\u0131\u011f\u0131 i\u00e7in A\u011eLAYAN \u00e7ok var. Fakat NAMAZI ka\u00e7\u0131rd\u0131\u011f\u0131 i\u00e7in A\u011eLAYAN hi\u00e7 yok! Oysa NAMAZ, en \u00f6nemli bir SINAV de\u011fil<span class=\"excerpt-hellip\"> [\u2026]<\/span><\/p>\n","protected":false},"featured_media":0,"template":"","meta":{"_monsterinsights_skip_tracking":false,"_monsterinsights_sitenote_active":false,"_monsterinsights_sitenote_note":"","_monsterinsights_sitenote_category":0},"product_brand":[],"product_cat":[12718],"product_tag":[],"class_list":{"0":"post-768348","1":"product","2":"type-product","3":"status-publish","5":"product_cat-din","6":"pa_cilt-ciltsiz","7":"pa_tur-kitap","8":"pa_yayinevi-foliant-yayinlari","9":"pa_yazar-a-raif-ozturk","11":"first","12":"instock","13":"sale","14":"shipping-taxable","15":"purchasable","16":"product-type-simple"},"_links":{"self":[{"href":"https:\/\/roveyayinevi.com.tr\/index.php\/wp-json\/wp\/v2\/product\/768348","targetHints":{"allow":["GET"]}}],"collection":[{"href":"https:\/\/roveyayinevi.com.tr\/index.php\/wp-json\/wp\/v2\/product"}],"about":[{"href":"https:\/\/roveyayinevi.com.tr\/index.php\/wp-json\/wp\/v2\/types\/product"}],"wp:attachment":[{"href":"https:\/\/roveyayinevi.com.tr\/index.php\/wp-json\/wp\/v2\/media?parent=768348"}],"wp:term":[{"taxonomy":"product_brand","embeddable":true,"href":"https:\/\/roveyayinevi.com.tr\/index.php\/wp-json\/wp\/v2\/product_brand?post=768348"},{"taxonomy":"product_cat","embeddable":true,"href":"https:\/\/roveyayinevi.com.tr\/index.php\/wp-json\/wp\/v2\/product_cat?post=768348"},{"taxonomy":"product_tag","embeddable":true,"href":"https:\/\/roveyayinevi.com.tr\/index.php\/wp-json\/wp\/v2\/product_tag?post=768348"}],"curies":[{"name":"wp","href":"https:\/\/api.w.org\/{rel}","templated":true}]}}