{"id":768346,"date":"2025-08-28T13:17:34","date_gmt":"2025-08-28T10:17:34","guid":{"rendered":"https:\/\/roveyayinevi.com.tr\/index.php\/urun\/uhud-kerbela-gazze\/"},"modified":"2026-04-15T03:34:06","modified_gmt":"2026-04-15T00:34:06","slug":"uhud-kerbela-gazze","status":"publish","type":"product","link":"https:\/\/roveyayinevi.com.tr\/index.php\/urun\/uhud-kerbela-gazze\/","title":{"rendered":"Uhud Kerbela Gazze"},"content":{"rendered":"<p>Olaylar\u0131n zahirine yani d\u0131\u015f g\u00f6r\u00fcn\u00fc\u015f\u00fcne tak\u0131l\u0131p, perde arkas\u0131ndaki ilahi hikmet boyutunu anlamazsak, yanl\u0131\u015f kararlar verip \u00fcmitsizli\u011fe d\u00fc\u015febiliriz. Y\u00fcce kitab\u0131m\u0131z Kur\u2019an-\u0131 Kerim, bize bu ger\u00e7e\u011fi \u015f\u00f6yle ifade etmi\u015ftir: \u201cSava\u015f, ho\u015funuza gitmese de \u00fczerinize yaz\u0131ld\u0131. Olur ki, siz bir \u015feyden ho\u015flanmazs\u0131n\u0131z; oysa o, hakk\u0131n\u0131zda hay\u0131rl\u0131d\u0131r. Olur ki, siz bir \u015feyi seversiniz; ama o, sizin hakk\u0131n\u0131zda bir \u015ferdir. Allah bilir, siz bilmezsiniz.\u201d (Bakara Suresi Ayet 216) Hikmetini anlayamad\u0131\u011f\u0131m\u0131z bir\u00e7ok olayda yarad\u0131l\u0131\u015f\u0131n s\u0131rr\u0131n\u0131 \u00e7\u00f6zemedi\u011fimiz i\u00e7in, a\u015f\u0131r\u0131 \u00fcz\u00fcnt\u00fc, \u00fcmitsizlik, kadere itiraz ve ilahi takdiri tenkit etmek gibi vartalara d\u00fc\u015fmekteyiz. Hastal\u0131k ve musibetler kar\u015f\u0131s\u0131nda metin ve sab\u0131rl\u0131 olman\u0131n yolu, her hadisenin mutlaka ilahi hikmet boyutunun oldu\u011funa inanmam\u0131za ba\u011fl\u0131d\u0131r. Bu kitapta ba\u015fta Uhud, Kerbela, Gazze gibi bir\u00e7ok \u00fcz\u00fcc\u00fc olay\u0131n ilahi hikmet boyutlar\u0131n\u0131 okuyup \u00e7ok farkl\u0131 bir bak\u0131\u015f a\u00e7\u0131s\u0131na sahip olacaks\u0131n\u0131z.<\/p>\n","protected":false},"excerpt":{"rendered":"<p>Olaylar\u0131n zahirine yani d\u0131\u015f g\u00f6r\u00fcn\u00fc\u015f\u00fcne tak\u0131l\u0131p, perde arkas\u0131ndaki ilahi hikmet boyutunu anlamazsak, yanl\u0131\u015f kararlar verip \u00fcmitsizli\u011fe d\u00fc\u015febiliriz. Y\u00fcce kitab\u0131m\u0131z Kur\u2019an-\u0131 Kerim, bize bu ger\u00e7e\u011fi \u015f\u00f6yle ifade<span class=\"excerpt-hellip\"> [\u2026]<\/span><\/p>\n","protected":false},"featured_media":0,"template":"","meta":{"_monsterinsights_skip_tracking":false,"_monsterinsights_sitenote_active":false,"_monsterinsights_sitenote_note":"","_monsterinsights_sitenote_category":0},"product_brand":[],"product_cat":[12718,12719,18109],"product_tag":[],"class_list":{"0":"post-768346","1":"product","2":"type-product","3":"status-publish","5":"product_cat-din","6":"product_cat-islam","7":"product_cat-islam-tarihi","8":"pa_cilt-ciltsiz","9":"pa_tur-kitap","10":"pa_yayinevi-foliant-yayinlari","11":"pa_yazar-nurettin-taskesen","13":"first","14":"instock","15":"sale","16":"shipping-taxable","17":"purchasable","18":"product-type-simple"},"_links":{"self":[{"href":"https:\/\/roveyayinevi.com.tr\/index.php\/wp-json\/wp\/v2\/product\/768346","targetHints":{"allow":["GET"]}}],"collection":[{"href":"https:\/\/roveyayinevi.com.tr\/index.php\/wp-json\/wp\/v2\/product"}],"about":[{"href":"https:\/\/roveyayinevi.com.tr\/index.php\/wp-json\/wp\/v2\/types\/product"}],"wp:attachment":[{"href":"https:\/\/roveyayinevi.com.tr\/index.php\/wp-json\/wp\/v2\/media?parent=768346"}],"wp:term":[{"taxonomy":"product_brand","embeddable":true,"href":"https:\/\/roveyayinevi.com.tr\/index.php\/wp-json\/wp\/v2\/product_brand?post=768346"},{"taxonomy":"product_cat","embeddable":true,"href":"https:\/\/roveyayinevi.com.tr\/index.php\/wp-json\/wp\/v2\/product_cat?post=768346"},{"taxonomy":"product_tag","embeddable":true,"href":"https:\/\/roveyayinevi.com.tr\/index.php\/wp-json\/wp\/v2\/product_tag?post=768346"}],"curies":[{"name":"wp","href":"https:\/\/api.w.org\/{rel}","templated":true}]}}