{"id":768341,"date":"2025-08-28T13:17:26","date_gmt":"2025-08-28T10:17:26","guid":{"rendered":"https:\/\/roveyayinevi.com.tr\/index.php\/urun\/cumhuriyet-donemi-devlet-maliyesi\/"},"modified":"2026-04-15T03:34:06","modified_gmt":"2026-04-15T00:34:06","slug":"cumhuriyet-donemi-devlet-maliyesi","status":"publish","type":"product","link":"https:\/\/roveyayinevi.com.tr\/index.php\/urun\/cumhuriyet-donemi-devlet-maliyesi\/","title":{"rendered":"Cumhuriyet D\u00f6nemi Devlet Maliyesi"},"content":{"rendered":"<p>\u00b7         CUMHUR\u0130YET D\u00d6NEM\u0130 SANAY\u0130LE\u015eME POL\u0130T\u0130KALARI (1923-1939) 1923-2023   \u00b7         D\u00d6NEM\u0130NDE T\u00dcRK\u0130YE\u2019DE KAMU MAL\u0130YES\u0130 ALANINDA ULUSLARARASI YAYIN \u00dcRET\u0130M\u0130N\u0130N DE\u011eERLEND\u0130R\u0130LMES\u0130   \u00b7         T\u00dcRK\u0130YE CUMHUR\u0130YET\u0130 ASKER\u0130 DARBELER VE EKONOM\u0130K KR\u0130ZLER TAR\u0130H\u0130: EKONOM\u0130 POL\u0130T\u0130K ANAL\u0130Z   \u00b7         CUMHUR\u0130YET\u0130N KURULU\u015eUNDAN G\u00dcN\u00dcM\u00dcZE KAMU B\u00dcT\u00c7E S\u0130STEM\u0130NDEK\u0130 REFORMLAR   \u00b7         B\u0130TMEYEN TARTI\u015eMA: GEL\u0130R \u00dcZER\u0130NDEN ALINAN VERG\u0130LERDE REFORM \u00c7ABALARI   \u00b7         CUMHUR\u0130YET\u0130N 100 YILINDA KAMU BANKACILI\u011eI   \u00b7         CUMHUR\u0130YET\u0130N EKONOM\u0130K \u0130ST\u0130KRAR SORUNU   \u00b7         T\u00dcRK VERG\u0130 S\u0130STEM\u0130N\u0130N D\u00d6N\u00dcM NOKTALARI   \u00b7         TARIMDA KAMU G\u0130R\u0130\u015e\u0130MC\u0130L\u0130\u011e\u0130: ATAT\u00dcRK ORMAN \u00c7\u0130FTL\u0130\u011e\u0130   \u00b7         \u0130THALAT \u0130HT\u0130YACINDAN \u0130HRACATA: SAVUNMA SANAY\u0130\u0130 HARCAMALARI PERSPEKT\u0130F\u0130NDEN DEVLET\u0130N BEKA MESELES\u0130   \u00b7         T\u00dcRK\u0130YE CUMHUR\u0130YET\u0130\u2019NDE DEVLET\u0130N YOKSULLUKLA M\u00dcCADELES\u0130: MAL\u0130YE POL\u0130T\u0130KASI, SOSYAL YARDIM VE SOSYAL YARDIMLA\u015eMA   \u00b7         CUMHUR\u0130YET\u0130N VERG\u0130 \u0130DARES\u0130: HARA\u00c7 DA\u0130RES\u0130NDEN D\u0130J\u0130TAL VERG\u0130 DA\u0130RES\u0130NE   \u00b7         T\u00dcRK\u0130YE\u2019DE MAL\u0130YE B\u0130L\u0130M\u0130N\u0130N GEL\u0130\u015e\u0130M\u0130NE DA\u0130R S\u00d6YLE\u015e\u0130LER   \u00b7         PARA VE BOR\u00c7LANMA KONUSUNDA \u201cEKS\u0130K B\u0130LG\u0130\u201d -OSMANLIDAN G\u00dcN\u00dcM\u00dcZE B\u0130R DE\u011eERLEND\u0130RME-   \u00b7         T\u00dcRK\u0130YE\u2019DE DEPREM GER\u00c7E\u011e\u0130 \u0130LE Y\u00dcZLE\u015eMEK: DEPREMLE M\u00dcCADELEDE MAL\u0130YE POL\u0130T\u0130KASI TEDB\u0130RLER\u0130   \u00b7         \u201cCAM EV\u2019\u0130N\u201d \u0130N\u015eA S\u00dcREC\u0130: OPAKLIK VE SAYDAMLIK ARASINDA T\u00dcRK KAMU MAL\u0130 S\u0130STEM\u0130   <\/p>\n","protected":false},"excerpt":{"rendered":"<p>\u00b7 CUMHUR\u0130YET D\u00d6NEM\u0130 SANAY\u0130LE\u015eME POL\u0130T\u0130KALARI (1923-1939) 1923-2023 \u00b7 D\u00d6NEM\u0130NDE T\u00dcRK\u0130YE\u2019DE KAMU MAL\u0130YES\u0130 ALANINDA ULUSLARARASI YAYIN \u00dcRET\u0130M\u0130N\u0130N DE\u011eERLEND\u0130R\u0130LMES\u0130 \u00b7 T\u00dcRK\u0130YE CUMHUR\u0130YET\u0130 ASKER\u0130 DARBELER VE EKONOM\u0130K KR\u0130ZLER TAR\u0130H\u0130:<span class=\"excerpt-hellip\"> [\u2026]<\/span><\/p>\n","protected":false},"featured_media":0,"template":"","meta":{"_monsterinsights_skip_tracking":false,"_monsterinsights_sitenote_active":false,"_monsterinsights_sitenote_note":"","_monsterinsights_sitenote_category":0},"product_brand":[],"product_cat":[13043,14144],"product_tag":[],"class_list":{"0":"post-768341","1":"product","2":"type-product","3":"status-publish","5":"product_cat-ekonomi","6":"product_cat-turkiye-ekonomisi","7":"pa_cilt-ciltsiz","8":"pa_tur-kitap","9":"pa_yayinevi-gazi-kitabevi","10":"pa_yazar-kolektif","12":"first","13":"instock","14":"sale","15":"shipping-taxable","16":"purchasable","17":"product-type-simple"},"_links":{"self":[{"href":"https:\/\/roveyayinevi.com.tr\/index.php\/wp-json\/wp\/v2\/product\/768341","targetHints":{"allow":["GET"]}}],"collection":[{"href":"https:\/\/roveyayinevi.com.tr\/index.php\/wp-json\/wp\/v2\/product"}],"about":[{"href":"https:\/\/roveyayinevi.com.tr\/index.php\/wp-json\/wp\/v2\/types\/product"}],"wp:attachment":[{"href":"https:\/\/roveyayinevi.com.tr\/index.php\/wp-json\/wp\/v2\/media?parent=768341"}],"wp:term":[{"taxonomy":"product_brand","embeddable":true,"href":"https:\/\/roveyayinevi.com.tr\/index.php\/wp-json\/wp\/v2\/product_brand?post=768341"},{"taxonomy":"product_cat","embeddable":true,"href":"https:\/\/roveyayinevi.com.tr\/index.php\/wp-json\/wp\/v2\/product_cat?post=768341"},{"taxonomy":"product_tag","embeddable":true,"href":"https:\/\/roveyayinevi.com.tr\/index.php\/wp-json\/wp\/v2\/product_tag?post=768341"}],"curies":[{"name":"wp","href":"https:\/\/api.w.org\/{rel}","templated":true}]}}