{"id":768340,"date":"2025-08-28T13:17:25","date_gmt":"2025-08-28T10:17:25","guid":{"rendered":"https:\/\/roveyayinevi.com.tr\/index.php\/urun\/guvence-denetim-standartlari-teori-ve-uygulamalar\/"},"modified":"2026-04-15T03:34:06","modified_gmt":"2026-04-15T00:34:06","slug":"guvence-denetim-standartlari-teori-ve-uygulamalar","status":"publish","type":"product","link":"https:\/\/roveyayinevi.com.tr\/index.php\/urun\/guvence-denetim-standartlari-teori-ve-uygulamalar\/","title":{"rendered":"Gu\u0308vence Denetim Standartlar\u0131: Teori Ve Uygulamalar"},"content":{"rendered":"<p>\u00b7             \u00b7         \u0130\u00e7indekiler :   \u00b7         S\u00dcRD\u00dcR\u00dcLEB\u0130L\u0130RL\u0130K KAVRAMI VE S\u00dcRD\u00dcR\u00dcLEB\u0130L\u0130RL\u0130K RAPORLAMASI   \u00b7         G\u00dcVENCE DENET\u0130M\u0130 ALANINDA YAPILAN \u00c7ALI\u015eMALARIN B\u0130BL\u0130YOMETR\u0130K ANAL\u0130Z\u0130: WEB OF SCIENCE \u00d6RNE\u011e\u0130   \u00b7         GDS 3000 \u2013 TAR\u0130H\u0130 F\u0130NANSAL B\u0130LG\u0130LER\u0130N BA\u011eIMSIZ DENET\u0130M\u0130 VEYA SINIRLI BA\u011eIMSIZ DENET\u0130M\u0130 DI\u015eINDAK\u0130 G\u00dcVENCE DENET\u0130MLER\u0130 VE DENET\u0130M S\u00dcREC\u0130   \u00b7         GDS 3400 \u2013 \u0130LER\u0130YE Y\u00d6NEL\u0130K F\u0130NANSAL B\u0130LG\u0130LER\u0130N \u0130NCELENMES\u0130   \u00b7         GDS 3402 \u2013 H\u0130ZMET KURULU\u015eUNDAK\u0130 KONTROLLERE \u0130L\u0130\u015eK\u0130N G\u00dcVENCE RAPORLARI VE DENET\u0130M S\u00dcREC\u0130   \u00b7         GDS 3410 \u2013 SERA GAZI BEYANLARINA \u0130L\u0130\u015eK\u0130N G\u00dcVENCE DENET\u0130MLER\u0130 VE DENET\u0130M S\u00dcREC\u0130: T\u00dcRK BANKACILIK SEKT\u00d6R\u00dc \u00dcZER\u0130NE B\u0130R DE\u011eERLEND\u0130RME       \u00b7         GDS 3420 \u2013 B\u0130R \u0130ZAHNAMEDE YER ALAN PROFORMA F\u0130NANSAL B\u0130LG\u0130LER\u0130N DERLENMES\u0130NE \u0130L\u0130\u015eK\u0130N RAPORLAMA YAPMAK \u00dcZERE \u00dcSTLEN\u0130LEN G\u00dcVENCE DENET\u0130MLER\u0130 VE DENET\u0130M S\u00dcREC\u0130   \u00b7         AA1000AS KAPSAMINDA GER\u00c7EKLE\u015eT\u0130R\u0130LEN G\u00dcVENCE H\u0130ZMETLER\u0130: G\u00dcNCEL RAPORLAR \u00dcZER\u0130NDEN B\u0130R ARA\u015eTIRMA   \u00b7         \u201cA\u201d ULUSLARARASI BA\u011eIMSIZ DENET\u0130M A.\u015e. SORUMLU TEDAR\u0130K Z\u0130NC\u0130R\u0130 G\u00dcVENCE DENET\u0130M\u0130NE \u0130L\u0130\u015eK\u0130N \u00d6RNEK UYGULAMA   \u00b7         T\u00dcRK\u0130YE\u2019DE G\u00dcVENCE DENET\u0130M\u0130 UYGULAMALARI: B\u0130ST UYGULAMASI   <\/p>\n","protected":false},"excerpt":{"rendered":"<p>\u00b7 \u00b7 \u0130\u00e7indekiler : \u00b7 S\u00dcRD\u00dcR\u00dcLEB\u0130L\u0130RL\u0130K KAVRAMI VE S\u00dcRD\u00dcR\u00dcLEB\u0130L\u0130RL\u0130K RAPORLAMASI \u00b7 G\u00dcVENCE DENET\u0130M\u0130 ALANINDA YAPILAN \u00c7ALI\u015eMALARIN B\u0130BL\u0130YOMETR\u0130K ANAL\u0130Z\u0130: WEB OF SCIENCE \u00d6RNE\u011e\u0130 \u00b7 GDS 3000 \u2013<span class=\"excerpt-hellip\"> [\u2026]<\/span><\/p>\n","protected":false},"featured_media":0,"template":"","meta":{"_monsterinsights_skip_tracking":false,"_monsterinsights_sitenote_active":false,"_monsterinsights_sitenote_note":"","_monsterinsights_sitenote_category":0},"product_brand":[],"product_cat":[14841,13043],"product_tag":[],"class_list":{"0":"post-768340","1":"product","2":"type-product","3":"status-publish","5":"product_cat-arastirma-inceleme-kuram","6":"product_cat-ekonomi","7":"pa_cilt-ciltsiz","8":"pa_tur-kitap","9":"pa_yayinevi-gazi-kitabevi","10":"pa_yazar-kolektif","12":"first","13":"instock","14":"sale","15":"shipping-taxable","16":"purchasable","17":"product-type-simple"},"_links":{"self":[{"href":"https:\/\/roveyayinevi.com.tr\/index.php\/wp-json\/wp\/v2\/product\/768340","targetHints":{"allow":["GET"]}}],"collection":[{"href":"https:\/\/roveyayinevi.com.tr\/index.php\/wp-json\/wp\/v2\/product"}],"about":[{"href":"https:\/\/roveyayinevi.com.tr\/index.php\/wp-json\/wp\/v2\/types\/product"}],"wp:attachment":[{"href":"https:\/\/roveyayinevi.com.tr\/index.php\/wp-json\/wp\/v2\/media?parent=768340"}],"wp:term":[{"taxonomy":"product_brand","embeddable":true,"href":"https:\/\/roveyayinevi.com.tr\/index.php\/wp-json\/wp\/v2\/product_brand?post=768340"},{"taxonomy":"product_cat","embeddable":true,"href":"https:\/\/roveyayinevi.com.tr\/index.php\/wp-json\/wp\/v2\/product_cat?post=768340"},{"taxonomy":"product_tag","embeddable":true,"href":"https:\/\/roveyayinevi.com.tr\/index.php\/wp-json\/wp\/v2\/product_tag?post=768340"}],"curies":[{"name":"wp","href":"https:\/\/api.w.org\/{rel}","templated":true}]}}