{"id":768339,"date":"2025-08-28T13:17:23","date_gmt":"2025-08-28T10:17:23","guid":{"rendered":"https:\/\/roveyayinevi.com.tr\/index.php\/urun\/varolussal-fizik\/"},"modified":"2026-04-15T03:34:06","modified_gmt":"2026-04-15T00:34:06","slug":"varolussal-fizik","status":"publish","type":"product","link":"https:\/\/roveyayinevi.com.tr\/index.php\/urun\/varolussal-fizik\/","title":{"rendered":"Varolu\u015fsal Fizik"},"content":{"rendered":"<p>\u015eu an evrenin k\u00f6kenini a\u00e7\u0131klayam\u0131yoruz, g\u00fcn\u00fcn birinde a\u00e7\u0131klayaca\u011f\u0131m\u0131z da ku\u015fkuludur. Sabine Hossenfelder\u2019e g\u00f6re kuantum dolan\u0131kl\u0131\u011f\u0131 ve vakum enerjisinin alternatif \u015fifac\u0131lar\u0131n ba\u015fvurdu\u011fu a\u00e7\u0131klamalar haline gelmesi veya insanlar\u0131n kuantum mekani\u011fi arac\u0131l\u0131\u011f\u0131yla, \u00f6len b\u00fcy\u00fckannelerinin h\u00e2l\u00e2 ya\u015fad\u0131\u011f\u0131na inanmas\u0131 bir rastlant\u0131 de\u011fildir. Bilim ve dinin k\u00f6kenleri de sorular\u0131 da ortakt\u0131r: Nereden geliyoruz? Nereye gidiyoruz? Bu sorular\u0131 yan\u0131tlamaya en yak\u0131n bilim alan\u0131 fiziktir. Son y\u00fczy\u0131lda, fizik\u00e7iler hangi tinselci fikirlerin do\u011fa yasalar\u0131yla uyumlulu\u011funu s\u00fcrd\u00fcrd\u00fc\u011f\u00fc konusunda \u00e7ok \u015fey \u00f6\u011frendiler. Ancak tart\u0131\u015fmalar\u0131n her zaman bilimsel taraf\u0131nda kalmad\u0131lar: Ge\u00e7mi\u015f varl\u0131\u011f\u0131n\u0131 s\u00fcrd\u00fcr\u00fcyor mu? Par\u00e7ac\u0131klar d\u00fc\u015f\u00fcn\u00fcr m\u00fc? Evren bizim i\u00e7in mi yarat\u0131ld\u0131? Bir her \u015feyin kuram\u0131 olacak m\u0131? Hossenfelder, fizik\u00e7ilerin bu sorular\u0131 yan\u0131tlama yolunda ne \u00f6l\u00e7\u00fcde ilerledi\u011fini ve hangi sorular\u0131n sonsuza dek pek\u00e2l\u00e2 yan\u0131ts\u0131z kalabilece\u011fini ortaya koyuyor. \u201cHossenfelder, fizik\u00e7i meslekta\u015flar\u0131n\u0131n \u00e7o\u011funun bilimsel d\u00fc\u015f\u00fcncelerine spek\u00fclasyon ve inan\u00e7 katma konusunda teologlar ve new age mistikler kadar su\u00e7lu olduklar\u0131n\u0131 iddia ederek herkesi \u015fa\u015f\u0131rt\u0131yor. Ama d\u00fcnyan\u0131n kayg\u0131lar\u0131 ile fizi\u011fin \u015fa\u015f\u0131rt\u0131c\u0131 karma\u015f\u0131kl\u0131\u011f\u0131 aras\u0131nda k\u00f6pr\u00fc kurabilen herkes biraz \u015f\u0131mart\u0131lmay\u0131 hak etmi\u015ftir.\u201d \u2013The Wall Street Journal \u201cBu ay\u0131n en e\u011flenceli kitab\u0131n\u0131n bilim hakk\u0131nda olmas\u0131n\u0131 beklemiyor olabilirsiniz. \u00dcnl\u00fc fizik\u00e7i Hossenfelder konusunu iyi a\u00e7\u0131klamakla kalm\u0131yor; ayn\u0131 zamanda okurlar\u0131, bilim ile maneviyat aras\u0131nda ba\u011flant\u0131 kurmaya te\u015fvik ediyor.\u201d \u2013Los Angeles Times \u201cOkurlar\u0131 al\u0131\u015f\u0131lagelmi\u015f varsay\u0131mlar\u0131n \u00f6tesine ge\u00e7meye te\u015fvik ediyor ve bunu yaparken de e\u011flendirmekten geri kalm\u0131yor. Bilimd\u0131\u015f\u0131 g\u00f6r\u00fc\u015fleri bilimsel olanlardan ay\u0131rarak, ya\u015fam\u0131n b\u00fcy\u00fck sorular\u0131n\u0131 yan\u0131tlamada bilimin s\u0131n\u0131rlar\u0131n\u0131 belirlemeye yard\u0131mc\u0131 oluyor.\u201d \u2013Science Magazine<\/p>\n","protected":false},"excerpt":{"rendered":"<p>\u015eu an evrenin k\u00f6kenini a\u00e7\u0131klayam\u0131yoruz, g\u00fcn\u00fcn birinde a\u00e7\u0131klayaca\u011f\u0131m\u0131z da ku\u015fkuludur. Sabine Hossenfelder\u2019e g\u00f6re kuantum dolan\u0131kl\u0131\u011f\u0131 ve vakum enerjisinin alternatif \u015fifac\u0131lar\u0131n ba\u015fvurdu\u011fu a\u00e7\u0131klamalar haline gelmesi veya insanlar\u0131n<span class=\"excerpt-hellip\"> [\u2026]<\/span><\/p>\n","protected":false},"featured_media":0,"template":"","meta":{"_monsterinsights_skip_tracking":false,"_monsterinsights_sitenote_active":false,"_monsterinsights_sitenote_note":"","_monsterinsights_sitenote_category":0},"product_brand":[],"product_cat":[13005,37328],"product_tag":[],"class_list":{"0":"post-768339","1":"product","2":"type-product","3":"status-publish","5":"product_cat-bilim-muhendislik","6":"product_cat-diger-bilim-muhendislik","7":"pa_cilt-ciltsiz","8":"pa_tur-kitap","9":"pa_yayinevi-alfa-yayinlari","10":"pa_yazar-sabine-hossenfelder","12":"first","13":"instock","14":"sale","15":"shipping-taxable","16":"purchasable","17":"product-type-simple"},"_links":{"self":[{"href":"https:\/\/roveyayinevi.com.tr\/index.php\/wp-json\/wp\/v2\/product\/768339","targetHints":{"allow":["GET"]}}],"collection":[{"href":"https:\/\/roveyayinevi.com.tr\/index.php\/wp-json\/wp\/v2\/product"}],"about":[{"href":"https:\/\/roveyayinevi.com.tr\/index.php\/wp-json\/wp\/v2\/types\/product"}],"wp:attachment":[{"href":"https:\/\/roveyayinevi.com.tr\/index.php\/wp-json\/wp\/v2\/media?parent=768339"}],"wp:term":[{"taxonomy":"product_brand","embeddable":true,"href":"https:\/\/roveyayinevi.com.tr\/index.php\/wp-json\/wp\/v2\/product_brand?post=768339"},{"taxonomy":"product_cat","embeddable":true,"href":"https:\/\/roveyayinevi.com.tr\/index.php\/wp-json\/wp\/v2\/product_cat?post=768339"},{"taxonomy":"product_tag","embeddable":true,"href":"https:\/\/roveyayinevi.com.tr\/index.php\/wp-json\/wp\/v2\/product_tag?post=768339"}],"curies":[{"name":"wp","href":"https:\/\/api.w.org\/{rel}","templated":true}]}}