{"id":768337,"date":"2025-08-28T13:17:19","date_gmt":"2025-08-28T10:17:19","guid":{"rendered":"https:\/\/roveyayinevi.com.tr\/index.php\/urun\/katip-bartleby-9\/"},"modified":"2026-04-15T03:34:06","modified_gmt":"2026-04-15T00:34:06","slug":"katip-bartleby-9","status":"publish","type":"product","link":"https:\/\/roveyayinevi.com.tr\/index.php\/urun\/katip-bartleby-9\/","title":{"rendered":"Katip Bartleby"},"content":{"rendered":"<p>On dokuzuncu y\u00fczy\u0131l Amerikan edebiyat\u0131n\u0131n en \u00fcnl\u00fc uzun hik\u00e2yelerinden biridir K\u00e2tip Bartleby.   Wall Street\u2019teki bir hukuk b\u00fcrosunun sahibi olan bir hukuk adam\u0131, ihtiya\u00e7 nedeniyle yeni bir k\u00e2tibi i\u015fe al\u0131r. B\u00f6ylece o g\u00fcne de\u011fin tan\u0131d\u0131\u011f\u0131 k\u00e2tiplerin ve ki\u015filiklerin en tuhaf\u0131 Bartleby ile tan\u0131\u015f\u0131r\u2026   Bartleby kendisinden istenen i\u015fleri yapmamakta, bunun yerine \u201cYapmamay\u0131 tercih ederim\u201d cevab\u0131n\u0131 vererek kibarca yerine \u00e7ekilmektedir.   Avukat, Bartleby\u2019nin bu al\u0131\u015f\u0131lmad\u0131k tavr\u0131n\u0131n sebebini \u00e7\u00f6zmeye kararl\u0131d\u0131r\u2026 Bir insandan kopu\u015f hik\u00e2yesi olarak Katip Bartleby, duyuru\u015flar\u0131 kadar tahlilleriyle hala \u00e7arp\u0131c\u0131 bir eser olma vasf\u0131n\u0131 ya\u015fat\u0131yor.<\/p>\n","protected":false},"excerpt":{"rendered":"<p>On dokuzuncu y\u00fczy\u0131l Amerikan edebiyat\u0131n\u0131n en \u00fcnl\u00fc uzun hik\u00e2yelerinden biridir K\u00e2tip Bartleby. Wall Street\u2019teki bir hukuk b\u00fcrosunun sahibi olan bir hukuk adam\u0131, ihtiya\u00e7 nedeniyle yeni bir<span class=\"excerpt-hellip\"> [\u2026]<\/span><\/p>\n","protected":false},"featured_media":0,"template":"","meta":{"_monsterinsights_skip_tracking":false,"_monsterinsights_sitenote_active":false,"_monsterinsights_sitenote_note":"","_monsterinsights_sitenote_category":0},"product_brand":[],"product_cat":[12291,12711],"product_tag":[],"class_list":{"0":"post-768337","1":"product","2":"type-product","3":"status-publish","5":"product_cat-edebiyat","6":"product_cat-roman-oyku","7":"pa_cilt-ciltsiz","8":"pa_tur-kitap","9":"pa_yayinevi-kapi-yayinlari","10":"pa_yazar-herman-melville","12":"first","13":"instock","14":"sale","15":"shipping-taxable","16":"purchasable","17":"product-type-simple"},"_links":{"self":[{"href":"https:\/\/roveyayinevi.com.tr\/index.php\/wp-json\/wp\/v2\/product\/768337","targetHints":{"allow":["GET"]}}],"collection":[{"href":"https:\/\/roveyayinevi.com.tr\/index.php\/wp-json\/wp\/v2\/product"}],"about":[{"href":"https:\/\/roveyayinevi.com.tr\/index.php\/wp-json\/wp\/v2\/types\/product"}],"wp:attachment":[{"href":"https:\/\/roveyayinevi.com.tr\/index.php\/wp-json\/wp\/v2\/media?parent=768337"}],"wp:term":[{"taxonomy":"product_brand","embeddable":true,"href":"https:\/\/roveyayinevi.com.tr\/index.php\/wp-json\/wp\/v2\/product_brand?post=768337"},{"taxonomy":"product_cat","embeddable":true,"href":"https:\/\/roveyayinevi.com.tr\/index.php\/wp-json\/wp\/v2\/product_cat?post=768337"},{"taxonomy":"product_tag","embeddable":true,"href":"https:\/\/roveyayinevi.com.tr\/index.php\/wp-json\/wp\/v2\/product_tag?post=768337"}],"curies":[{"name":"wp","href":"https:\/\/api.w.org\/{rel}","templated":true}]}}