{"id":768336,"date":"2025-08-28T13:17:17","date_gmt":"2025-08-28T10:17:17","guid":{"rendered":"https:\/\/roveyayinevi.com.tr\/index.php\/urun\/fi-tarihinden-hikayeler\/"},"modified":"2026-04-15T03:34:06","modified_gmt":"2026-04-15T00:34:06","slug":"fi-tarihinden-hikayeler","status":"publish","type":"product","link":"https:\/\/roveyayinevi.com.tr\/index.php\/urun\/fi-tarihinden-hikayeler\/","title":{"rendered":"Fi Tarihinden Hikayeler"},"content":{"rendered":"<p>Kar\u0131n Cayiyen\u2019in kar\u0131ncalara kral oldu\u011fu, Bu Kalemun\u2019un nas\u0131l renkten renge girdi\u011fi, Pi Re ile Dino Zorlar\u0131n z\u0131plama yar\u0131s\u0131na tutu\u015ftu\u011fu \u015fa\u015f\u0131rt\u0131c\u0131 masallara dolu olan Fi Tarihinden Hik\u00e2yeler\u2019i okurken hem e\u011flenecek hem de Tabiat Ana\u2019ya daha yak\u0131ndan bakacaks\u0131n\u0131z. Filiz \u00d6zdem\u2019in \u00e7evirdi\u011fi, Flaminia Siciliano\u2019nun resimledi\u011fi T\u00fcrk\u00e7ede ilk kez yay\u0131mlanan_Fi Tarihinden Hik\u00e2yeler_her ya\u015ftan okuru masallar\u0131n b\u00fcy\u00fcl\u00fc yolculu\u011funa davet ediyor. Alberto Moravia\u2019n\u0131n tek gen\u00e7lik kitab\u0131, al\u0131\u015f\u0131lagelmi\u015f masallar\u0131n s\u0131n\u0131rlar\u0131n\u0131 hayal g\u00fcc\u00fcyle zorlarken sizleri mizah dolu bir anlat\u0131mla kucakl\u0131yor\u2026   Bundan bir milyon y\u0131l \u00f6nce Kutuplar\u2019da havan\u0131n \u00e7ok daha so\u011fuk oldu\u011funu bilmeniz laz\u0131m. S\u0131cakl\u0131k aniden s\u0131f\u0131r\u0131n alt\u0131nda bir milyon dereceye d\u00fc\u015f\u00fcyordu. B\u00f6ylesi bir so\u011fukta her \u015fey donuyordu. Hatta biri, \u201cNe berbat bir so\u011fuk!\u201d diye d\u00fc\u015f\u00fcnmeyeg\u00f6rs\u00fcn, hemen o saat kafas\u0131n\u0131n \u00fcst\u00fcnde bir buhar bulutu beliriyor ve i\u00e7inde keskin buzdan harflerle \u201cNe berbat bir so\u011fuk!\u201d yaz\u0131s\u0131 okunabiliyordu. <\/p>\n","protected":false},"excerpt":{"rendered":"<p>Kar\u0131n Cayiyen\u2019in kar\u0131ncalara kral oldu\u011fu, Bu Kalemun\u2019un nas\u0131l renkten renge girdi\u011fi, Pi Re ile Dino Zorlar\u0131n z\u0131plama yar\u0131s\u0131na tutu\u015ftu\u011fu \u015fa\u015f\u0131rt\u0131c\u0131 masallara dolu olan Fi Tarihinden Hik\u00e2yeler\u2019i<span class=\"excerpt-hellip\"> [\u2026]<\/span><\/p>\n","protected":false},"featured_media":0,"template":"","meta":{"_monsterinsights_skip_tracking":false,"_monsterinsights_sitenote_active":false,"_monsterinsights_sitenote_note":"","_monsterinsights_sitenote_category":0},"product_brand":[],"product_cat":[12274,12284],"product_tag":[],"class_list":{"0":"post-768336","1":"product","2":"type-product","3":"status-publish","5":"product_cat-cocuk-ve-genclik-kitaplari","6":"product_cat-hikayeler","7":"pa_cilt-ciltsiz","8":"pa_tur-kitap","9":"pa_yayinevi-everest-yayinlari","10":"pa_yazar-alberto-moravia","12":"first","13":"instock","14":"sale","15":"shipping-taxable","16":"purchasable","17":"product-type-simple"},"_links":{"self":[{"href":"https:\/\/roveyayinevi.com.tr\/index.php\/wp-json\/wp\/v2\/product\/768336","targetHints":{"allow":["GET"]}}],"collection":[{"href":"https:\/\/roveyayinevi.com.tr\/index.php\/wp-json\/wp\/v2\/product"}],"about":[{"href":"https:\/\/roveyayinevi.com.tr\/index.php\/wp-json\/wp\/v2\/types\/product"}],"wp:attachment":[{"href":"https:\/\/roveyayinevi.com.tr\/index.php\/wp-json\/wp\/v2\/media?parent=768336"}],"wp:term":[{"taxonomy":"product_brand","embeddable":true,"href":"https:\/\/roveyayinevi.com.tr\/index.php\/wp-json\/wp\/v2\/product_brand?post=768336"},{"taxonomy":"product_cat","embeddable":true,"href":"https:\/\/roveyayinevi.com.tr\/index.php\/wp-json\/wp\/v2\/product_cat?post=768336"},{"taxonomy":"product_tag","embeddable":true,"href":"https:\/\/roveyayinevi.com.tr\/index.php\/wp-json\/wp\/v2\/product_tag?post=768336"}],"curies":[{"name":"wp","href":"https:\/\/api.w.org\/{rel}","templated":true}]}}