{"id":768335,"date":"2025-08-28T13:17:16","date_gmt":"2025-08-28T10:17:16","guid":{"rendered":"https:\/\/roveyayinevi.com.tr\/index.php\/urun\/sosyal-boyutlariyla-spor\/"},"modified":"2026-04-15T03:34:06","modified_gmt":"2026-04-15T00:34:06","slug":"sosyal-boyutlariyla-spor","status":"publish","type":"product","link":"https:\/\/roveyayinevi.com.tr\/index.php\/urun\/sosyal-boyutlariyla-spor\/","title":{"rendered":"Sosyal Boyutlar\u0131yla Spor"},"content":{"rendered":"<p>\u00b7         K\u0130ML\u0130K VE SPOR   \u00b7         SOSYAL UYUM VE SPOR: G\u00d6\u00c7MEN POL\u0130T\u0130KALARINDA SPORUN ENTEGRASYON BOYUTU   \u00b7         SPOR VE MEDYA   \u00b7         SPOR VE TOPLUMSAL HAREKETLER: \u00c7ATI\u015eMALAR, D\u0130REN\u0130\u015eLER VE D\u00d6N\u00dc\u015e\u00dcMLER   \u00b7         SPORDA B\u0130L\u0130N\u00c7L\u0130 FARKINDALIK (MINDFULNESS) UYGULAMALARI   \u00b7         SPORUN SOSYAL \u0130\u015eLEVLER\u0130   \u00b7         SPORUN TOPLUMSAL VE SOSYAL FONKS\u0130YONLARI   \u00b7         &#8220;TOPLUMSAL YA\u015eAMDA: SPOR VE SOSYALLE\u015eME&#8221; <\/p>\n","protected":false},"excerpt":{"rendered":"<p>\u00b7 K\u0130ML\u0130K VE SPOR \u00b7 SOSYAL UYUM VE SPOR: G\u00d6\u00c7MEN POL\u0130T\u0130KALARINDA SPORUN ENTEGRASYON BOYUTU \u00b7 SPOR VE MEDYA \u00b7 SPOR VE TOPLUMSAL HAREKETLER: \u00c7ATI\u015eMALAR, D\u0130REN\u0130\u015eLER VE<span class=\"excerpt-hellip\"> [\u2026]<\/span><\/p>\n","protected":false},"featured_media":0,"template":"","meta":{"_monsterinsights_skip_tracking":false,"_monsterinsights_sitenote_active":false,"_monsterinsights_sitenote_note":"","_monsterinsights_sitenote_category":0},"product_brand":[],"product_cat":[15563,15564],"product_tag":[],"class_list":{"0":"post-768335","1":"product","2":"type-product","3":"status-publish","5":"product_cat-hobi","6":"product_cat-spor","7":"pa_cilt-ciltsiz","8":"pa_tur-kitap","9":"pa_yayinevi-gazi-kitabevi","10":"pa_yazar-kolektif","12":"first","13":"instock","14":"sale","15":"shipping-taxable","16":"purchasable","17":"product-type-simple"},"_links":{"self":[{"href":"https:\/\/roveyayinevi.com.tr\/index.php\/wp-json\/wp\/v2\/product\/768335","targetHints":{"allow":["GET"]}}],"collection":[{"href":"https:\/\/roveyayinevi.com.tr\/index.php\/wp-json\/wp\/v2\/product"}],"about":[{"href":"https:\/\/roveyayinevi.com.tr\/index.php\/wp-json\/wp\/v2\/types\/product"}],"wp:attachment":[{"href":"https:\/\/roveyayinevi.com.tr\/index.php\/wp-json\/wp\/v2\/media?parent=768335"}],"wp:term":[{"taxonomy":"product_brand","embeddable":true,"href":"https:\/\/roveyayinevi.com.tr\/index.php\/wp-json\/wp\/v2\/product_brand?post=768335"},{"taxonomy":"product_cat","embeddable":true,"href":"https:\/\/roveyayinevi.com.tr\/index.php\/wp-json\/wp\/v2\/product_cat?post=768335"},{"taxonomy":"product_tag","embeddable":true,"href":"https:\/\/roveyayinevi.com.tr\/index.php\/wp-json\/wp\/v2\/product_tag?post=768335"}],"curies":[{"name":"wp","href":"https:\/\/api.w.org\/{rel}","templated":true}]}}