{"id":768334,"date":"2025-08-28T13:17:15","date_gmt":"2025-08-28T10:17:15","guid":{"rendered":"https:\/\/roveyayinevi.com.tr\/index.php\/urun\/turk-sporunun-kulturel-ve-sosyal-dinamikleri\/"},"modified":"2026-04-15T03:34:06","modified_gmt":"2026-04-15T00:34:06","slug":"turk-sporunun-kulturel-ve-sosyal-dinamikleri","status":"publish","type":"product","link":"https:\/\/roveyayinevi.com.tr\/index.php\/urun\/turk-sporunun-kulturel-ve-sosyal-dinamikleri\/","title":{"rendered":"T\u00fcrk Sporunun K\u00fclt\u00fcrel Ve Sosyal Dinamikleri"},"content":{"rendered":"<p>B\u00d6L\u00dcM 1: GELENEKSEL SPORLARIMIZIN GE\u00c7M\u0130\u015eTEN G\u00dcN\u00dcM\u00dcZE TEZAH\u00dcR\u00dc       B\u00d6L\u00dcM 2: SPOR VE TOPLUM SA\u011eLI\u011eI \u0130L\u0130\u015eK\u0130S\u0130   B\u00d6L\u00dcM 3: GELENEKSEL T\u00dcRK SPOR Y\u00d6NET\u0130M\u0130 VE ORGAN\u0130ZASYON YAPISI   B\u00d6L\u00dcM 4: SPORUN EKONOM\u0130K ETK\u0130S\u0130 VE SPOR F\u0130NANSMANI   B\u00d6L\u00dcM 5: TOPLUMSAL C\u0130NS\u0130YET BA\u011eLAMINDA KADIN VE SPOR   B\u00d6L\u00dcM 6: SOSYO-EKONOM\u0130K VE S\u0130YASAL GEL\u0130\u015eMELER EKSEN\u0130NDE T\u00dcRK\u0130YE\u2019DE FUTBOL: KURULU\u015eUNDAN END\u00dcSTR\u0130YEL FUTBOLA     B\u00d6L\u00dcM 7: ULUSLARARASI \u0130L\u0130\u015eK\u0130LERDE EVRENSEL B\u0130R D\u0130L: SPOR D\u0130PLOMAS\u0130S\u0130 VE STRATEJ\u0130K YUMU\u015eAK G\u00dc\u00c7   B\u00d6L\u00dcM 8: BO\u011eAZ\u0130\u00c7\u0130 KITALARARASI Y\u00dcZME YARI\u015eI\u2019NIN GEL\u0130\u015e\u0130M S\u00dcREC\u0130: 1989-2003 <\/p>\n","protected":false},"excerpt":{"rendered":"<p>B\u00d6L\u00dcM 1: GELENEKSEL SPORLARIMIZIN GE\u00c7M\u0130\u015eTEN G\u00dcN\u00dcM\u00dcZE TEZAH\u00dcR\u00dc B\u00d6L\u00dcM 2: SPOR VE TOPLUM SA\u011eLI\u011eI \u0130L\u0130\u015eK\u0130S\u0130 B\u00d6L\u00dcM 3: GELENEKSEL T\u00dcRK SPOR Y\u00d6NET\u0130M\u0130 VE ORGAN\u0130ZASYON YAPISI B\u00d6L\u00dcM 4: SPORUN<span class=\"excerpt-hellip\"> [\u2026]<\/span><\/p>\n","protected":false},"featured_media":0,"template":"","meta":{"_monsterinsights_skip_tracking":false,"_monsterinsights_sitenote_active":false,"_monsterinsights_sitenote_note":"","_monsterinsights_sitenote_category":0},"product_brand":[],"product_cat":[15563,15564],"product_tag":[],"class_list":{"0":"post-768334","1":"product","2":"type-product","3":"status-publish","5":"product_cat-hobi","6":"product_cat-spor","7":"pa_cilt-ciltsiz","8":"pa_tur-kitap","9":"pa_yayinevi-gazi-kitabevi","10":"pa_yazar-kolektif","12":"first","13":"instock","14":"sale","15":"shipping-taxable","16":"purchasable","17":"product-type-simple"},"_links":{"self":[{"href":"https:\/\/roveyayinevi.com.tr\/index.php\/wp-json\/wp\/v2\/product\/768334","targetHints":{"allow":["GET"]}}],"collection":[{"href":"https:\/\/roveyayinevi.com.tr\/index.php\/wp-json\/wp\/v2\/product"}],"about":[{"href":"https:\/\/roveyayinevi.com.tr\/index.php\/wp-json\/wp\/v2\/types\/product"}],"wp:attachment":[{"href":"https:\/\/roveyayinevi.com.tr\/index.php\/wp-json\/wp\/v2\/media?parent=768334"}],"wp:term":[{"taxonomy":"product_brand","embeddable":true,"href":"https:\/\/roveyayinevi.com.tr\/index.php\/wp-json\/wp\/v2\/product_brand?post=768334"},{"taxonomy":"product_cat","embeddable":true,"href":"https:\/\/roveyayinevi.com.tr\/index.php\/wp-json\/wp\/v2\/product_cat?post=768334"},{"taxonomy":"product_tag","embeddable":true,"href":"https:\/\/roveyayinevi.com.tr\/index.php\/wp-json\/wp\/v2\/product_tag?post=768334"}],"curies":[{"name":"wp","href":"https:\/\/api.w.org\/{rel}","templated":true}]}}