{"id":768329,"date":"2025-08-28T13:17:04","date_gmt":"2025-08-28T10:17:04","guid":{"rendered":"https:\/\/roveyayinevi.com.tr\/index.php\/urun\/kadin-hikayelerini-anlatan-cagatayca-dini-bir-metin\/"},"modified":"2026-04-15T03:34:06","modified_gmt":"2026-04-15T00:34:06","slug":"kadin-hikayelerini-anlatan-cagatayca-dini-bir-metin","status":"publish","type":"product","link":"https:\/\/roveyayinevi.com.tr\/index.php\/urun\/kadin-hikayelerini-anlatan-cagatayca-dini-bir-metin\/","title":{"rendered":"Kad\u0131n Hikayelerini Anlatan \u00c7a\u011fatayca Dini Bir Metin"},"content":{"rendered":"<p>\u0130\u00e7indekiler :   \u00b7         Giri\u015f   \u00b7         Metin   \u00b7         Dizin   \u00b7         Kaynak\u00e7a <\/p>\n","protected":false},"excerpt":{"rendered":"<p>\u0130\u00e7indekiler : \u00b7 Giri\u015f \u00b7 Metin \u00b7 Dizin \u00b7 Kaynak\u00e7a<\/p>\n","protected":false},"featured_media":0,"template":"","meta":{"_monsterinsights_skip_tracking":false,"_monsterinsights_sitenote_active":false,"_monsterinsights_sitenote_note":"","_monsterinsights_sitenote_category":0},"product_brand":[],"product_cat":[18545,12291],"product_tag":[],"class_list":{"0":"post-768329","1":"product","2":"type-product","3":"status-publish","5":"product_cat-anlati","6":"product_cat-edebiyat","7":"pa_cilt-ciltsiz","8":"pa_tur-kitap","9":"pa_yayinevi-gazi-kitabevi","10":"pa_yazar-nesrin-gezici","12":"first","13":"instock","14":"sale","15":"shipping-taxable","16":"purchasable","17":"product-type-simple"},"_links":{"self":[{"href":"https:\/\/roveyayinevi.com.tr\/index.php\/wp-json\/wp\/v2\/product\/768329","targetHints":{"allow":["GET"]}}],"collection":[{"href":"https:\/\/roveyayinevi.com.tr\/index.php\/wp-json\/wp\/v2\/product"}],"about":[{"href":"https:\/\/roveyayinevi.com.tr\/index.php\/wp-json\/wp\/v2\/types\/product"}],"wp:attachment":[{"href":"https:\/\/roveyayinevi.com.tr\/index.php\/wp-json\/wp\/v2\/media?parent=768329"}],"wp:term":[{"taxonomy":"product_brand","embeddable":true,"href":"https:\/\/roveyayinevi.com.tr\/index.php\/wp-json\/wp\/v2\/product_brand?post=768329"},{"taxonomy":"product_cat","embeddable":true,"href":"https:\/\/roveyayinevi.com.tr\/index.php\/wp-json\/wp\/v2\/product_cat?post=768329"},{"taxonomy":"product_tag","embeddable":true,"href":"https:\/\/roveyayinevi.com.tr\/index.php\/wp-json\/wp\/v2\/product_tag?post=768329"}],"curies":[{"name":"wp","href":"https:\/\/api.w.org\/{rel}","templated":true}]}}