{"id":768327,"date":"2025-08-28T13:17:00","date_gmt":"2025-08-28T10:17:00","guid":{"rendered":"https:\/\/roveyayinevi.com.tr\/index.php\/urun\/muzip-matematik\/"},"modified":"2026-04-15T03:34:06","modified_gmt":"2026-04-15T00:34:06","slug":"muzip-matematik","status":"publish","type":"product","link":"https:\/\/roveyayinevi.com.tr\/index.php\/urun\/muzip-matematik\/","title":{"rendered":"Muzip Matematik"},"content":{"rendered":"<p>Bu muzip bir matematik yolculu\u011fu. Hem de say\u0131lar\u0131n d\u00fcnyas\u0131na\u2026 \u0130lk f\u0131rsatta bir matematik trenine atlay\u0131p vagonlardaki karpuzlar\u0131 sayman, matematik tarihinde kaybolup keyifli oyunlar\u0131n ipine tutunman gerekecek. Matematik yapman\u0131n keyifli, d\u00fc\u015f\u00fcnd\u00fcr\u00fcc\u00fc ve oyunla\u015ft\u0131r\u0131c\u0131 d\u00fcnyas\u0131na giri\u015f yapmak i\u00e7in do\u011fru kitab\u0131 eline ald\u0131n. G\u00f6revleri tamamlamaya haz\u0131r m\u0131s\u0131n? <\/p>\n","protected":false},"excerpt":{"rendered":"<p>Bu muzip bir matematik yolculu\u011fu. Hem de say\u0131lar\u0131n d\u00fcnyas\u0131na\u2026 \u0130lk f\u0131rsatta bir matematik trenine atlay\u0131p vagonlardaki karpuzlar\u0131 sayman, matematik tarihinde kaybolup keyifli oyunlar\u0131n ipine tutunman gerekecek.<span class=\"excerpt-hellip\"> [\u2026]<\/span><\/p>\n","protected":false},"featured_media":0,"template":"","meta":{"_monsterinsights_skip_tracking":false,"_monsterinsights_sitenote_active":false,"_monsterinsights_sitenote_note":"","_monsterinsights_sitenote_category":0},"product_brand":[],"product_cat":[12274,15842],"product_tag":[],"class_list":{"0":"post-768327","1":"product","2":"type-product","3":"status-publish","5":"product_cat-cocuk-ve-genclik-kitaplari","6":"product_cat-egitici-kitaplar","7":"pa_cilt-ciltsiz","8":"pa_tur-kitap","9":"pa_yayinevi-turkuvaz-kitap","10":"pa_yazar-safa-yilmaz","12":"first","13":"instock","14":"sale","15":"shipping-taxable","16":"purchasable","17":"product-type-simple"},"_links":{"self":[{"href":"https:\/\/roveyayinevi.com.tr\/index.php\/wp-json\/wp\/v2\/product\/768327","targetHints":{"allow":["GET"]}}],"collection":[{"href":"https:\/\/roveyayinevi.com.tr\/index.php\/wp-json\/wp\/v2\/product"}],"about":[{"href":"https:\/\/roveyayinevi.com.tr\/index.php\/wp-json\/wp\/v2\/types\/product"}],"wp:attachment":[{"href":"https:\/\/roveyayinevi.com.tr\/index.php\/wp-json\/wp\/v2\/media?parent=768327"}],"wp:term":[{"taxonomy":"product_brand","embeddable":true,"href":"https:\/\/roveyayinevi.com.tr\/index.php\/wp-json\/wp\/v2\/product_brand?post=768327"},{"taxonomy":"product_cat","embeddable":true,"href":"https:\/\/roveyayinevi.com.tr\/index.php\/wp-json\/wp\/v2\/product_cat?post=768327"},{"taxonomy":"product_tag","embeddable":true,"href":"https:\/\/roveyayinevi.com.tr\/index.php\/wp-json\/wp\/v2\/product_tag?post=768327"}],"curies":[{"name":"wp","href":"https:\/\/api.w.org\/{rel}","templated":true}]}}