{"id":768324,"date":"2025-08-28T13:16:53","date_gmt":"2025-08-28T10:16:53","guid":{"rendered":"https:\/\/roveyayinevi.com.tr\/index.php\/urun\/guncel-ekonomik-sorunlar-yaslilik-ekonomisi\/"},"modified":"2026-04-15T03:34:06","modified_gmt":"2026-04-15T00:34:06","slug":"guncel-ekonomik-sorunlar-yaslilik-ekonomisi","status":"publish","type":"product","link":"https:\/\/roveyayinevi.com.tr\/index.php\/urun\/guncel-ekonomik-sorunlar-yaslilik-ekonomisi\/","title":{"rendered":"G\u00fcncel Ekonomik Sorunlar : Ya\u015fl\u0131l\u0131k Ekonomisi"},"content":{"rendered":"<p>Teknoloji ve sa\u011fl\u0131k alan\u0131nda ya\u015fanan geli\u015fmeler, kentle\u015fme, d\u00fc\u015f\u00fck do\u011fum oranlar\u0131 ve aile yap\u0131lar\u0131n\u0131n de\u011fi\u015fmesi gibi sosyo-ekonomik fakt\u00f6rler ortalama ya\u015fam beklentilerini uzat\u0131rken, d\u00fcnyan\u0131n ortalama ya\u015f\u0131n\u0131 da s\u00fcrekli y\u00fckseltiyor. K\u0131saca ya\u015flanma olarak adland\u0131r\u0131lan bu ger\u00e7eklikten ka\u00e7\u0131nmak pek m\u00fcmk\u00fcn g\u00f6r\u00fcnm\u00fcyor. Buna kar\u015f\u0131n pek \u00e7ok alanda ya\u015flanman\u0131n getirece\u011fi sorunlara kar\u015f\u0131 \u00e7o\u011fu \u00fclke ve sekt\u00f6r\u00fcn haz\u0131r olmad\u0131\u011f\u0131 ger\u00e7e\u011finin alt\u0131n\u0131 \u00e7izmemiz gerekiyor. Ya\u015fl\u0131 n\u00fcfusun sa\u011fl\u0131k harcamalar\u0131n\u0131n finansman sorununun nas\u0131l \u00e7\u00f6z\u00fclece\u011fi, emeklilik fonlar\u0131n\u0131n ya\u015flanan n\u00fcfusun emeklilik giderlerini nas\u0131l kar\u015f\u0131layaca\u011f\u0131 gibi sorunlar daha \u015fimdiden gelecekle ilgili endi\u015feleri art\u0131rmaya yetiyor. K\u0131saca demografik de\u011fi\u015fimin getirece\u011fi sorunlara kamu ve \u00f6zel kesim taraf\u0131ndan yeterince odaklan\u0131lmad\u0131\u011f\u0131 a\u00e7\u0131k. Bu nedenle de duyulan endi\u015felerin hakl\u0131l\u0131k pay\u0131 olduk\u00e7a b\u00fcy\u00fck.   Bu \u00e7al\u0131\u015fmam\u0131zda ya\u015fl\u0131l\u0131k olgusuna dikkat \u00e7ekmek istedik. \u00c7\u00fcnk\u00fc T\u00fcrkiye\u2019de de n\u00fcfus h\u0131zla ya\u015flanmaya devam ediyor. Dolay\u0131s\u0131yla ya\u015flanman\u0131n getirdi\u011fi sorunlarla biz de artan oranda kar\u015f\u0131 kar\u015f\u0131ya kalmaya devam edece\u011fiz\u2026 \u0130\u00e7indekiler;   Ya\u015flanma ve Bak\u0131m Ekonomisi Sa\u011fl\u0131k Harcamalar\u0131n\u0131n Ekonomik ve Ya\u015flanan N\u00fcfus Dinamikleri: BRICS-T Perspektifi N\u00fcfus Ya\u015flan\u0131rken \u201cB\u00fcy\u00fcmeyen \u00c7ocuklar\u201d: Gen\u00e7 Yeti\u015fkinlerin Hayata At\u0131lmas\u0131n\u0131 Geciktiren Nedenler \u00dczerine D\u00fcnya ve T\u00fcrkiye\u2019de Ya\u015flanma G\u00fcm\u00fc\u015f Ekonomi Kavram\u0131 ve G\u00fcm\u00fc\u015f Ekonomiye Ge\u00e7i\u015fte Kullan\u0131labilecek Finansman Ara\u00e7lar\u0131 G\u00fcm\u00fc\u015f Ekonomi ve Kentle\u015fme Ya\u015flanan D\u00fcnya N\u00fcfusu ve Gelir Da\u011f\u0131l\u0131m\u0131 Ya\u015flanan N\u00fcfusun Etkileri: Maliye Politikas\u0131 ve Para Politikas\u0131n\u0131n Etkinli\u011fi \u00dczerine Bir De\u011ferlendirme Ya\u015fl\u0131 N\u00fcfus Art\u0131\u015f\u0131n\u0131n Sosyal G\u00fcvenlik Sistemine Etkisi: T\u00fcrkiye \u00dczerine Bir De\u011ferlendirme Akt\u00fcerya Bilimi ve Ya\u015flanma Ekonomisi \u00dczerine <\/p>\n","protected":false},"excerpt":{"rendered":"<p>Teknoloji ve sa\u011fl\u0131k alan\u0131nda ya\u015fanan geli\u015fmeler, kentle\u015fme, d\u00fc\u015f\u00fck do\u011fum oranlar\u0131 ve aile yap\u0131lar\u0131n\u0131n de\u011fi\u015fmesi gibi sosyo-ekonomik fakt\u00f6rler ortalama ya\u015fam beklentilerini uzat\u0131rken, d\u00fcnyan\u0131n ortalama ya\u015f\u0131n\u0131 da s\u00fcrekli<span class=\"excerpt-hellip\"> [\u2026]<\/span><\/p>\n","protected":false},"featured_media":0,"template":"","meta":{"_monsterinsights_skip_tracking":false,"_monsterinsights_sitenote_active":false,"_monsterinsights_sitenote_note":"","_monsterinsights_sitenote_category":0},"product_brand":[],"product_cat":[13043,14754],"product_tag":[],"class_list":{"0":"post-768324","1":"product","2":"type-product","3":"status-publish","5":"product_cat-ekonomi","6":"product_cat-halkla-iliskiler-insan-kaynaklari","7":"pa_cilt-ciltsiz","8":"pa_tur-kitap","9":"pa_yayinevi-literatur-yayinevi","10":"pa_yazar-kolektif","12":"first","13":"instock","14":"sale","15":"shipping-taxable","16":"purchasable","17":"product-type-simple"},"_links":{"self":[{"href":"https:\/\/roveyayinevi.com.tr\/index.php\/wp-json\/wp\/v2\/product\/768324","targetHints":{"allow":["GET"]}}],"collection":[{"href":"https:\/\/roveyayinevi.com.tr\/index.php\/wp-json\/wp\/v2\/product"}],"about":[{"href":"https:\/\/roveyayinevi.com.tr\/index.php\/wp-json\/wp\/v2\/types\/product"}],"wp:attachment":[{"href":"https:\/\/roveyayinevi.com.tr\/index.php\/wp-json\/wp\/v2\/media?parent=768324"}],"wp:term":[{"taxonomy":"product_brand","embeddable":true,"href":"https:\/\/roveyayinevi.com.tr\/index.php\/wp-json\/wp\/v2\/product_brand?post=768324"},{"taxonomy":"product_cat","embeddable":true,"href":"https:\/\/roveyayinevi.com.tr\/index.php\/wp-json\/wp\/v2\/product_cat?post=768324"},{"taxonomy":"product_tag","embeddable":true,"href":"https:\/\/roveyayinevi.com.tr\/index.php\/wp-json\/wp\/v2\/product_tag?post=768324"}],"curies":[{"name":"wp","href":"https:\/\/api.w.org\/{rel}","templated":true}]}}