{"id":768319,"date":"2025-08-28T13:16:43","date_gmt":"2025-08-28T10:16:43","guid":{"rendered":"https:\/\/roveyayinevi.com.tr\/index.php\/urun\/horoz-ile-inci-tanesi\/"},"modified":"2026-04-15T03:34:06","modified_gmt":"2026-04-15T00:34:06","slug":"horoz-ile-inci-tanesi","status":"publish","type":"product","link":"https:\/\/roveyayinevi.com.tr\/index.php\/urun\/horoz-ile-inci-tanesi\/","title":{"rendered":"Horoz ile \u0130nci Tanesi"},"content":{"rendered":"<p>\u201cKrilov resmedilmeye de\u011fer bir ifade tarz\u0131na sahipti.\u201d \u2014ALEKSANDR PU\u015eK\u0130N   \u0130van Krilov, Rus edebiyat\u0131n\u0131n en bu\u0308yu\u0308k fabl yazarlar\u0131ndan biri olarak tarihe ge\u00e7mi\u015ftir. Hayvanlar u\u0308zerinden toplumsal sorunlar\u0131 ele alan Krilov, eserlerinde ahlaki dersleri alayc\u0131 bir dille aktar\u0131r. Rus halk\u0131n\u0131n ku\u0308ltu\u0308rel dokusunu ve gu\u0308nlu\u0308k ya\u015fam\u0131n\u0131 ba\u015far\u0131yla yans\u0131tan yazar, Ezop ve La Fontaine gibi ustalardan ilham alsa da \u00f6zgu\u0308nlu\u0308\u011fu\u0308yle edebiyat du\u0308nyas\u0131nda kendine sa\u011flam bir yer edinmi\u015ftir.   Ku\u015faklar boyu hem \u00e7ocuklar\u0131n hem de yeti\u015fkinlerin ilgisini \u00e7ekmeye devam eden fabllar Krilov\u2019un e\u015fsiz tarz\u0131 ve Tar\u0131k Dursun K.\u2019n\u0131n Tu\u0308rk\u00e7e anlat\u0131m\u0131yla hem kalbinize dokunacak hem de akl\u0131n\u0131zda iz b\u0131rakacak. <\/p>\n","protected":false},"excerpt":{"rendered":"<p>\u201cKrilov resmedilmeye de\u011fer bir ifade tarz\u0131na sahipti.\u201d \u2014ALEKSANDR PU\u015eK\u0130N \u0130van Krilov, Rus edebiyat\u0131n\u0131n en bu\u0308yu\u0308k fabl yazarlar\u0131ndan biri olarak tarihe ge\u00e7mi\u015ftir. Hayvanlar u\u0308zerinden toplumsal sorunlar\u0131 ele<span class=\"excerpt-hellip\"> [\u2026]<\/span><\/p>\n","protected":false},"featured_media":0,"template":"","meta":{"_monsterinsights_skip_tracking":false,"_monsterinsights_sitenote_active":false,"_monsterinsights_sitenote_note":"","_monsterinsights_sitenote_category":0},"product_brand":[],"product_cat":[12291,12711],"product_tag":[],"class_list":{"0":"post-768319","1":"product","2":"type-product","3":"status-publish","5":"product_cat-edebiyat","6":"product_cat-roman-oyku","7":"pa_cilt-ciltsiz","8":"pa_tur-kitap","9":"pa_yayinevi-ithaki-yayinlari","10":"pa_yazar-ivan-krilov","12":"first","13":"instock","14":"sale","15":"shipping-taxable","16":"purchasable","17":"product-type-simple"},"_links":{"self":[{"href":"https:\/\/roveyayinevi.com.tr\/index.php\/wp-json\/wp\/v2\/product\/768319","targetHints":{"allow":["GET"]}}],"collection":[{"href":"https:\/\/roveyayinevi.com.tr\/index.php\/wp-json\/wp\/v2\/product"}],"about":[{"href":"https:\/\/roveyayinevi.com.tr\/index.php\/wp-json\/wp\/v2\/types\/product"}],"wp:attachment":[{"href":"https:\/\/roveyayinevi.com.tr\/index.php\/wp-json\/wp\/v2\/media?parent=768319"}],"wp:term":[{"taxonomy":"product_brand","embeddable":true,"href":"https:\/\/roveyayinevi.com.tr\/index.php\/wp-json\/wp\/v2\/product_brand?post=768319"},{"taxonomy":"product_cat","embeddable":true,"href":"https:\/\/roveyayinevi.com.tr\/index.php\/wp-json\/wp\/v2\/product_cat?post=768319"},{"taxonomy":"product_tag","embeddable":true,"href":"https:\/\/roveyayinevi.com.tr\/index.php\/wp-json\/wp\/v2\/product_tag?post=768319"}],"curies":[{"name":"wp","href":"https:\/\/api.w.org\/{rel}","templated":true}]}}