{"id":768317,"date":"2025-08-28T13:16:37","date_gmt":"2025-08-28T10:16:37","guid":{"rendered":"https:\/\/roveyayinevi.com.tr\/index.php\/urun\/gelecek-bakanligi\/"},"modified":"2026-04-15T03:34:05","modified_gmt":"2026-04-15T00:34:05","slug":"gelecek-bakanligi","status":"publish","type":"product","link":"https:\/\/roveyayinevi.com.tr\/index.php\/urun\/gelecek-bakanligi\/","title":{"rendered":"Gelecek Bakanl\u0131\u011f\u0131"},"content":{"rendered":"<p>\u201cDU\u0308NYANIN SONUNU HAYAL ETMEK KAP\u0130TAL\u0130ZM\u0130N SONUNU HAYAL ETMEKTEN DAHA KOLAYDI.\u201d   \u00c7a\u011fda\u015f bilimkurgunun \u00f6nemli ismi Kim Stanley Robinson\u2019dan \u015fimdiye kadar hayal edilmemi\u015f bir iklim de\u011fi\u015fikli\u011fi tasavvuru: Gelecek Bakanl\u0131\u011f\u0131.   2025 y\u0131l\u0131nda kurulan yeni organizasyonun amac\u0131 basitti: Du\u0308nyadaki canl\u0131lar\u0131 korumak ve gelecek nesillere ya\u015fanabilir bir du\u0308nya b\u0131rakmak. K\u0131sa su\u0308re sonra bu kurulu\u015f \u201cGelecek Bakanl\u0131\u011f\u0131\u201d ad\u0131n\u0131 alacakt\u0131.   Gelecek Bakanl\u0131\u011f\u0131, iklim de\u011fi\u015fikli\u011finin \u00f6nu\u0308mu\u0308zdeki on y\u0131llar boyunca insanl\u0131\u011f\u0131 nas\u0131l etkileyece\u011fini mu\u0308kemmel bir hik\u00e2yeyle birle\u015ftirerek anlatan bir \u201ciklimkurgu\u201d. K\u0131yamet sonras\u0131 bir du\u0308nyan\u0131n portresini \u00e7izmeden hem umutsuzlu\u011fa sevk eden hem de umut veren bir roman.   \u201cOkudu\u011fum en iyi bilimkurgu roman\u0131.\u201d \u2013Jonathan Lethem \u201cYak\u0131n gelecekteki Du\u0308nya\u2019ya cesur ve insanc\u0131l bir bak\u0131\u015f&#8230; Robinson, \u00e7evresel krizlerin ve jeomu\u0308hendislik projelerinin ger\u00e7ek ayr\u0131nt\u0131lar\u0131n\u0131, insanl\u0131\u011f\u0131n felaket kar\u015f\u0131s\u0131nda i\u015fbirli\u011fi yapma yetene\u011finin kapsaml\u0131 ve iyimser bir portresine ustal\u0131kla entegre ediyor. Bu bilimkurgu eseri, gezegenin gelece\u011fi hakk\u0131nda endi\u015felenen herkesin mutlaka okumas\u0131 gereken bir kitap.\u201d \u2013Publishers Weekly<\/p>\n","protected":false},"excerpt":{"rendered":"<p>\u201cDU\u0308NYANIN SONUNU HAYAL ETMEK KAP\u0130TAL\u0130ZM\u0130N SONUNU HAYAL ETMEKTEN DAHA KOLAYDI.\u201d \u00c7a\u011fda\u015f bilimkurgunun \u00f6nemli ismi Kim Stanley Robinson\u2019dan \u015fimdiye kadar hayal edilmemi\u015f bir iklim de\u011fi\u015fikli\u011fi tasavvuru: Gelecek<span class=\"excerpt-hellip\"> [\u2026]<\/span><\/p>\n","protected":false},"featured_media":0,"template":"","meta":{"_monsterinsights_skip_tracking":false,"_monsterinsights_sitenote_active":false,"_monsterinsights_sitenote_note":"","_monsterinsights_sitenote_category":0},"product_brand":[],"product_cat":[12540,12291],"product_tag":[],"class_list":{"0":"post-768317","1":"product","2":"type-product","3":"status-publish","5":"product_cat-bilim-kurgu","6":"product_cat-edebiyat","7":"pa_cilt-ciltsiz","8":"pa_tur-kitap","9":"pa_yayinevi-ithaki-yayinlari","10":"pa_yazar-kim-stanley-robinson","12":"first","13":"instock","14":"sale","15":"shipping-taxable","16":"purchasable","17":"product-type-simple"},"_links":{"self":[{"href":"https:\/\/roveyayinevi.com.tr\/index.php\/wp-json\/wp\/v2\/product\/768317","targetHints":{"allow":["GET"]}}],"collection":[{"href":"https:\/\/roveyayinevi.com.tr\/index.php\/wp-json\/wp\/v2\/product"}],"about":[{"href":"https:\/\/roveyayinevi.com.tr\/index.php\/wp-json\/wp\/v2\/types\/product"}],"wp:attachment":[{"href":"https:\/\/roveyayinevi.com.tr\/index.php\/wp-json\/wp\/v2\/media?parent=768317"}],"wp:term":[{"taxonomy":"product_brand","embeddable":true,"href":"https:\/\/roveyayinevi.com.tr\/index.php\/wp-json\/wp\/v2\/product_brand?post=768317"},{"taxonomy":"product_cat","embeddable":true,"href":"https:\/\/roveyayinevi.com.tr\/index.php\/wp-json\/wp\/v2\/product_cat?post=768317"},{"taxonomy":"product_tag","embeddable":true,"href":"https:\/\/roveyayinevi.com.tr\/index.php\/wp-json\/wp\/v2\/product_tag?post=768317"}],"curies":[{"name":"wp","href":"https:\/\/api.w.org\/{rel}","templated":true}]}}